{"id":14,"date":"2022-05-24T14:57:58","date_gmt":"2022-05-24T14:57:58","guid":{"rendered":"https:\/\/startersites.io\/blocksy\/barber-shop\/?page_id=14"},"modified":"2026-02-13T20:04:02","modified_gmt":"2026-02-13T19:04:02","slug":"about","status":"publish","type":"page","link":"http:\/\/alumno08.shopenlaces.com.es\/alumno08wp\/?page_id=14","title":{"rendered":"Sobre nosotros"},"content":{"rendered":"\n<div class=\"wp-block-stackable-image stk-block-image stk-block stk-440508c\" data-block-id=\"440508c\"><style>.stk-440508c {margin-bottom:0px !important;}<\/style><figure><span class=\"stk-img-wrapper stk-image--shape-stretch\"><img loading=\"lazy\" decoding=\"async\" class=\"stk-img wp-image-987\" src=\"http:\/\/alumno08.shopenlaces.com.es\/alumno08wp\/wp-content\/uploads\/2026\/02\/NUESTRA-HISTORIA.png\" width=\"1707\" height=\"610\" srcset=\"http:\/\/alumno08.shopenlaces.com.es\/alumno08wp\/wp-content\/uploads\/2026\/02\/NUESTRA-HISTORIA.png 1707w, http:\/\/alumno08.shopenlaces.com.es\/alumno08wp\/wp-content\/uploads\/2026\/02\/NUESTRA-HISTORIA-300x107.png 300w, http:\/\/alumno08.shopenlaces.com.es\/alumno08wp\/wp-content\/uploads\/2026\/02\/NUESTRA-HISTORIA-1024x366.png 1024w, http:\/\/alumno08.shopenlaces.com.es\/alumno08wp\/wp-content\/uploads\/2026\/02\/NUESTRA-HISTORIA-768x274.png 768w, http:\/\/alumno08.shopenlaces.com.es\/alumno08wp\/wp-content\/uploads\/2026\/02\/NUESTRA-HISTORIA-1536x549.png 1536w\" sizes=\"auto, (max-width: 1707px) 100vw, 1707px\" \/><\/span><\/figure><\/div>\n\n\n\n<div class=\"wp-block-stackable-columns stk-block-columns stk-block stk-15a816e stk-block-background alignfull stk--has-background-overlay\" data-block-id=\"15a816e\"><style>.stk-15a816e {background-color:var(--theme-palette-color-8, #ffffff) !important;background-image:url(http:\/\/alumno08.shopenlaces.com.es\/alumno08wp\/wp-content\/uploads\/2022\/05\/lines-background.svg) !important;max-width:1437px !important;min-width:auto !important;padding-top:100px !important;padding-bottom:100px !important;margin-bottom:0px !important;}.stk-15a816e:before{background-color:var(--theme-palette-color-8, #ffffff) !important;opacity:0.4 !important;}.stk-15a816e-column{max-width:1122px !important;min-width:auto !important;--stk-column-gap:100px !important;row-gap:50px !important;}@media screen and (max-width:999px){.stk-15a816e {padding-top:60px !important;padding-bottom:60px !important;}}<\/style><div class=\"stk-row stk-inner-blocks has-text-align-left stk-block-content stk-content-align stk-15a816e-column\">\n<div class=\"wp-block-stackable-column stk-block-column stk-column stk-block stk-9579468\" data-v=\"4\" data-block-id=\"9579468\"><style>.stk-9579468-container{margin-top:0px !important;margin-right:0px !important;margin-bottom:0px !important;margin-left:0px !important;}<\/style><div class=\"stk-column-wrapper stk-block-column__content stk-container stk-9579468-container stk--no-background stk--no-padding\"><div class=\"stk-block-content stk-inner-blocks stk-9579468-inner-blocks\">\n<p>Nuestra papeler\u00eda nace de una idea sencilla, pero muy clara desde el primer d\u00eda: ofrecer materiales de papeler\u00eda de calidad que acompa\u00f1en el estudio, el trabajo y la creatividad en el d\u00eda a d\u00eda. Comenzamos como un peque\u00f1o negocio local, con una tienda f\u00edsica creada con mucho esfuerzo, ilusi\u00f3n y horas de dedicaci\u00f3n, apostando por la cercan\u00eda, el trato personalizado y el conocimiento real de cada producto que ponemos en nuestras estanter\u00edas. Nuestra tienda f\u00edsica abri\u00f3 en 2021.<\/p>\n\n\n\n<p>Desde el principio entendimos que cada cliente tiene una necesidad distinta: estudiantes en busca de material escolar fiable, profesionales que requieren soluciones pr\u00e1cticas para su oficina, o personas creativas que ven en la papeler\u00eda una forma de expresarse. Escuchar, aconsejar y adaptarnos a cada caso se convirti\u00f3 en una de nuestras se\u00f1as de identidad. Con el paso del tiempo, y gracias a la confianza de nuestros clientes, el proyecto fue creciendo. Las nuevas demandas y los cambios en la forma de comprar nos impulsaron a dar un paso m\u00e1s y abrir nuestra tienda online. Este salto al entorno digital naci\u00f3 con un objetivo muy claro: acercar nuestros productos y servicios a m\u00e1s personas, sin perder la esencia de la atenci\u00f3n cercana y personalizada que siempre nos ha definido.<\/p>\n\n\n\n<p>Creemos firmemente que la papeler\u00eda es mucho m\u00e1s que papel y bol\u00edgrafos. Es una herramienta fundamental para aprender, crear, organizar ideas y dar forma a proyectos personales y profesionales. Por eso seleccionamos cuidadosamente cada art\u00edculo que ofrecemos, buscando siempre la mejor relaci\u00f3n entre calidad, funcionalidad y precio. <\/p>\n\n\n\n<div class=\"wp-block-stackable-feature stk-block-feature stk-block stk-421dd55 is-style-default\" data-v=\"2\" data-block-id=\"421dd55\"><style>.stk-421dd55 {--stk-feature-flex-wrap:nowrap !important;margin-bottom:0px !important;}<\/style><div class=\"stk-content-align stk-421dd55-column stk-container stk-421dd55-container stk--no-background stk--no-padding\"><div class=\"stk-inner-blocks stk-block-content stk-row\">\n<div class=\"wp-block-stackable-column stk-block-column stk-column stk-block stk-1df0590\" data-v=\"4\" data-block-id=\"1df0590\"><style>.stk-1df0590 {align-self:center !important;}@media screen and (min-width:690px){.stk-1df0590 {flex:var(--stk-flex-grow, 1) 1 calc(62.19999999999999% - var(--stk-column-gap, 0px) * 1 \/ 2 ) !important;}}<\/style><div class=\"stk-column-wrapper stk-block-column__content stk-container stk-1df0590-container stk--no-background stk--no-padding\"><div class=\"stk-block-content stk-inner-blocks stk-1df0590-inner-blocks\">\n<div class=\"wp-block-stackable-heading stk-block-heading stk-block-heading--v2 stk-block stk-0be4d90\" id=\"apertura-en-2021\" data-block-id=\"0be4d90\"><style>.stk-0be4d90 {margin-bottom:0px !important;}<\/style><h2 class=\"stk-block-heading__text\">Apertura en 2021<\/h2><\/div>\n\n\n\n<div class=\"wp-block-stackable-text stk-block-text stk-block stk-42437e9\" data-block-id=\"42437e9\"><p class=\"stk-block-text__text\">En febrero de 2021 dimos nuestro primer y muy importante paso en nuestro camino con la apertura de nuestra tienda f\u00edsica. Fue un momento clave para nosotros, ya que supuso hacer realidad un proyecto construido con esfuerzo, ilusi\u00f3n y muchas ganas de ofrecer un servicio cercano y de confianza. Desde ese primer d\u00eda, la tienda se convirti\u00f3 en un punto de encuentro para estudiantes, profesionales y vecinos, donde no solo pod\u00edan encontrar material de papeler\u00eda de calidad, sino tambi\u00e9n asesoramiento personalizado y un trato cercano. La apertura en 2021 marc\u00f3 el inicio de una etapa de crecimiento, aprendizaje y consolidaci\u00f3n, sentando las bases de lo que hoy es nuestra papeler\u00eda. Tras la experiencia y el crecimiento de nuestra tienda f\u00edsica, en mayo de 2023 dimos un nuevo paso en nuestra historia con la apertura de nuestra tienda online. Esta decisi\u00f3n naci\u00f3 de la necesidad de adaptarnos a nuevas formas de compra y de responder a las peticiones de muchos clientes que quer\u00edan acceder a nuestros productos desde cualquier lugar. La tienda online nos permiti\u00f3 ampliar nuestro alcance sin renunciar a los valores con los que comenzamos en febrero de 2021: confianza y atenci\u00f3n personalizada. De esta manera, combinamos el trato directo de la tienda f\u00edsica con la comodidad del entorno digital, ofreciendo una experiencia de compra m\u00e1s completa, \u00e1gil y accesible.<\/p><\/div>\n<\/div><\/div><\/div>\n\n\n\n<div class=\"wp-block-stackable-column stk-block-column stk-column stk-block stk-a699a76\" data-v=\"4\" data-block-id=\"a699a76\"><style>.stk-a699a76 {align-self:center !important;}@media screen and (min-width:690px){.stk-a699a76 {flex:var(--stk-flex-grow, 1) 1 calc(37.80000000000001% - var(--stk-column-gap, 0px) * 1 \/ 2 ) !important;}}<\/style><div class=\"stk-column-wrapper stk-block-column__content stk-container stk-a699a76-container stk--no-background stk--no-padding\"><div class=\"stk-block-content stk-inner-blocks stk-a699a76-inner-blocks\">\n<div class=\"wp-block-stackable-image stk-block-image stk-block stk-3a76205\" data-block-id=\"3a76205\"><figure><span class=\"stk-img-wrapper stk-image--shape-stretch\"><img loading=\"lazy\" decoding=\"async\" class=\"stk-img wp-image-923\" src=\"http:\/\/alumno08.shopenlaces.com.es\/alumno08wp\/wp-content\/uploads\/2026\/02\/ChatGPT-Image-4-feb-2026-16_09_31-1.png\" width=\"1024\" height=\"1536\" srcset=\"http:\/\/alumno08.shopenlaces.com.es\/alumno08wp\/wp-content\/uploads\/2026\/02\/ChatGPT-Image-4-feb-2026-16_09_31-1.png 1024w, http:\/\/alumno08.shopenlaces.com.es\/alumno08wp\/wp-content\/uploads\/2026\/02\/ChatGPT-Image-4-feb-2026-16_09_31-1-200x300.png 200w, http:\/\/alumno08.shopenlaces.com.es\/alumno08wp\/wp-content\/uploads\/2026\/02\/ChatGPT-Image-4-feb-2026-16_09_31-1-683x1024.png 683w, http:\/\/alumno08.shopenlaces.com.es\/alumno08wp\/wp-content\/uploads\/2026\/02\/ChatGPT-Image-4-feb-2026-16_09_31-1-768x1152.png 768w\" sizes=\"auto, (max-width: 1024px) 100vw, 1024px\" \/><\/span><\/figure><\/div>\n<\/div><\/div><\/div>\n<\/div><\/div><\/div>\n\n\n\n<p>Hoy, nuestra papeler\u00eda es el resultado de un camino construido paso a paso, desde la apertura de la tienda f\u00edsica en 2021 hasta la expansi\u00f3n al entorno digital en 2023. Combinamos la experiencia y el trato humano de nuestra tienda f\u00edsica con la comodidad y accesibilidad del entorno digital. Ofrecemos material escolar, de oficina, creativo y especializado, adem\u00e1s de servicios de impresi\u00f3n y copiado. Seguimos trabajando con la misma ilusi\u00f3n, cercan\u00eda y compromiso que nos impulsaron desde el principio, adapt\u00e1ndonos a los cambios sin perder nuestra esencia. Miramos al futuro con ganas de seguir creciendo, mejorando y acompa\u00f1ando a nuestros clientes en cada proyecto, idea o necesidad, manteniendo siempre la calidad y el trato humano que nos define.<\/p>\n<\/div><\/div><\/div>\n<\/div><\/div>\n\n\n\n<div class=\"wp-block-stackable-columns alignfull stk-block-columns stk-block stk-1755bb9 stk-block-background\" data-block-id=\"1755bb9\"><style>.stk-1755bb9 {background-color:#aacce4 !important;margin-bottom:0px !important;}.stk-1755bb9:before{background-color:#aacce4 !important;}.stk-1755bb9-column{--stk-column-gap:var(--stk--preset--spacing--none, 0px) !important;row-gap:var(--stk--preset--spacing--none, 0px) !important;}<\/style><div class=\"stk-row stk-inner-blocks stk-block-content stk-content-align stk-1755bb9-column alignfull\">\n<div class=\"wp-block-stackable-column stk-block-column stk-column stk-block stk-cdcfdce\" data-v=\"4\" data-block-id=\"cdcfdce\"><style>@media screen and (min-width:690px){.stk-cdcfdce {flex:var(--stk-flex-grow, 1) 1 calc(31% - var(--stk-column-gap, 0px) * 3 \/ 4 ) !important;}}<\/style><div class=\"stk-column-wrapper stk-block-column__content stk-container stk-cdcfdce-container stk--no-background stk--no-padding\"><div class=\"stk-block-content stk-inner-blocks stk-cdcfdce-inner-blocks\">\n<div class=\"wp-block-stackable-button-group aligncenter stk-block-button-group stk-block stk-a2e59f3\" data-block-id=\"a2e59f3\"><div class=\"stk-row stk-inner-blocks stk-block-content stk-button-group\">\n<div class=\"wp-block-stackable-button stk-block-button stk-block stk-cca820c\" data-block-id=\"cca820c\"><style>.stk-cca820c {min-height:var(--stk--preset--block-height--none, 0px) !important;}.stk-cca820c .stk-button{background:#aacce4 !important;}<\/style><a class=\"stk-link stk-button stk--hover-effect-darken\" href=\"http:\/\/alumno08.shopenlaces.com.es\/alumno08wp\/?page_id=925\"><span class=\"stk-button__inner-text\">T\u00e9rminos y condiciones de uso<\/span><\/a><\/div>\n<\/div><\/div>\n<\/div><\/div><\/div>\n\n\n\n<div class=\"wp-block-stackable-column stk-block-column stk-column stk-block stk-dd325c8\" data-v=\"4\" data-block-id=\"dd325c8\"><style>@media screen and (min-width:690px){.stk-dd325c8 {flex:var(--stk-flex-grow, 1) 1 calc(24% - var(--stk-column-gap, 0px) * 3 \/ 4 ) !important;}}<\/style><div class=\"stk-column-wrapper stk-block-column__content stk-container stk-dd325c8-container stk--no-background stk--no-padding\"><div class=\"stk-block-content stk-inner-blocks stk-dd325c8-inner-blocks\">\n<div class=\"wp-block-stackable-button-group aligncenter stk-block-button-group stk-block stk-ab2e1ce\" data-block-id=\"ab2e1ce\"><div class=\"stk-row stk-inner-blocks stk-block-content stk-button-group\">\n<div class=\"wp-block-stackable-button stk-block-button stk-block stk-7c631ec\" data-block-id=\"7c631ec\"><style>.stk-7c631ec .stk-button{background:#aacce4 !important;}<\/style><a class=\"stk-link stk-button stk--hover-effect-darken\" href=\"http:\/\/alumno08.shopenlaces.com.es\/alumno08wp\/?page_id=930\"><span class=\"stk-button__inner-text\">Pol\u00edtica de Cookies<\/span><\/a><\/div>\n<\/div><\/div>\n<\/div><\/div><\/div>\n\n\n\n<div class=\"wp-block-stackable-column stk-block-column stk-column stk-block stk-0431743\" data-v=\"4\" data-block-id=\"0431743\"><style>@media screen and (min-width:690px){.stk-0431743 {flex:var(--stk-flex-grow, 1) 1 calc(27% - var(--stk-column-gap, 0px) * 3 \/ 4 ) !important;}}<\/style><div class=\"stk-column-wrapper stk-block-column__content stk-container stk-0431743-container stk--no-background stk--no-padding\"><div class=\"stk-block-content stk-inner-blocks stk-0431743-inner-blocks\">\n<div class=\"wp-block-stackable-button-group aligncenter stk-block-button-group stk-block stk-33b254b\" data-block-id=\"33b254b\"><div class=\"stk-row stk-inner-blocks stk-block-content stk-button-group\">\n<div class=\"wp-block-stackable-button stk-block-button stk-block stk-fe5a6af\" data-block-id=\"fe5a6af\"><style>.stk-fe5a6af .stk-button{background:#aacce4 !important;}<\/style><a class=\"stk-link stk-button stk--hover-effect-darken\" href=\"http:\/\/alumno08.shopenlaces.com.es\/alumno08wp\/?page_id=3\"><span class=\"stk-button__inner-text\">Pol\u00edtica de privacidad<\/span><\/a><\/div>\n<\/div><\/div>\n<\/div><\/div><\/div>\n\n\n\n<div class=\"wp-block-stackable-column stk-block-column stk-column stk-block stk-e42f999\" data-v=\"4\" data-block-id=\"e42f999\"><style>@media screen and (min-width:690px){.stk-e42f999 {flex:var(--stk-flex-grow, 1) 1 calc(18% - var(--stk-column-gap, 0px) * 3 \/ 4 ) !important;}}<\/style><div class=\"stk-column-wrapper stk-block-column__content stk-container stk-e42f999-container stk--no-background stk--no-padding\"><div class=\"stk-block-content stk-inner-blocks stk-e42f999-inner-blocks\">\n<div class=\"wp-block-stackable-button-group aligncenter stk-block-button-group stk-block stk-d782b0d\" data-block-id=\"d782b0d\"><div class=\"stk-row stk-inner-blocks stk-block-content stk-button-group\">\n<div class=\"wp-block-stackable-button stk-block-button stk-block stk-4eded94\" data-block-id=\"4eded94\"><style>.stk-4eded94 .stk-button{background:#aacce4 !important;}<\/style><a class=\"stk-link stk-button stk--hover-effect-darken\" href=\"http:\/\/alumno08.shopenlaces.com.es\/alumno08wp\/?page_id=932\"><span class=\"stk-button__inner-text\">Aviso legal<\/span><\/a><\/div>\n<\/div><\/div>\n<\/div><\/div><\/div>\n<\/div><\/div>\n","protected":false},"excerpt":{"rendered":"<p>Nuestra papeler\u00eda nace de una idea sencilla, pero muy clara desde el primer d\u00eda: ofrecer materiales de papeler\u00eda de calidad que acompa\u00f1en el estudio, el trabajo y la creatividad en el d\u00eda a d\u00eda. Comenzamos como un peque\u00f1o negocio local, con una tienda f\u00edsica creada con mucho esfuerzo, ilusi\u00f3n y horas de dedicaci\u00f3n, apostando por [&hellip;]<\/p>\n","protected":false},"author":1,"featured_media":0,"parent":0,"menu_order":0,"comment_status":"closed","ping_status":"closed","template":"","meta":{"footnotes":""},"class_list":["post-14","page","type-page","status-publish","hentry"],"blocksy_meta":{"styles_descriptor":{"styles":{"desktop":"","tablet":"","mobile":""},"google_fonts":[],"version":6},"page_title_panel":"","has_hero_section":"disabled","1f03916223e497f902b6ea1f41879de5":"","hero_section":"type-1","hero_elements":[{"id":"custom_title","enabled":true,"heading_tag":"h1","title":"Home"},{"id":"custom_description","enabled":true,"description_visibility":{"desktop":true,"tablet":true,"mobile":false}},{"id":"custom_meta","enabled":false,"meta_elements":[{"id":"author","enabled":true,"label":"By","has_author_avatar":"yes","avatar_size":25},{"id":"post_date","enabled":true,"label":"On","date_format_source":"default","date_format":"M j, Y"},{"id":"updated_date","enabled":false,"label":"On","date_format_source":"default","date_format":"M j, Y"},{"id":"categories","enabled":false,"label":"In","style":"simple"},{"id":"comments","enabled":true}],"page_meta_elements":{"joined":true,"articles_count":true,"comments":true}},{"id":"breadcrumbs","enabled":false}],"ee22a3572202750f968be8a1ba560054":"","hero_alignment1":"CT_CSS_SKIP_RULE","hero_margin":40,"hero_alignment2":"center","hero_vertical_alignment":"center","7e564e052697317af9efb915c566b5df":"","hero_structure":"narrow","4537bd8aa4756072752e0f23a3371357":"","page_title_bg_type":"featured_image","custom_hero_background":{"attachment_id":null},"page_title_image_size":"full","parallax":{"desktop":false,"tablet":false,"mobile":false},"e7d6cb9b61dc9375e9a731ef76ea62f9":"","hero_height":"250px","pageTitleFont":{"family":"Default","variation":"Default","size":"30px","line-height":"CT_CSS_SKIP_RULE","letter-spacing":"CT_CSS_SKIP_RULE","text-transform":"CT_CSS_SKIP_RULE","text-decoration":"CT_CSS_SKIP_RULE"},"pageTitleFontColor":{"default":{"color":"CT_CSS_SKIP_RULEDEFAULT"}},"pageMetaFont":{"family":"Default","variation":"n6","size":"12px","line-height":"1.3","letter-spacing":"CT_CSS_SKIP_RULE","text-transform":"uppercase","text-decoration":"CT_CSS_SKIP_RULE"},"pageMetaFontColor":{"default":{"color":"CT_CSS_SKIP_RULEDEFAULT"},"hover":{"color":"CT_CSS_SKIP_RULEDEFAULT"}},"page_meta_button_type_font_colors":{"default":{"color":"CT_CSS_SKIP_RULEDEFAULT"},"hover":{"color":"CT_CSS_SKIP_RULEDEFAULT"}},"page_meta_button_type_background_colors":{"default":{"color":"CT_CSS_SKIP_RULEDEFAULT"},"hover":{"color":"CT_CSS_SKIP_RULEDEFAULT"}},"pageExcerptFont":{"family":"Default","variation":"Default","size":"CT_CSS_SKIP_RULE","line-height":"CT_CSS_SKIP_RULE","letter-spacing":"CT_CSS_SKIP_RULE","text-transform":"CT_CSS_SKIP_RULE","text-decoration":"CT_CSS_SKIP_RULE"},"pageExcerptColor":{"default":{"color":"CT_CSS_SKIP_RULEDEFAULT"}},"breadcrumbsFont":{"family":"Default","variation":"Default","size":"CT_CSS_SKIP_RULE","line-height":"CT_CSS_SKIP_RULE","letter-spacing":"CT_CSS_SKIP_RULE","text-transform":"CT_CSS_SKIP_RULE","text-decoration":"CT_CSS_SKIP_RULE"},"breadcrumbsFontColor":{"default":{"color":"CT_CSS_SKIP_RULEDEFAULT"},"initial":{"color":"CT_CSS_SKIP_RULEDEFAULT"},"hover":{"color":"CT_CSS_SKIP_RULEDEFAULT"}},"pageTitleOverlay":{"background_type":"color","background_pattern":"type-1","background_image":{"attachment_id":null,"x":0,"y":0},"gradient":"linear-gradient(135deg,rgba(6,147,227,1) 0%,rgb(155,81,224) 100%)","background_repeat":"repeat","background_size":"auto","background_attachment":"scroll","patternColor":{"default":{"color":"#e5e7ea"}},"overlayColor":{"default":{"color":"CT_CSS_SKIP_RULE"}},"backgroundColor":{"default":{"color":"CT_CSS_SKIP_RULE"}}},"pageTitleBackground":{"background_type":"color","background_pattern":"type-1","background_image":{"attachment_id":null,"x":0,"y":0},"gradient":"linear-gradient(135deg,rgba(6,147,227,1) 0%,rgb(155,81,224) 100%)","background_repeat":"repeat","background_size":"auto","background_attachment":"scroll","patternColor":{"default":{"color":"#e5e7ea"}},"overlayColor":{"default":{"color":"CT_CSS_SKIP_RULE"}},"backgroundColor":{"default":{"color":"var(--theme-palette-color-6)"}}},"pageTitlePadding":{"top":"50px","bottom":"50px","left":"auto","right":"auto","linked":true},"9594b949e5b7eac790c20f18a66344ec":"","page_structure_type":"default","b3c19357fc1aac9b9ba16039964435fe":"","content_style_source":"inherit","content_style":"wide","vertical_spacing_source":"custom","content_area_spacing":"none","background":{"background_type":"color","background_pattern":"type-1","background_image":{"attachment_id":null,"x":0,"y":0},"gradient":"linear-gradient(135deg,rgba(6,147,227,1) 0%,rgb(155,81,224) 100%)","background_repeat":"repeat","background_size":"auto","background_attachment":"scroll","patternColor":{"default":{"color":"#e5e7ea"}},"overlayColor":{"default":{"color":"CT_CSS_SKIP_RULE"}},"backgroundColor":{"default":{"color":"CT_CSS_SKIP_RULE"}}},"content_background":{"background_type":"color","background_pattern":"type-1","background_image":{"attachment_id":null,"x":0,"y":0},"gradient":"linear-gradient(135deg,rgba(6,147,227,1) 0%,rgb(155,81,224) 100%)","background_repeat":"repeat","background_size":"auto","background_attachment":"scroll","patternColor":{"default":{"color":"#e5e7ea"}},"overlayColor":{"default":{"color":"CT_CSS_SKIP_RULE"}},"backgroundColor":{"default":{"color":"var(--theme-palette-color-8)"}}},"content_boxed_shadow":{"inherit":false,"blur":18,"spread":-6,"v_offset":12,"h_offset":0,"inset":false,"enable":true,"color":{"color":"rgba(34, 56, 101, 0.04)"}},"content_boxed_border":{"width":1,"style":"none","color":{"color":"rgba(44,62,80,0.2)"}},"content_boxed_radius":{"top":"3px","bottom":"3px","left":"3px","right":"3px","linked":true},"boxed_content_spacing":{"desktop":{"top":"40px","bottom":"40px","left":"40px","right":"40px","linked":true},"tablet":{"top":"35px","bottom":"35px","left":"35px","right":"35px","linked":true},"mobile":{"top":"20px","bottom":"20px","left":"20px","right":"20px","linked":true}},"f00738e0ec7a991b33f9e30ef07ece20":"","disable_featured_image":"no","disable_share_box":"no","disable_header":"no","disable_footer":"no"},"_links":{"self":[{"href":"http:\/\/alumno08.shopenlaces.com.es\/alumno08wp\/index.php?rest_route=\/wp\/v2\/pages\/14","targetHints":{"allow":["GET"]}}],"collection":[{"href":"http:\/\/alumno08.shopenlaces.com.es\/alumno08wp\/index.php?rest_route=\/wp\/v2\/pages"}],"about":[{"href":"http:\/\/alumno08.shopenlaces.com.es\/alumno08wp\/index.php?rest_route=\/wp\/v2\/types\/page"}],"author":[{"embeddable":true,"href":"http:\/\/alumno08.shopenlaces.com.es\/alumno08wp\/index.php?rest_route=\/wp\/v2\/users\/1"}],"replies":[{"embeddable":true,"href":"http:\/\/alumno08.shopenlaces.com.es\/alumno08wp\/index.php?rest_route=%2Fwp%2Fv2%2Fcomments&post=14"}],"version-history":[{"count":7,"href":"http:\/\/alumno08.shopenlaces.com.es\/alumno08wp\/index.php?rest_route=\/wp\/v2\/pages\/14\/revisions"}],"predecessor-version":[{"id":1012,"href":"http:\/\/alumno08.shopenlaces.com.es\/alumno08wp\/index.php?rest_route=\/wp\/v2\/pages\/14\/revisions\/1012"}],"wp:attachment":[{"href":"http:\/\/alumno08.shopenlaces.com.es\/alumno08wp\/index.php?rest_route=%2Fwp%2Fv2%2Fmedia&parent=14"}],"curies":[{"name":"wp","href":"https:\/\/api.w.org\/{rel}","templated":true}]}}