{"id":814,"date":"2026-01-28T16:42:04","date_gmt":"2026-01-28T15:42:04","guid":{"rendered":"http:\/\/alumno08.shopenlaces.com.es\/alumno08wp\/?page_id=814"},"modified":"2026-01-28T17:01:24","modified_gmt":"2026-01-28T16:01:24","slug":"agenda-negra-2026-tamano-a5","status":"publish","type":"page","link":"http:\/\/alumno08.shopenlaces.com.es\/alumno08wp\/?page_id=814","title":{"rendered":"Agenda Negra 2026 Tama\u00f1o A5"},"content":{"rendered":"\n<div class=\"wp-block-columns is-layout-flex wp-container-core-columns-is-layout-28f84493 wp-block-columns-is-layout-flex\">\n<div class=\"wp-block-column is-layout-flow wp-block-column-is-layout-flow\">\n<figure class=\"wp-block-image size-full is-resized\"><img loading=\"lazy\" decoding=\"async\" width=\"390\" height=\"470\" src=\"http:\/\/alumno08.shopenlaces.com.es\/alumno08wp\/wp-content\/uploads\/2026\/01\/Agenda-removebg-preview-2.png\" alt=\"\" class=\"wp-image-815\" style=\"width:495px;height:auto\" srcset=\"http:\/\/alumno08.shopenlaces.com.es\/alumno08wp\/wp-content\/uploads\/2026\/01\/Agenda-removebg-preview-2.png 390w, http:\/\/alumno08.shopenlaces.com.es\/alumno08wp\/wp-content\/uploads\/2026\/01\/Agenda-removebg-preview-2-249x300.png 249w\" sizes=\"auto, (max-width: 390px) 100vw, 390px\" \/><\/figure>\n<\/div>\n\n\n\n<div class=\"wp-block-column is-layout-flow wp-block-column-is-layout-flow\">\n<p><strong>Agenda Negra 2026 Tama\u00f1o A5 Bernetti<\/strong><\/p>\n\n\n\n<div class=\"wp-block-stackable-tabs stk-block-tabs stk-block stk-593b3c2\" data-initial-tab=\"1\" data-block-id=\"593b3c2\"><style>.stk-593b3c2 .stk-block-tab-content .stk-block-content .stk-block-column[hidden]{display:none !important;}<\/style><div class=\"stk-row stk-inner-blocks stk-block-content stk-block-tabs--horizontal stk-block-tabs--fade stk-content-align stk-593b3c2-column\">\n<div class=\"wp-block-stackable-tab-labels stk-block-tab-labels stk-block stk-26fa44f\" data-block-id=\"26fa44f\"><style>.stk-26fa44f .stk-block-tabs__tab{color:#999999 !important;background:transparent !important;border-style:solid !important;border-color:transparent !important;border-top-width:0px !important;border-right-width:0px !important;border-bottom-width:2px !important;border-left-width:0px !important;}.stk-26fa44f .stk-block-tabs__tab.stk-block-tabs__tab--active .stk-block-tab-labels__text{color:#000000 !important;}.stk-26fa44f {box-shadow:inset 0px -1px 0px 0px rgba(0,0,0, 0.1) !important;}.stk-26fa44f .stk-block-tab-labels__text{color:#999999 !important;}.stk-26fa44f .stk-block-tabs__tab .stk--inner-svg svg:last-child, .stk-26fa44f .stk-block-tabs__tab .stk--inner-svg svg:last-child :is(g, path, rect, polygon, ellipse){fill:#909090 !important;}.stk-26fa44f .stk-block-tabs__tab:not(.stk-block-tabs__tab--active):hover .stk--inner-svg svg:last-child, .stk-26fa44f .stk-block-tabs__tab:not(.stk-block-tabs__tab--active):hover .stk--inner-svg svg:last-child :is(g, path, rect, polygon, ellipse){fill:#909090 !important;}.stk-26fa44f .stk-block-tabs__tab.stk-block-tabs__tab--active{border-color:#000000 !important;}.stk-26fa44f .stk-block-tabs__tab.stk-block-tabs__tab--active .stk--inner-svg svg:last-child, .stk-26fa44f .stk-block-tabs__tab.stk-block-tabs__tab--active .stk--inner-svg svg:last-child :is(g, path, rect, polygon, ellipse){fill:#000000 !important;}.stk-26fa44f .stk-block-tabs__tab.stk-block-tabs__tab--active:hover .stk--inner-svg svg:last-child, .stk-26fa44f .stk-block-tabs__tab.stk-block-tabs__tab--active:hover .stk--inner-svg svg:last-child :is(g, path, rect, polygon, ellipse){fill:#000000 !important;}<\/style><div class=\"stk-block-tab-labels__wrapper\" role=\"tablist\"><button class=\"stk-block-tabs__tab\" role=\"tab\"><div class=\"stk-block-tab-labels__text\"><span>Descripci\u00f3n<\/span><\/div><\/button><button class=\"stk-block-tabs__tab\" role=\"tab\"><div class=\"stk-block-tab-labels__text\"><span>Caracter\u00edsticas <\/span><\/div><\/button><\/div><\/div>\n\n\n\n<div class=\"wp-block-stackable-tab-content stk-block-tab-content stk-block stk-dade383\" data-block-id=\"dade383\"><div class=\"stk-row stk-inner-blocks stk-block-content stk-content-align stk-dade383-column\">\n<div class=\"wp-block-stackable-column stk-block-column stk-column stk-block stk-ccd1bc7\" data-v=\"4\" role=\"tabpanel\" data-block-id=\"ccd1bc7\"><div class=\"stk-column-wrapper stk-block-column__content stk-container stk-ccd1bc7-container stk--no-background stk--no-padding\"><div class=\"stk-block-content stk-inner-blocks stk-ccd1bc7-inner-blocks\">\n<p class=\"has-text-align-left\">Agenda 2026 Bernetti en color negro con letras en color dorado, tama\u00f1o A5, ideal para la organizaci\u00f3n diaria de actividades, citas y tareas. Su dise\u00f1o pr\u00e1ctico y elegante la hace perfecta para uso personal, escolar o profesional. Cuenta con papel de buena calidad que permite una escritura fluida y un formato funcional para planificar todo el a\u00f1o de manera ordenada.<br><\/p>\n<\/div><\/div><\/div>\n\n\n\n<div class=\"wp-block-stackable-column stk-block-column stk-column stk-block stk-db83e75\" data-v=\"4\" role=\"tabpanel\" data-block-id=\"db83e75\"><div class=\"stk-column-wrapper stk-block-column__content stk-container stk-db83e75-container stk--no-background stk--no-padding\"><div class=\"stk-block-content stk-inner-blocks stk-db83e75-inner-blocks\">\n<ul class=\"wp-block-list\">\n<li>Marca Bernetti.<\/li>\n\n\n\n<li>A\u00f1o 2026.<\/li>\n\n\n\n<li>Colores Negro, Verde, Azul, Rosa, Marron o Lila (Letras en dorado).<\/li>\n\n\n\n<li>Tama\u00f1o A5.<\/li>\n\n\n\n<li>Medidas: 21.3X15 CM<\/li>\n\n\n\n<li>Papel<strong> <\/strong>de 60 g\/m\u00b2<\/li>\n\n\n\n<li>Dise\u00f1o pr\u00e1ctico y elegante.<\/li>\n\n\n\n<li>Papel de calidad para una escritura c\u00f3moda.<\/li>\n\n\n\n<li>Ideal para uso personal y profesional<\/li>\n\n\n\n<li>Material Curpiel.<\/li>\n<\/ul>\n<\/div><\/div><\/div>\n<\/div><\/div>\n<\/div><\/div>\n\n\n\n<div class=\"wp-block-stackable-feature stk-block-feature stk-block stk-16e58be is-style-default\" data-v=\"2\" data-block-id=\"16e58be\"><style>.stk-16e58be {--stk-feature-flex-wrap:nowrap !important;}<\/style><div class=\"stk-content-align stk-16e58be-column stk-container stk-16e58be-container stk--no-background stk--no-padding\"><div class=\"stk-inner-blocks stk-block-content stk-row\"><\/div><\/div><\/div>\n<\/div>\n<\/div>\n","protected":false},"excerpt":{"rendered":"<p>Agenda Negra 2026 Tama\u00f1o A5 Bernetti Descripci\u00f3n Caracter\u00edsticas Agenda 2026 Bernetti en color negro con letras en color dorado, tama\u00f1o A5, ideal para la organizaci\u00f3n diaria de actividades, citas y tareas. Su dise\u00f1o pr\u00e1ctico y elegante la hace perfecta para uso personal, escolar o profesional. Cuenta con papel de buena calidad que permite una escritura [&hellip;]<\/p>\n","protected":false},"author":1,"featured_media":0,"parent":0,"menu_order":0,"comment_status":"closed","ping_status":"closed","template":"","meta":{"footnotes":""},"class_list":["post-814","page","type-page","status-publish","hentry"],"blocksy_meta":[],"_links":{"self":[{"href":"http:\/\/alumno08.shopenlaces.com.es\/alumno08wp\/index.php?rest_route=\/wp\/v2\/pages\/814","targetHints":{"allow":["GET"]}}],"collection":[{"href":"http:\/\/alumno08.shopenlaces.com.es\/alumno08wp\/index.php?rest_route=\/wp\/v2\/pages"}],"about":[{"href":"http:\/\/alumno08.shopenlaces.com.es\/alumno08wp\/index.php?rest_route=\/wp\/v2\/types\/page"}],"author":[{"embeddable":true,"href":"http:\/\/alumno08.shopenlaces.com.es\/alumno08wp\/index.php?rest_route=\/wp\/v2\/users\/1"}],"replies":[{"embeddable":true,"href":"http:\/\/alumno08.shopenlaces.com.es\/alumno08wp\/index.php?rest_route=%2Fwp%2Fv2%2Fcomments&post=814"}],"version-history":[{"count":3,"href":"http:\/\/alumno08.shopenlaces.com.es\/alumno08wp\/index.php?rest_route=\/wp\/v2\/pages\/814\/revisions"}],"predecessor-version":[{"id":824,"href":"http:\/\/alumno08.shopenlaces.com.es\/alumno08wp\/index.php?rest_route=\/wp\/v2\/pages\/814\/revisions\/824"}],"wp:attachment":[{"href":"http:\/\/alumno08.shopenlaces.com.es\/alumno08wp\/index.php?rest_route=%2Fwp%2Fv2%2Fmedia&parent=814"}],"curies":[{"name":"wp","href":"https:\/\/api.w.org\/{rel}","templated":true}]}}