{"id":826,"date":"2026-01-28T17:05:24","date_gmt":"2026-01-28T16:05:24","guid":{"rendered":"http:\/\/alumno08.shopenlaces.com.es\/alumno08wp\/?page_id=826"},"modified":"2026-02-02T16:51:39","modified_gmt":"2026-02-02T15:51:39","slug":"mochila-converse-portaordenador","status":"publish","type":"page","link":"http:\/\/alumno08.shopenlaces.com.es\/alumno08wp\/?page_id=826","title":{"rendered":"Mochila Converse portaordenador"},"content":{"rendered":"\n<div class=\"wp-block-columns is-layout-flex wp-container-core-columns-is-layout-28f84493 wp-block-columns-is-layout-flex\">\n<div class=\"wp-block-column is-layout-flow wp-block-column-is-layout-flow\">\n<figure class=\"wp-block-image size-full is-resized\"><img loading=\"lazy\" decoding=\"async\" width=\"358\" height=\"380\" src=\"http:\/\/alumno08.shopenlaces.com.es\/alumno08wp\/wp-content\/uploads\/2026\/01\/mochila-1.png\" alt=\"\" class=\"wp-image-827\" style=\"aspect-ratio:0.9420641447368421;width:492px;height:auto\" srcset=\"http:\/\/alumno08.shopenlaces.com.es\/alumno08wp\/wp-content\/uploads\/2026\/01\/mochila-1.png 358w, http:\/\/alumno08.shopenlaces.com.es\/alumno08wp\/wp-content\/uploads\/2026\/01\/mochila-1-283x300.png 283w\" sizes=\"auto, (max-width: 358px) 100vw, 358px\" \/><\/figure>\n<\/div>\n\n\n\n<div class=\"wp-block-column is-layout-flow wp-block-column-is-layout-flow\">\n<p><strong>Mochila Converse portaordenador Gris\/Negro\/Azul\/Blanco<\/strong><br><\/p>\n\n\n\n<div class=\"wp-block-stackable-tabs stk-block-tabs stk-block stk-b0c3ddb\" data-initial-tab=\"1\" data-block-id=\"b0c3ddb\"><style>.stk-b0c3ddb .stk-block-tab-content .stk-block-content .stk-block-column[hidden]{display:none !important;}<\/style><div class=\"stk-row stk-inner-blocks stk-block-content stk-block-tabs--horizontal stk-block-tabs--fade stk-content-align stk-b0c3ddb-column\">\n<div class=\"wp-block-stackable-tab-labels stk-block-tab-labels stk-block stk-65ca88f\" data-block-id=\"65ca88f\"><style>.stk-65ca88f .stk-block-tabs__tab{color:#999999 !important;background:transparent !important;border-style:solid !important;border-color:transparent !important;border-top-width:0px !important;border-right-width:0px !important;border-bottom-width:2px !important;border-left-width:0px !important;}.stk-65ca88f .stk-block-tabs__tab.stk-block-tabs__tab--active .stk-block-tab-labels__text{color:#000000 !important;}.stk-65ca88f {box-shadow:inset 0px -1px 0px 0px #0000001a !important;}.stk-65ca88f .stk-block-tab-labels__text{color:#999999 !important;}.stk-65ca88f .stk-block-tabs__tab .stk--inner-svg svg:last-child, .stk-65ca88f .stk-block-tabs__tab .stk--inner-svg svg:last-child :is(g, path, rect, polygon, ellipse){fill:#909090 !important;}.stk-65ca88f .stk-block-tabs__tab:not(.stk-block-tabs__tab--active):hover .stk--inner-svg svg:last-child, .stk-65ca88f .stk-block-tabs__tab:not(.stk-block-tabs__tab--active):hover .stk--inner-svg svg:last-child :is(g, path, rect, polygon, ellipse){fill:#909090 !important;}.stk-65ca88f .stk-block-tabs__tab.stk-block-tabs__tab--active{border-color:#000000 !important;}.stk-65ca88f .stk-block-tabs__tab.stk-block-tabs__tab--active .stk--inner-svg svg:last-child, .stk-65ca88f .stk-block-tabs__tab.stk-block-tabs__tab--active .stk--inner-svg svg:last-child :is(g, path, rect, polygon, ellipse){fill:#000000 !important;}.stk-65ca88f .stk-block-tabs__tab.stk-block-tabs__tab--active:hover .stk--inner-svg svg:last-child, .stk-65ca88f .stk-block-tabs__tab.stk-block-tabs__tab--active:hover .stk--inner-svg svg:last-child :is(g, path, rect, polygon, ellipse){fill:#000000 !important;}<\/style><div class=\"stk-block-tab-labels__wrapper\" role=\"tablist\"><button class=\"stk-block-tabs__tab\" role=\"tab\"><div class=\"stk-block-tab-labels__text\"><span>Descripci\u00f3n<\/span><\/div><\/button><button class=\"stk-block-tabs__tab\" role=\"tab\"><div class=\"stk-block-tab-labels__text\"><span>Caracter\u00edsticas<\/span><\/div><\/button><\/div><\/div>\n\n\n\n<div class=\"wp-block-stackable-tab-content stk-block-tab-content stk-block stk-34882f1\" data-block-id=\"34882f1\"><div class=\"stk-row stk-inner-blocks stk-block-content stk-content-align stk-34882f1-column\">\n<div class=\"wp-block-stackable-column stk-block-column stk-column stk-block stk-18b3604\" data-v=\"4\" role=\"tabpanel\" data-block-id=\"18b3604\"><div class=\"stk-column-wrapper stk-block-column__content stk-container stk-18b3604-container stk--no-background stk--no-padding\"><div class=\"stk-block-content stk-inner-blocks stk-18b3604-inner-blocks\">\n<p>Mochila Converse portaordenador en colores gris, negro, azul y blanco, dise\u00f1ada para brindar comodidad y funcionalidad en el uso diario. Cuenta con un compartimento acolchado para ordenador port\u00e1til que protege el equipo durante el transporte. Su dise\u00f1o moderno y resistente la hace ideal para la escuela, la universidad o el uso urbano.<\/p>\n<\/div><\/div><\/div>\n\n\n\n<div class=\"wp-block-stackable-column stk-block-column stk-column stk-block stk-8b886f5\" data-v=\"4\" role=\"tabpanel\" data-block-id=\"8b886f5\"><div class=\"stk-column-wrapper stk-block-column__content stk-container stk-8b886f5-container stk--no-background stk--no-padding\"><div class=\"stk-block-content stk-inner-blocks stk-8b886f5-inner-blocks\">\n<ul class=\"wp-block-list\">\n<li>Marca: Converse.<\/li>\n\n\n\n<li>Colores Gris, negro, azul o blanco.<\/li>\n\n\n\n<li>Compartimento acolchado para port\u00e1til.<\/li>\n\n\n\n<li>Material resistente.<\/li>\n\n\n\n<li>Dise\u00f1o c\u00f3modo y funcional.<\/li>\n\n\n\n<li>Ideal para uso escolar, universitario o diario.<\/li>\n<\/ul>\n<\/div><\/div><\/div>\n<\/div><\/div>\n<\/div><\/div>\n<\/div>\n<\/div>\n\n\n\n<p><\/p>\n","protected":false},"excerpt":{"rendered":"<p>Mochila Converse portaordenador Gris\/Negro\/Azul\/Blanco Descripci\u00f3n Caracter\u00edsticas Mochila Converse portaordenador en colores gris, negro, azul y blanco, dise\u00f1ada para brindar comodidad y funcionalidad en el uso diario. Cuenta con un compartimento acolchado para ordenador port\u00e1til que protege el equipo durante el transporte. Su dise\u00f1o moderno y resistente la hace ideal para la escuela, la universidad o [&hellip;]<\/p>\n","protected":false},"author":1,"featured_media":0,"parent":0,"menu_order":0,"comment_status":"closed","ping_status":"closed","template":"","meta":{"footnotes":""},"class_list":["post-826","page","type-page","status-publish","hentry"],"blocksy_meta":[],"_links":{"self":[{"href":"http:\/\/alumno08.shopenlaces.com.es\/alumno08wp\/index.php?rest_route=\/wp\/v2\/pages\/826","targetHints":{"allow":["GET"]}}],"collection":[{"href":"http:\/\/alumno08.shopenlaces.com.es\/alumno08wp\/index.php?rest_route=\/wp\/v2\/pages"}],"about":[{"href":"http:\/\/alumno08.shopenlaces.com.es\/alumno08wp\/index.php?rest_route=\/wp\/v2\/types\/page"}],"author":[{"embeddable":true,"href":"http:\/\/alumno08.shopenlaces.com.es\/alumno08wp\/index.php?rest_route=\/wp\/v2\/users\/1"}],"replies":[{"embeddable":true,"href":"http:\/\/alumno08.shopenlaces.com.es\/alumno08wp\/index.php?rest_route=%2Fwp%2Fv2%2Fcomments&post=826"}],"version-history":[{"count":3,"href":"http:\/\/alumno08.shopenlaces.com.es\/alumno08wp\/index.php?rest_route=\/wp\/v2\/pages\/826\/revisions"}],"predecessor-version":[{"id":852,"href":"http:\/\/alumno08.shopenlaces.com.es\/alumno08wp\/index.php?rest_route=\/wp\/v2\/pages\/826\/revisions\/852"}],"wp:attachment":[{"href":"http:\/\/alumno08.shopenlaces.com.es\/alumno08wp\/index.php?rest_route=%2Fwp%2Fv2%2Fmedia&parent=826"}],"curies":[{"name":"wp","href":"https:\/\/api.w.org\/{rel}","templated":true}]}}