{"id":830,"date":"2026-01-28T17:11:02","date_gmt":"2026-01-28T16:11:02","guid":{"rendered":"http:\/\/alumno08.shopenlaces.com.es\/alumno08wp\/?page_id=830"},"modified":"2026-01-28T17:24:48","modified_gmt":"2026-01-28T16:24:48","slug":"archivador-oxford-con-recambio","status":"publish","type":"page","link":"http:\/\/alumno08.shopenlaces.com.es\/alumno08wp\/?page_id=830","title":{"rendered":"Archivador Oxford con recambio"},"content":{"rendered":"\n<div class=\"wp-block-stackable-columns stk-block-columns stk-block stk-a42fe86\" data-block-id=\"a42fe86\"><div class=\"stk-row stk-inner-blocks stk-block-content stk-content-align stk-a42fe86-column\">\n<div class=\"wp-block-stackable-column stk-block-column stk-column stk-block stk-bb576aa\" data-v=\"4\" data-block-id=\"bb576aa\"><div class=\"stk-column-wrapper stk-block-column__content stk-container stk-bb576aa-container stk--no-background stk--no-padding\"><div class=\"stk-block-content stk-inner-blocks stk-bb576aa-inner-blocks\">\n<div class=\"wp-block-stackable-carousel stk-block-carousel stk--is-slide stk--arrows-justify-space-between stk--arrows-align-center stk-block stk-bfd7eab\" data-slides-to-show=\"\" data-block-id=\"bfd7eab\"><div class=\"stk-block-carousel__content-wrapper\"><div class=\"stk-row stk-inner-blocks stk-block-content stk-block-carousel__slider-wrapper stk-content-align stk-bfd7eab-column\"><div class=\"stk-block-carousel__slider\" role=\"list\" data-autoplay=\"4000\" data-label-slide-of=\"Slide %%d of %%d\" tabindex=\"0\">\n<div class=\"wp-block-stackable-column stk-block-column stk-column stk-block stk-b93d484\" data-v=\"4\" data-block-id=\"b93d484\"><div class=\"stk-column-wrapper stk-block-column__content stk-container stk-b93d484-container stk--no-background stk--no-padding\"><div class=\"stk-block-content stk-inner-blocks stk-b93d484-inner-blocks\">\n<figure class=\"wp-block-image size-full\"><img loading=\"lazy\" decoding=\"async\" width=\"700\" height=\"700\" src=\"http:\/\/alumno08.shopenlaces.com.es\/alumno08wp\/wp-content\/uploads\/2026\/01\/JREQWRN-ARC_60309-1.jpg\" alt=\"\" class=\"wp-image-836\" srcset=\"http:\/\/alumno08.shopenlaces.com.es\/alumno08wp\/wp-content\/uploads\/2026\/01\/JREQWRN-ARC_60309-1.jpg 700w, http:\/\/alumno08.shopenlaces.com.es\/alumno08wp\/wp-content\/uploads\/2026\/01\/JREQWRN-ARC_60309-1-300x300.jpg 300w, http:\/\/alumno08.shopenlaces.com.es\/alumno08wp\/wp-content\/uploads\/2026\/01\/JREQWRN-ARC_60309-1-150x150.jpg 150w\" sizes=\"auto, (max-width: 700px) 100vw, 700px\" \/><\/figure>\n<\/div><\/div><\/div>\n\n\n\n<div class=\"wp-block-stackable-column stk-block-column stk-column stk-block stk-e494f28\" data-v=\"4\" data-block-id=\"e494f28\"><div class=\"stk-column-wrapper stk-block-column__content stk-container stk-e494f28-container stk--no-background stk--no-padding\"><div class=\"stk-block-content stk-inner-blocks stk-e494f28-inner-blocks\">\n<figure class=\"wp-block-image size-full\"><img loading=\"lazy\" decoding=\"async\" width=\"600\" height=\"600\" src=\"http:\/\/alumno08.shopenlaces.com.es\/alumno08wp\/wp-content\/uploads\/2026\/01\/351.png\" alt=\"\" class=\"wp-image-837\" srcset=\"http:\/\/alumno08.shopenlaces.com.es\/alumno08wp\/wp-content\/uploads\/2026\/01\/351.png 600w, http:\/\/alumno08.shopenlaces.com.es\/alumno08wp\/wp-content\/uploads\/2026\/01\/351-300x300.png 300w, http:\/\/alumno08.shopenlaces.com.es\/alumno08wp\/wp-content\/uploads\/2026\/01\/351-150x150.png 150w\" sizes=\"auto, (max-width: 600px) 100vw, 600px\" \/><\/figure>\n<\/div><\/div><\/div>\n\n\n\n<div class=\"wp-block-stackable-column stk-block-column stk-column stk-block stk-319c60c\" data-v=\"4\" data-block-id=\"319c60c\"><div class=\"stk-column-wrapper stk-block-column__content stk-container stk-319c60c-container stk--no-background stk--no-padding\"><div class=\"stk-block-content stk-inner-blocks stk-319c60c-inner-blocks\">\n<figure class=\"wp-block-image size-full\"><img loading=\"lazy\" decoding=\"async\" width=\"600\" height=\"600\" src=\"http:\/\/alumno08.shopenlaces.com.es\/alumno08wp\/wp-content\/uploads\/2026\/01\/350.png\" alt=\"\" class=\"wp-image-838\" srcset=\"http:\/\/alumno08.shopenlaces.com.es\/alumno08wp\/wp-content\/uploads\/2026\/01\/350.png 600w, http:\/\/alumno08.shopenlaces.com.es\/alumno08wp\/wp-content\/uploads\/2026\/01\/350-300x300.png 300w, http:\/\/alumno08.shopenlaces.com.es\/alumno08wp\/wp-content\/uploads\/2026\/01\/350-150x150.png 150w\" sizes=\"auto, (max-width: 600px) 100vw, 600px\" \/><\/figure>\n<\/div><\/div><\/div>\n<\/div><div class=\"stk-block-carousel__buttons\"><button class=\"stk-block-carousel__button stk-block-carousel__button__prev\" aria-label=\"Previous slide\"><svg aria-hidden=\"true\" focusable=\"false\" data-prefix=\"fas\" data-icon=\"chevron-left\" class=\"svg-inline--fa fa-chevron-left\" xmlns=\"http:\/\/www.w3.org\/2000\/svg\" viewBox=\"0 0 320 512\" width=\"32\" height=\"32\"><path d=\"M34.52 239.03L228.87 44.69c9.37-9.37 24.57-9.37 33.94 0l22.67 22.67c9.36 9.36 9.37 24.52.04 33.9L131.49 256l154.02 154.75c9.34 9.38 9.32 24.54-.04 33.9l-22.67 22.67c-9.37 9.37-24.57 9.37-33.94 0L34.52 272.97c-9.37-9.37-9.37-24.57 0-33.94z\"><\/path><\/svg><\/button><button class=\"stk-block-carousel__button stk-block-carousel__button__next\" aria-label=\"Next slide\"><svg aria-hidden=\"true\" focusable=\"false\" data-prefix=\"fas\" data-icon=\"chevron-right\" class=\"svg-inline--fa fa-chevron-right\" xmlns=\"http:\/\/www.w3.org\/2000\/svg\" viewBox=\"0 0 320 512\" width=\"32\" height=\"32\"><path d=\"M285.476 272.971L91.132 467.314c-9.373 9.373-24.569 9.373-33.941 0l-22.667-22.667c-9.357-9.357-9.375-24.522-.04-33.901L188.505 256 34.484 101.255c-9.335-9.379-9.317-24.544.04-33.901l22.667-22.667c9.373-9.373 24.569-9.373 33.941 0L285.475 239.03c9.373 9.372 9.373 24.568.001 33.941z\"><\/path><\/svg><\/button><\/div><\/div><div class=\"stk-block-carousel__dots\" role=\"list\" data-label=\"Slide %%d\"><\/div><\/div><\/div>\n<\/div><\/div><\/div>\n\n\n\n<div class=\"wp-block-stackable-column stk-block-column stk-column stk-block stk-8fc8e80\" data-v=\"4\" data-block-id=\"8fc8e80\"><div class=\"stk-column-wrapper stk-block-column__content stk-container stk-8fc8e80-container stk--no-background stk--no-padding\"><div class=\"stk-block-content stk-inner-blocks stk-8fc8e80-inner-blocks\">\n<p><strong>Archivador Oxford con recambio Tapa polyfoam cuatro anillas, tama\u00f1o A4<\/strong><\/p>\n\n\n\n<div class=\"wp-block-stackable-tabs stk-block-tabs stk-block stk-3cd51e0\" data-initial-tab=\"1\" data-block-id=\"3cd51e0\"><style>.stk-3cd51e0 .stk-block-tab-content .stk-block-content .stk-block-column[hidden]{display:none !important;}<\/style><div class=\"stk-row stk-inner-blocks stk-block-content stk-block-tabs--horizontal stk-block-tabs--fade stk-content-align stk-3cd51e0-column\">\n<div class=\"wp-block-stackable-tab-labels stk-block-tab-labels stk-block stk-b5c3733\" data-block-id=\"b5c3733\"><style>.stk-b5c3733 .stk-block-tabs__tab{color:#999999 !important;background:transparent !important;border-style:solid !important;border-color:transparent !important;border-top-width:0px !important;border-right-width:0px !important;border-bottom-width:2px !important;border-left-width:0px !important;}.stk-b5c3733 .stk-block-tabs__tab.stk-block-tabs__tab--active .stk-block-tab-labels__text{color:#000000 !important;}.stk-b5c3733 {box-shadow:inset 0px -1px 0px 0px rgba(0,0,0, 0.1) !important;}.stk-b5c3733 .stk-block-tab-labels__text{color:#999999 !important;}.stk-b5c3733 .stk-block-tabs__tab .stk--inner-svg svg:last-child, .stk-b5c3733 .stk-block-tabs__tab .stk--inner-svg svg:last-child :is(g, path, rect, polygon, ellipse){fill:#909090 !important;}.stk-b5c3733 .stk-block-tabs__tab:not(.stk-block-tabs__tab--active):hover .stk--inner-svg svg:last-child, .stk-b5c3733 .stk-block-tabs__tab:not(.stk-block-tabs__tab--active):hover .stk--inner-svg svg:last-child :is(g, path, rect, polygon, ellipse){fill:#909090 !important;}.stk-b5c3733 .stk-block-tabs__tab.stk-block-tabs__tab--active{border-color:#000000 !important;}.stk-b5c3733 .stk-block-tabs__tab.stk-block-tabs__tab--active .stk--inner-svg svg:last-child, .stk-b5c3733 .stk-block-tabs__tab.stk-block-tabs__tab--active .stk--inner-svg svg:last-child :is(g, path, rect, polygon, ellipse){fill:#000000 !important;}.stk-b5c3733 .stk-block-tabs__tab.stk-block-tabs__tab--active:hover .stk--inner-svg svg:last-child, .stk-b5c3733 .stk-block-tabs__tab.stk-block-tabs__tab--active:hover .stk--inner-svg svg:last-child :is(g, path, rect, polygon, ellipse){fill:#000000 !important;}<\/style><div class=\"stk-block-tab-labels__wrapper\" role=\"tablist\"><button class=\"stk-block-tabs__tab\" role=\"tab\"><div class=\"stk-block-tab-labels__text\"><span>Descripci\u00f3n<\/span><\/div><\/button><button class=\"stk-block-tabs__tab\" role=\"tab\"><div class=\"stk-block-tab-labels__text\"><span>Caracter\u00edsticas<\/span><\/div><\/button><\/div><\/div>\n\n\n\n<div class=\"wp-block-stackable-tab-content stk-block-tab-content stk-block stk-ec704a1\" data-block-id=\"ec704a1\"><div class=\"stk-row stk-inner-blocks stk-block-content stk-content-align stk-ec704a1-column\">\n<div class=\"wp-block-stackable-column stk-block-column stk-column stk-block stk-01ceedb\" data-v=\"4\" role=\"tabpanel\" data-block-id=\"01ceedb\"><div class=\"stk-column-wrapper stk-block-column__content stk-container stk-01ceedb-container stk--no-background stk--no-padding\"><div class=\"stk-block-content stk-inner-blocks stk-01ceedb-inner-blocks\">\n<p>Archivador Oxford con recambio de tapa ligera fabricada en polyfoam disponible en colores vibrantes como coral, negro, azul y verde. Este modelo combina la resistencia de una carpeta r\u00edgida con la ligereza de un material flexible, ideal para transportar a diario sin peso extra. Cuenta con un sistema de cuatro anillas y un cierre con goma el\u00e1stica a juego para mantener tus documentos totalmente protegidos. Con \u00e9l, tendr\u00e1s la organizaci\u00f3n perfecta para el curso escolar o la oficina, disfrutando de un dise\u00f1o ergon\u00f3mico y moderno.<\/p>\n<\/div><\/div><\/div>\n\n\n\n<div class=\"wp-block-stackable-column stk-block-column stk-column stk-block stk-2f2d56d\" data-v=\"4\" role=\"tabpanel\" data-block-id=\"2f2d56d\"><div class=\"stk-column-wrapper stk-block-column__content stk-container stk-2f2d56d-container stk--no-background stk--no-padding\"><div class=\"stk-block-content stk-inner-blocks stk-2f2d56d-inner-blocks\">\n<ul class=\"wp-block-list\">\n<li>Material : Tapa de polyfoam (ligero, resistente y duradero).<\/li>\n\n\n\n<li>Mecanismo: 4 anillas de 35 mm con formato ergon\u00f3mico.<\/li>\n\n\n\n<li>Incluye recambio de hojas con cuadr\u00edcula y bandas de color.<\/li>\n\n\n\n<li>Cierre con goma el\u00e1stica de seguridad a juego con la tapa.<\/li>\n\n\n\n<li>Lomo curvo para un agarre m\u00e1s c\u00f3modo y natural.<\/li>\n\n\n\n<li>Gama surtida de colores (Coral, Negro, Azul, Verde, etc.).<\/li>\n<\/ul>\n<\/div><\/div><\/div>\n<\/div><\/div>\n<\/div><\/div>\n<\/div><\/div><\/div>\n<\/div><\/div>\n","protected":false},"excerpt":{"rendered":"<p>Archivador Oxford con recambio Tapa polyfoam cuatro anillas, tama\u00f1o A4 Descripci\u00f3n Caracter\u00edsticas Archivador Oxford con recambio de tapa ligera fabricada en polyfoam disponible en colores vibrantes como coral, negro, azul y verde. Este modelo combina la resistencia de una carpeta r\u00edgida con la ligereza de un material flexible, ideal para transportar a diario sin peso [&hellip;]<\/p>\n","protected":false},"author":1,"featured_media":0,"parent":0,"menu_order":0,"comment_status":"closed","ping_status":"closed","template":"","meta":{"footnotes":""},"class_list":["post-830","page","type-page","status-publish","hentry"],"blocksy_meta":[],"_links":{"self":[{"href":"http:\/\/alumno08.shopenlaces.com.es\/alumno08wp\/index.php?rest_route=\/wp\/v2\/pages\/830","targetHints":{"allow":["GET"]}}],"collection":[{"href":"http:\/\/alumno08.shopenlaces.com.es\/alumno08wp\/index.php?rest_route=\/wp\/v2\/pages"}],"about":[{"href":"http:\/\/alumno08.shopenlaces.com.es\/alumno08wp\/index.php?rest_route=\/wp\/v2\/types\/page"}],"author":[{"embeddable":true,"href":"http:\/\/alumno08.shopenlaces.com.es\/alumno08wp\/index.php?rest_route=\/wp\/v2\/users\/1"}],"replies":[{"embeddable":true,"href":"http:\/\/alumno08.shopenlaces.com.es\/alumno08wp\/index.php?rest_route=%2Fwp%2Fv2%2Fcomments&post=830"}],"version-history":[{"count":3,"href":"http:\/\/alumno08.shopenlaces.com.es\/alumno08wp\/index.php?rest_route=\/wp\/v2\/pages\/830\/revisions"}],"predecessor-version":[{"id":839,"href":"http:\/\/alumno08.shopenlaces.com.es\/alumno08wp\/index.php?rest_route=\/wp\/v2\/pages\/830\/revisions\/839"}],"wp:attachment":[{"href":"http:\/\/alumno08.shopenlaces.com.es\/alumno08wp\/index.php?rest_route=%2Fwp%2Fv2%2Fmedia&parent=830"}],"curies":[{"name":"wp","href":"https:\/\/api.w.org\/{rel}","templated":true}]}}