{"id":854,"date":"2026-02-02T17:03:52","date_gmt":"2026-02-02T16:03:52","guid":{"rendered":"http:\/\/alumno08.shopenlaces.com.es\/alumno08wp\/?page_id=854"},"modified":"2026-02-02T17:03:52","modified_gmt":"2026-02-02T16:03:52","slug":"cuaderno-cuadriculado-oxford","status":"publish","type":"page","link":"http:\/\/alumno08.shopenlaces.com.es\/alumno08wp\/?page_id=854","title":{"rendered":"Cuaderno cuadriculado Oxford"},"content":{"rendered":"\n<div class=\"wp-block-stackable-columns stk-block-columns stk-block stk-60493dc\" data-block-id=\"60493dc\"><div class=\"stk-row stk-inner-blocks stk-block-content stk-content-align stk-60493dc-column\">\n<div class=\"wp-block-stackable-column stk-block-column stk-column stk-block stk-eb78f31\" data-v=\"4\" data-block-id=\"eb78f31\"><div class=\"stk-column-wrapper stk-block-column__content stk-container stk-eb78f31-container stk--no-background stk--no-padding\"><div class=\"stk-block-content stk-inner-blocks stk-eb78f31-inner-blocks\">\n<div class=\"wp-block-stackable-carousel stk-block-carousel stk--is-slide stk--arrows-justify-space-between stk--arrows-align-center stk-block stk-f0570bb\" data-slides-to-show=\"\" data-block-id=\"f0570bb\"><div class=\"stk-block-carousel__content-wrapper\"><div class=\"stk-row stk-inner-blocks stk-block-content stk-block-carousel__slider-wrapper stk-content-align stk-f0570bb-column\"><div class=\"stk-block-carousel__slider\" role=\"list\" data-autoplay=\"4000\" data-label-slide-of=\"Slide %%d of %%d\" tabindex=\"0\">\n<div class=\"wp-block-stackable-column stk-block-column stk-column stk-block stk-a515c80\" data-v=\"4\" data-block-id=\"a515c80\"><div class=\"stk-column-wrapper stk-block-column__content stk-container stk-a515c80-container stk--no-background stk--no-padding\"><div class=\"stk-block-content stk-inner-blocks stk-a515c80-inner-blocks\">\n<figure class=\"wp-block-image aligncenter size-large\"><img loading=\"lazy\" decoding=\"async\" width=\"1024\" height=\"616\" src=\"http:\/\/alumno08.shopenlaces.com.es\/alumno08wp\/wp-content\/uploads\/2026\/02\/718kGMLhxL-1024x616.jpg\" alt=\"\" class=\"wp-image-855\" srcset=\"http:\/\/alumno08.shopenlaces.com.es\/alumno08wp\/wp-content\/uploads\/2026\/02\/718kGMLhxL-1024x616.jpg 1024w, http:\/\/alumno08.shopenlaces.com.es\/alumno08wp\/wp-content\/uploads\/2026\/02\/718kGMLhxL-300x180.jpg 300w, http:\/\/alumno08.shopenlaces.com.es\/alumno08wp\/wp-content\/uploads\/2026\/02\/718kGMLhxL-768x462.jpg 768w, http:\/\/alumno08.shopenlaces.com.es\/alumno08wp\/wp-content\/uploads\/2026\/02\/718kGMLhxL-1536x923.jpg 1536w, http:\/\/alumno08.shopenlaces.com.es\/alumno08wp\/wp-content\/uploads\/2026\/02\/718kGMLhxL-2048x1231.jpg 2048w\" sizes=\"auto, (max-width: 1024px) 100vw, 1024px\" \/><\/figure>\n<\/div><\/div><\/div>\n\n\n\n<div class=\"wp-block-stackable-column stk-block-column stk-column stk-block stk-dacbd13\" data-v=\"4\" data-block-id=\"dacbd13\"><div class=\"stk-column-wrapper stk-block-column__content stk-container stk-dacbd13-container stk--no-background stk--no-padding\"><div class=\"stk-block-content stk-inner-blocks stk-dacbd13-inner-blocks\">\n<figure class=\"wp-block-image aligncenter size-full is-resized\"><img loading=\"lazy\" decoding=\"async\" width=\"1000\" height=\"762\" src=\"http:\/\/alumno08.shopenlaces.com.es\/alumno08wp\/wp-content\/uploads\/2026\/02\/74042g.jpg\" alt=\"\" class=\"wp-image-857\" style=\"aspect-ratio:1.3123183075899267;width:522px;height:auto\" srcset=\"http:\/\/alumno08.shopenlaces.com.es\/alumno08wp\/wp-content\/uploads\/2026\/02\/74042g.jpg 1000w, http:\/\/alumno08.shopenlaces.com.es\/alumno08wp\/wp-content\/uploads\/2026\/02\/74042g-300x229.jpg 300w, http:\/\/alumno08.shopenlaces.com.es\/alumno08wp\/wp-content\/uploads\/2026\/02\/74042g-768x585.jpg 768w\" sizes=\"auto, (max-width: 1000px) 100vw, 1000px\" \/><\/figure>\n<\/div><\/div><\/div>\n\n\n\n<div class=\"wp-block-stackable-column stk-block-column stk-column stk-block stk-3d6b282\" data-v=\"4\" data-block-id=\"3d6b282\"><div class=\"stk-column-wrapper stk-block-column__content stk-container stk-3d6b282-container stk--no-background stk--no-padding\"><div class=\"stk-block-content stk-inner-blocks stk-3d6b282-inner-blocks\">\n<figure class=\"wp-block-image aligncenter size-full is-resized\"><img loading=\"lazy\" decoding=\"async\" width=\"800\" height=\"800\" src=\"http:\/\/alumno08.shopenlaces.com.es\/alumno08wp\/wp-content\/uploads\/2026\/02\/EAN_8412771029982-5-1.jpg\" alt=\"\" class=\"wp-image-856\" style=\"width:473px;height:auto\" srcset=\"http:\/\/alumno08.shopenlaces.com.es\/alumno08wp\/wp-content\/uploads\/2026\/02\/EAN_8412771029982-5-1.jpg 800w, http:\/\/alumno08.shopenlaces.com.es\/alumno08wp\/wp-content\/uploads\/2026\/02\/EAN_8412771029982-5-1-300x300.jpg 300w, http:\/\/alumno08.shopenlaces.com.es\/alumno08wp\/wp-content\/uploads\/2026\/02\/EAN_8412771029982-5-1-150x150.jpg 150w, http:\/\/alumno08.shopenlaces.com.es\/alumno08wp\/wp-content\/uploads\/2026\/02\/EAN_8412771029982-5-1-768x768.jpg 768w\" sizes=\"auto, (max-width: 800px) 100vw, 800px\" \/><\/figure>\n<\/div><\/div><\/div>\n<\/div><div class=\"stk-block-carousel__buttons\"><button class=\"stk-block-carousel__button stk-block-carousel__button__prev\" aria-label=\"Previous slide\"><svg aria-hidden=\"true\" focusable=\"false\" data-prefix=\"fas\" data-icon=\"chevron-left\" class=\"svg-inline--fa fa-chevron-left\" xmlns=\"http:\/\/www.w3.org\/2000\/svg\" viewBox=\"0 0 320 512\" width=\"32\" height=\"32\"><path d=\"M34.52 239.03L228.87 44.69c9.37-9.37 24.57-9.37 33.94 0l22.67 22.67c9.36 9.36 9.37 24.52.04 33.9L131.49 256l154.02 154.75c9.34 9.38 9.32 24.54-.04 33.9l-22.67 22.67c-9.37 9.37-24.57 9.37-33.94 0L34.52 272.97c-9.37-9.37-9.37-24.57 0-33.94z\"><\/path><\/svg><\/button><button class=\"stk-block-carousel__button stk-block-carousel__button__next\" aria-label=\"Next slide\"><svg aria-hidden=\"true\" focusable=\"false\" data-prefix=\"fas\" data-icon=\"chevron-right\" class=\"svg-inline--fa fa-chevron-right\" xmlns=\"http:\/\/www.w3.org\/2000\/svg\" viewBox=\"0 0 320 512\" width=\"32\" height=\"32\"><path d=\"M285.476 272.971L91.132 467.314c-9.373 9.373-24.569 9.373-33.941 0l-22.667-22.667c-9.357-9.357-9.375-24.522-.04-33.901L188.505 256 34.484 101.255c-9.335-9.379-9.317-24.544.04-33.901l22.667-22.667c9.373-9.373 24.569-9.373 33.941 0L285.475 239.03c9.373 9.372 9.373 24.568.001 33.941z\"><\/path><\/svg><\/button><\/div><\/div><div class=\"stk-block-carousel__dots\" role=\"list\" data-label=\"Slide %%d\"><\/div><\/div><\/div>\n<\/div><\/div><\/div>\n\n\n\n<div class=\"wp-block-stackable-column stk-block-column stk-column stk-block stk-fbdc8b2\" data-v=\"4\" data-block-id=\"fbdc8b2\"><div class=\"stk-column-wrapper stk-block-column__content stk-container stk-fbdc8b2-container stk--no-background stk--no-padding\"><div class=\"stk-block-content stk-inner-blocks stk-fbdc8b2-inner-blocks\">\n<p>Cuaderno cuadriculado 4X4 Tapa extradura Oxford<br><\/p>\n\n\n\n<div class=\"wp-block-stackable-tabs stk-block-tabs stk-block stk-7ef0231\" data-initial-tab=\"1\" data-block-id=\"7ef0231\"><style>.stk-7ef0231 .stk-block-tab-content .stk-block-content .stk-block-column[hidden]{display:none !important;}<\/style><div class=\"stk-row stk-inner-blocks stk-block-content stk-block-tabs--horizontal stk-block-tabs--fade stk-content-align stk-7ef0231-column\">\n<div class=\"wp-block-stackable-tab-labels stk-block-tab-labels stk-block stk-e32f0f2\" data-block-id=\"e32f0f2\"><style>.stk-e32f0f2 .stk-block-tabs__tab{color:#999999 !important;background:transparent !important;border-style:solid !important;border-color:transparent !important;border-top-width:0px !important;border-right-width:0px !important;border-bottom-width:2px !important;border-left-width:0px !important;}.stk-e32f0f2 .stk-block-tabs__tab.stk-block-tabs__tab--active .stk-block-tab-labels__text{color:#000000 !important;}.stk-e32f0f2 {box-shadow:inset 0px -1px 0px 0px rgba(0,0,0, 0.1) !important;}.stk-e32f0f2 .stk-block-tab-labels__text{color:#999999 !important;}.stk-e32f0f2 .stk-block-tabs__tab .stk--inner-svg svg:last-child, .stk-e32f0f2 .stk-block-tabs__tab .stk--inner-svg svg:last-child :is(g, path, rect, polygon, ellipse){fill:#909090 !important;}.stk-e32f0f2 .stk-block-tabs__tab:not(.stk-block-tabs__tab--active):hover .stk--inner-svg svg:last-child, .stk-e32f0f2 .stk-block-tabs__tab:not(.stk-block-tabs__tab--active):hover .stk--inner-svg svg:last-child :is(g, path, rect, polygon, ellipse){fill:#909090 !important;}.stk-e32f0f2 .stk-block-tabs__tab.stk-block-tabs__tab--active{border-color:#000000 !important;}.stk-e32f0f2 .stk-block-tabs__tab.stk-block-tabs__tab--active .stk--inner-svg svg:last-child, .stk-e32f0f2 .stk-block-tabs__tab.stk-block-tabs__tab--active .stk--inner-svg svg:last-child :is(g, path, rect, polygon, ellipse){fill:#000000 !important;}.stk-e32f0f2 .stk-block-tabs__tab.stk-block-tabs__tab--active:hover .stk--inner-svg svg:last-child, .stk-e32f0f2 .stk-block-tabs__tab.stk-block-tabs__tab--active:hover .stk--inner-svg svg:last-child :is(g, path, rect, polygon, ellipse){fill:#000000 !important;}<\/style><div class=\"stk-block-tab-labels__wrapper\" role=\"tablist\"><button class=\"stk-block-tabs__tab\" role=\"tab\"><div class=\"stk-block-tab-labels__text\"><span>Descripci\u00f3n<\/span><\/div><\/button><button class=\"stk-block-tabs__tab\" role=\"tab\"><div class=\"stk-block-tab-labels__text\"><span>Caracter\u00edsticas<\/span><\/div><\/button><\/div><\/div>\n\n\n\n<div class=\"wp-block-stackable-tab-content stk-block-tab-content stk-block stk-a3b84eb\" data-block-id=\"a3b84eb\"><div class=\"stk-row stk-inner-blocks stk-block-content stk-content-align stk-a3b84eb-column\">\n<div class=\"wp-block-stackable-column stk-block-column stk-column stk-block stk-51b3ce6\" data-v=\"4\" role=\"tabpanel\" data-block-id=\"51b3ce6\"><div class=\"stk-column-wrapper stk-block-column__content stk-container stk-51b3ce6-container stk--no-background stk--no-padding\"><div class=\"stk-block-content stk-inner-blocks stk-51b3ce6-inner-blocks\">\n<p>Cuaderno cuadriculado 4&#215;4 de tapa extradura Oxford, dise\u00f1ado para brindar resistencia y comodidad en el uso diario. Cuenta con papel de alta calidad que permite una escritura suave y evita el traspaso de tinta. Su tapa extradura protege el contenido y lo hace ideal para el uso escolar o profesional.<\/p>\n<\/div><\/div><\/div>\n\n\n\n<div class=\"wp-block-stackable-column stk-block-column stk-column stk-block stk-960bbe5\" data-v=\"4\" role=\"tabpanel\" data-block-id=\"960bbe5\"><div class=\"stk-column-wrapper stk-block-column__content stk-container stk-960bbe5-container stk--no-background stk--no-padding\"><div class=\"stk-block-content stk-inner-blocks stk-960bbe5-inner-blocks\">\n<ul class=\"wp-block-list\">\n<li>Marca Oxford.<\/li>\n\n\n\n<li>Tipo de cuaderno cuadriculado 4&#215;4.<\/li>\n\n\n\n<li>Tapa extradura resistente.<\/li>\n\n\n\n<li>Papel de alta calidad.<\/li>\n\n\n\n<li>Escritura limpia y uniforme.<\/li>\n\n\n\n<li>Ideal para uso escolar y de oficina.<\/li>\n<\/ul>\n<\/div><\/div><\/div>\n<\/div><\/div>\n<\/div><\/div>\n<\/div><\/div><\/div>\n<\/div><\/div>\n","protected":false},"excerpt":{"rendered":"<p>Cuaderno cuadriculado 4X4 Tapa extradura Oxford Descripci\u00f3n Caracter\u00edsticas Cuaderno cuadriculado 4&#215;4 de tapa extradura Oxford, dise\u00f1ado para brindar resistencia y comodidad en el uso diario. Cuenta con papel de alta calidad que permite una escritura suave y evita el traspaso de tinta. Su tapa extradura protege el contenido y lo hace ideal para el uso [&hellip;]<\/p>\n","protected":false},"author":1,"featured_media":0,"parent":0,"menu_order":0,"comment_status":"closed","ping_status":"closed","template":"","meta":{"footnotes":""},"class_list":["post-854","page","type-page","status-publish","hentry"],"blocksy_meta":[],"_links":{"self":[{"href":"http:\/\/alumno08.shopenlaces.com.es\/alumno08wp\/index.php?rest_route=\/wp\/v2\/pages\/854","targetHints":{"allow":["GET"]}}],"collection":[{"href":"http:\/\/alumno08.shopenlaces.com.es\/alumno08wp\/index.php?rest_route=\/wp\/v2\/pages"}],"about":[{"href":"http:\/\/alumno08.shopenlaces.com.es\/alumno08wp\/index.php?rest_route=\/wp\/v2\/types\/page"}],"author":[{"embeddable":true,"href":"http:\/\/alumno08.shopenlaces.com.es\/alumno08wp\/index.php?rest_route=\/wp\/v2\/users\/1"}],"replies":[{"embeddable":true,"href":"http:\/\/alumno08.shopenlaces.com.es\/alumno08wp\/index.php?rest_route=%2Fwp%2Fv2%2Fcomments&post=854"}],"version-history":[{"count":1,"href":"http:\/\/alumno08.shopenlaces.com.es\/alumno08wp\/index.php?rest_route=\/wp\/v2\/pages\/854\/revisions"}],"predecessor-version":[{"id":858,"href":"http:\/\/alumno08.shopenlaces.com.es\/alumno08wp\/index.php?rest_route=\/wp\/v2\/pages\/854\/revisions\/858"}],"wp:attachment":[{"href":"http:\/\/alumno08.shopenlaces.com.es\/alumno08wp\/index.php?rest_route=%2Fwp%2Fv2%2Fmedia&parent=854"}],"curies":[{"name":"wp","href":"https:\/\/api.w.org\/{rel}","templated":true}]}}