{"id":860,"date":"2026-02-02T17:09:23","date_gmt":"2026-02-02T16:09:23","guid":{"rendered":"http:\/\/alumno08.shopenlaces.com.es\/alumno08wp\/?page_id=860"},"modified":"2026-02-02T17:09:23","modified_gmt":"2026-02-02T16:09:23","slug":"boligrafos-bic","status":"publish","type":"page","link":"http:\/\/alumno08.shopenlaces.com.es\/alumno08wp\/?page_id=860","title":{"rendered":"Boligrafos Bic"},"content":{"rendered":"\n<div class=\"wp-block-stackable-columns stk-block-columns stk-block stk-94ec323\" data-block-id=\"94ec323\"><div class=\"stk-row stk-inner-blocks stk-block-content stk-content-align stk-94ec323-column\">\n<div class=\"wp-block-stackable-column stk-block-column stk-column stk-block stk-ff9e0cd\" data-v=\"4\" data-block-id=\"ff9e0cd\"><div class=\"stk-column-wrapper stk-block-column__content stk-container stk-ff9e0cd-container stk--no-background stk--no-padding\"><div class=\"stk-block-content stk-inner-blocks stk-ff9e0cd-inner-blocks\">\n<div class=\"wp-block-stackable-carousel stk-block-carousel stk--is-slide stk--arrows-justify-space-between stk--arrows-align-center stk-block stk-2cfbfb9\" data-slides-to-show=\"\" data-block-id=\"2cfbfb9\"><div class=\"stk-block-carousel__content-wrapper\"><div class=\"stk-row stk-inner-blocks stk-block-content stk-block-carousel__slider-wrapper stk-content-align stk-2cfbfb9-column\"><div class=\"stk-block-carousel__slider\" role=\"list\" data-autoplay=\"4000\" data-label-slide-of=\"Slide %%d of %%d\" tabindex=\"0\">\n<div class=\"wp-block-stackable-column stk-block-column stk-column stk-block stk-d579af2\" data-v=\"4\" data-block-id=\"d579af2\"><div class=\"stk-column-wrapper stk-block-column__content stk-container stk-d579af2-container stk--no-background stk--no-padding\"><div class=\"stk-block-content stk-inner-blocks stk-d579af2-inner-blocks\">\n<figure class=\"wp-block-image aligncenter size-full is-resized\"><img loading=\"lazy\" decoding=\"async\" width=\"800\" height=\"800\" src=\"http:\/\/alumno08.shopenlaces.com.es\/alumno08wp\/wp-content\/uploads\/2026\/02\/boligrafo-bic-cristal-1.jpg\" alt=\"\" class=\"wp-image-861\" style=\"width:433px;height:auto\" srcset=\"http:\/\/alumno08.shopenlaces.com.es\/alumno08wp\/wp-content\/uploads\/2026\/02\/boligrafo-bic-cristal-1.jpg 800w, http:\/\/alumno08.shopenlaces.com.es\/alumno08wp\/wp-content\/uploads\/2026\/02\/boligrafo-bic-cristal-1-300x300.jpg 300w, http:\/\/alumno08.shopenlaces.com.es\/alumno08wp\/wp-content\/uploads\/2026\/02\/boligrafo-bic-cristal-1-150x150.jpg 150w, http:\/\/alumno08.shopenlaces.com.es\/alumno08wp\/wp-content\/uploads\/2026\/02\/boligrafo-bic-cristal-1-768x768.jpg 768w\" sizes=\"auto, (max-width: 800px) 100vw, 800px\" \/><\/figure>\n<\/div><\/div><\/div>\n\n\n\n<div class=\"wp-block-stackable-column stk-block-column stk-column stk-block stk-c9e85dd\" data-v=\"4\" data-block-id=\"c9e85dd\"><div class=\"stk-column-wrapper stk-block-column__content stk-container stk-c9e85dd-container stk--no-background stk--no-padding\"><div class=\"stk-block-content stk-inner-blocks stk-c9e85dd-inner-blocks\">\n<figure class=\"wp-block-image aligncenter size-full is-resized\"><img loading=\"lazy\" decoding=\"async\" width=\"477\" height=\"477\" src=\"http:\/\/alumno08.shopenlaces.com.es\/alumno08wp\/wp-content\/uploads\/2026\/02\/descarga-2.jpg\" alt=\"\" class=\"wp-image-862\" style=\"width:400px;height:auto\" srcset=\"http:\/\/alumno08.shopenlaces.com.es\/alumno08wp\/wp-content\/uploads\/2026\/02\/descarga-2.jpg 477w, http:\/\/alumno08.shopenlaces.com.es\/alumno08wp\/wp-content\/uploads\/2026\/02\/descarga-2-300x300.jpg 300w, http:\/\/alumno08.shopenlaces.com.es\/alumno08wp\/wp-content\/uploads\/2026\/02\/descarga-2-150x150.jpg 150w\" sizes=\"auto, (max-width: 477px) 100vw, 477px\" \/><\/figure>\n<\/div><\/div><\/div>\n\n\n\n<div class=\"wp-block-stackable-column stk-block-column stk-column stk-block stk-c9a6740\" data-v=\"4\" data-block-id=\"c9a6740\"><div class=\"stk-column-wrapper stk-block-column__content stk-container stk-c9a6740-container stk--no-background stk--no-padding\"><div class=\"stk-block-content stk-inner-blocks stk-c9a6740-inner-blocks\">\n<figure class=\"wp-block-image aligncenter size-full is-resized\"><img loading=\"lazy\" decoding=\"async\" width=\"510\" height=\"510\" src=\"http:\/\/alumno08.shopenlaces.com.es\/alumno08wp\/wp-content\/uploads\/2026\/02\/3086121601033_1.jpg\" alt=\"\" class=\"wp-image-863\" style=\"width:447px;height:auto\" srcset=\"http:\/\/alumno08.shopenlaces.com.es\/alumno08wp\/wp-content\/uploads\/2026\/02\/3086121601033_1.jpg 510w, http:\/\/alumno08.shopenlaces.com.es\/alumno08wp\/wp-content\/uploads\/2026\/02\/3086121601033_1-300x300.jpg 300w, http:\/\/alumno08.shopenlaces.com.es\/alumno08wp\/wp-content\/uploads\/2026\/02\/3086121601033_1-150x150.jpg 150w\" sizes=\"auto, (max-width: 510px) 100vw, 510px\" \/><\/figure>\n<\/div><\/div><\/div>\n<\/div><div class=\"stk-block-carousel__buttons\"><button class=\"stk-block-carousel__button stk-block-carousel__button__prev\" aria-label=\"Previous slide\"><svg aria-hidden=\"true\" focusable=\"false\" data-prefix=\"fas\" data-icon=\"chevron-left\" class=\"svg-inline--fa fa-chevron-left\" xmlns=\"http:\/\/www.w3.org\/2000\/svg\" viewBox=\"0 0 320 512\" width=\"32\" height=\"32\"><path d=\"M34.52 239.03L228.87 44.69c9.37-9.37 24.57-9.37 33.94 0l22.67 22.67c9.36 9.36 9.37 24.52.04 33.9L131.49 256l154.02 154.75c9.34 9.38 9.32 24.54-.04 33.9l-22.67 22.67c-9.37 9.37-24.57 9.37-33.94 0L34.52 272.97c-9.37-9.37-9.37-24.57 0-33.94z\"><\/path><\/svg><\/button><button class=\"stk-block-carousel__button stk-block-carousel__button__next\" aria-label=\"Next slide\"><svg aria-hidden=\"true\" focusable=\"false\" data-prefix=\"fas\" data-icon=\"chevron-right\" class=\"svg-inline--fa fa-chevron-right\" xmlns=\"http:\/\/www.w3.org\/2000\/svg\" viewBox=\"0 0 320 512\" width=\"32\" height=\"32\"><path d=\"M285.476 272.971L91.132 467.314c-9.373 9.373-24.569 9.373-33.941 0l-22.667-22.667c-9.357-9.357-9.375-24.522-.04-33.901L188.505 256 34.484 101.255c-9.335-9.379-9.317-24.544.04-33.901l22.667-22.667c9.373-9.373 24.569-9.373 33.941 0L285.475 239.03c9.373 9.372 9.373 24.568.001 33.941z\"><\/path><\/svg><\/button><\/div><\/div><div class=\"stk-block-carousel__dots\" role=\"list\" data-label=\"Slide %%d\"><\/div><\/div><\/div>\n<\/div><\/div><\/div>\n\n\n\n<div class=\"wp-block-stackable-column stk-block-column stk-column stk-block stk-9efcb48\" data-v=\"4\" data-block-id=\"9efcb48\"><div class=\"stk-column-wrapper stk-block-column__content stk-container stk-9efcb48-container stk--no-background stk--no-padding\"><div class=\"stk-block-content stk-inner-blocks stk-9efcb48-inner-blocks\">\n<p>Boligrafos Bic (Negro\/Azul\/Rojo\/Verde)<\/p>\n\n\n\n<div class=\"wp-block-stackable-tabs stk-block-tabs stk-block stk-65a6407\" data-initial-tab=\"1\" data-block-id=\"65a6407\"><style>.stk-65a6407 .stk-block-tab-content .stk-block-content .stk-block-column[hidden]{display:none !important;}<\/style><div class=\"stk-row stk-inner-blocks stk-block-content stk-block-tabs--horizontal stk-block-tabs--fade stk-content-align stk-65a6407-column\">\n<div class=\"wp-block-stackable-tab-labels stk-block-tab-labels stk-block stk-557835e\" data-block-id=\"557835e\"><style>.stk-557835e .stk-block-tabs__tab{color:#999999 !important;background:transparent !important;border-style:solid !important;border-color:transparent !important;border-top-width:0px !important;border-right-width:0px !important;border-bottom-width:2px !important;border-left-width:0px !important;}.stk-557835e .stk-block-tabs__tab.stk-block-tabs__tab--active .stk-block-tab-labels__text{color:#000000 !important;}.stk-557835e {box-shadow:inset 0px -1px 0px 0px rgba(0,0,0, 0.1) !important;}.stk-557835e .stk-block-tab-labels__text{color:#999999 !important;}.stk-557835e .stk-block-tabs__tab .stk--inner-svg svg:last-child, .stk-557835e .stk-block-tabs__tab .stk--inner-svg svg:last-child :is(g, path, rect, polygon, ellipse){fill:#909090 !important;}.stk-557835e .stk-block-tabs__tab:not(.stk-block-tabs__tab--active):hover .stk--inner-svg svg:last-child, .stk-557835e .stk-block-tabs__tab:not(.stk-block-tabs__tab--active):hover .stk--inner-svg svg:last-child :is(g, path, rect, polygon, ellipse){fill:#909090 !important;}.stk-557835e .stk-block-tabs__tab.stk-block-tabs__tab--active{border-color:#000000 !important;}.stk-557835e .stk-block-tabs__tab.stk-block-tabs__tab--active .stk--inner-svg svg:last-child, .stk-557835e .stk-block-tabs__tab.stk-block-tabs__tab--active .stk--inner-svg svg:last-child :is(g, path, rect, polygon, ellipse){fill:#000000 !important;}.stk-557835e .stk-block-tabs__tab.stk-block-tabs__tab--active:hover .stk--inner-svg svg:last-child, .stk-557835e .stk-block-tabs__tab.stk-block-tabs__tab--active:hover .stk--inner-svg svg:last-child :is(g, path, rect, polygon, ellipse){fill:#000000 !important;}<\/style><div class=\"stk-block-tab-labels__wrapper\" role=\"tablist\"><button class=\"stk-block-tabs__tab\" role=\"tab\"><div class=\"stk-block-tab-labels__text\"><span>Descripci\u00f3n<\/span><\/div><\/button><button class=\"stk-block-tabs__tab\" role=\"tab\"><div class=\"stk-block-tab-labels__text\"><span>Caracter\u00edsticas<\/span><\/div><\/button><\/div><\/div>\n\n\n\n<div class=\"wp-block-stackable-tab-content stk-block-tab-content stk-block stk-889e7b7\" data-block-id=\"889e7b7\"><div class=\"stk-row stk-inner-blocks stk-block-content stk-content-align stk-889e7b7-column\">\n<div class=\"wp-block-stackable-column stk-block-column stk-column stk-block stk-d1ede51\" data-v=\"4\" role=\"tabpanel\" data-block-id=\"d1ede51\"><div class=\"stk-column-wrapper stk-block-column__content stk-container stk-d1ede51-container stk--no-background stk--no-padding\"><div class=\"stk-block-content stk-inner-blocks stk-d1ede51-inner-blocks\">\n<p>Bol\u00edgrafos BIC de tinta negra, azul, verde o roja, con cuerpo hexagonal transparente que permite visualizar el nivel de tinta. Est\u00e1n fabricados en pl\u00e1stico resistente y cuentan con punta media de 1.0 mm, ideal para una escritura suave y continua. Su dise\u00f1o ligero y ergon\u00f3mico brinda comodidad incluso durante largos periodos de uso, siendo perfectos para la escuela, la oficina o el hogar.<\/p>\n<\/div><\/div><\/div>\n\n\n\n<div class=\"wp-block-stackable-column stk-block-column stk-column stk-block stk-f31e873\" data-v=\"4\" role=\"tabpanel\" data-block-id=\"f31e873\"><div class=\"stk-column-wrapper stk-block-column__content stk-container stk-f31e873-container stk--no-background stk--no-padding\"><div class=\"stk-block-content stk-inner-blocks stk-f31e873-inner-blocks\">\n<ul class=\"wp-block-list\">\n<li>Marca BIC.<\/li>\n\n\n\n<li>Tinta de secado r\u00e1pido.<\/li>\n\n\n\n<li>Punta media de 1.0 mm.<\/li>\n\n\n\n<li>Escritura fluida y uniforme.<\/li>\n\n\n\n<li>Cuerpo hexagonal antideslizante.<\/li>\n\n\n\n<li>Color de tinta en Negro, Azul, verde o Rojo.<\/li>\n\n\n\n<li>Uso escolar y de oficina.<\/li>\n<\/ul>\n<\/div><\/div><\/div>\n<\/div><\/div>\n<\/div><\/div>\n<\/div><\/div><\/div>\n<\/div><\/div>\n","protected":false},"excerpt":{"rendered":"<p>Boligrafos Bic (Negro\/Azul\/Rojo\/Verde) Descripci\u00f3n Caracter\u00edsticas Bol\u00edgrafos BIC de tinta negra, azul, verde o roja, con cuerpo hexagonal transparente que permite visualizar el nivel de tinta. Est\u00e1n fabricados en pl\u00e1stico resistente y cuentan con punta media de 1.0 mm, ideal para una escritura suave y continua. Su dise\u00f1o ligero y ergon\u00f3mico brinda comodidad incluso durante largos [&hellip;]<\/p>\n","protected":false},"author":1,"featured_media":0,"parent":0,"menu_order":0,"comment_status":"closed","ping_status":"closed","template":"","meta":{"footnotes":""},"class_list":["post-860","page","type-page","status-publish","hentry"],"blocksy_meta":[],"_links":{"self":[{"href":"http:\/\/alumno08.shopenlaces.com.es\/alumno08wp\/index.php?rest_route=\/wp\/v2\/pages\/860","targetHints":{"allow":["GET"]}}],"collection":[{"href":"http:\/\/alumno08.shopenlaces.com.es\/alumno08wp\/index.php?rest_route=\/wp\/v2\/pages"}],"about":[{"href":"http:\/\/alumno08.shopenlaces.com.es\/alumno08wp\/index.php?rest_route=\/wp\/v2\/types\/page"}],"author":[{"embeddable":true,"href":"http:\/\/alumno08.shopenlaces.com.es\/alumno08wp\/index.php?rest_route=\/wp\/v2\/users\/1"}],"replies":[{"embeddable":true,"href":"http:\/\/alumno08.shopenlaces.com.es\/alumno08wp\/index.php?rest_route=%2Fwp%2Fv2%2Fcomments&post=860"}],"version-history":[{"count":1,"href":"http:\/\/alumno08.shopenlaces.com.es\/alumno08wp\/index.php?rest_route=\/wp\/v2\/pages\/860\/revisions"}],"predecessor-version":[{"id":864,"href":"http:\/\/alumno08.shopenlaces.com.es\/alumno08wp\/index.php?rest_route=\/wp\/v2\/pages\/860\/revisions\/864"}],"wp:attachment":[{"href":"http:\/\/alumno08.shopenlaces.com.es\/alumno08wp\/index.php?rest_route=%2Fwp%2Fv2%2Fmedia&parent=860"}],"curies":[{"name":"wp","href":"https:\/\/api.w.org\/{rel}","templated":true}]}}