{"id":866,"date":"2026-02-02T17:17:05","date_gmt":"2026-02-02T16:17:05","guid":{"rendered":"http:\/\/alumno08.shopenlaces.com.es\/alumno08wp\/?page_id=866"},"modified":"2026-02-02T17:22:59","modified_gmt":"2026-02-02T16:22:59","slug":"lapiz-grafito-hb","status":"publish","type":"page","link":"http:\/\/alumno08.shopenlaces.com.es\/alumno08wp\/?page_id=866","title":{"rendered":"L\u00e1piz Grafito HB"},"content":{"rendered":"\n<div class=\"wp-block-stackable-columns stk-block-columns stk-block stk-833a325\" data-block-id=\"833a325\"><div class=\"stk-row stk-inner-blocks stk-block-content stk-content-align stk-833a325-column\">\n<div class=\"wp-block-stackable-column stk-block-column stk-column stk-block stk-3307164\" data-v=\"4\" data-block-id=\"3307164\"><div class=\"stk-column-wrapper stk-block-column__content stk-container stk-3307164-container stk--no-background stk--no-padding\"><div class=\"stk-block-content stk-inner-blocks stk-3307164-inner-blocks\">\n<div class=\"wp-block-stackable-carousel stk-block-carousel stk--is-slide stk--arrows-justify-space-between stk--arrows-align-center stk-block stk-f641d61\" data-slides-to-show=\"\" data-block-id=\"f641d61\"><div class=\"stk-block-carousel__content-wrapper\"><div class=\"stk-row stk-inner-blocks stk-block-content stk-block-carousel__slider-wrapper stk-content-align stk-f641d61-column\"><div class=\"stk-block-carousel__slider\" role=\"list\" data-autoplay=\"4000\" data-label-slide-of=\"Slide %%d of %%d\" tabindex=\"0\">\n<div class=\"wp-block-stackable-column stk-block-column stk-column stk-block stk-f966874\" data-v=\"4\" data-block-id=\"f966874\"><div class=\"stk-column-wrapper stk-block-column__content stk-container stk-f966874-container stk--no-background stk--no-padding\"><div class=\"stk-block-content stk-inner-blocks stk-f966874-inner-blocks\">\n<figure class=\"wp-block-image aligncenter size-full is-resized\"><img loading=\"lazy\" decoding=\"async\" width=\"600\" height=\"600\" src=\"http:\/\/alumno08.shopenlaces.com.es\/alumno08wp\/wp-content\/uploads\/2026\/02\/38-1.png\" alt=\"\" class=\"wp-image-867\" style=\"width:445px;height:auto\" srcset=\"http:\/\/alumno08.shopenlaces.com.es\/alumno08wp\/wp-content\/uploads\/2026\/02\/38-1.png 600w, http:\/\/alumno08.shopenlaces.com.es\/alumno08wp\/wp-content\/uploads\/2026\/02\/38-1-300x300.png 300w, http:\/\/alumno08.shopenlaces.com.es\/alumno08wp\/wp-content\/uploads\/2026\/02\/38-1-150x150.png 150w\" sizes=\"auto, (max-width: 600px) 100vw, 600px\" \/><\/figure>\n<\/div><\/div><\/div>\n\n\n\n<div class=\"wp-block-stackable-column stk-block-column stk-column stk-block stk-d96e02e\" data-v=\"4\" data-block-id=\"d96e02e\"><div class=\"stk-column-wrapper stk-block-column__content stk-container stk-d96e02e-container stk--no-background stk--no-padding\"><div class=\"stk-block-content stk-inner-blocks stk-d96e02e-inner-blocks\">\n<figure class=\"wp-block-image aligncenter size-full is-resized\"><img loading=\"lazy\" decoding=\"async\" width=\"600\" height=\"600\" src=\"http:\/\/alumno08.shopenlaces.com.es\/alumno08wp\/wp-content\/uploads\/2026\/02\/lapiz-grafito-hb-triangular-183-noris-staedtler_600x600.webp\" alt=\"\" class=\"wp-image-868\" style=\"width:507px;height:auto\" srcset=\"http:\/\/alumno08.shopenlaces.com.es\/alumno08wp\/wp-content\/uploads\/2026\/02\/lapiz-grafito-hb-triangular-183-noris-staedtler_600x600.webp 600w, http:\/\/alumno08.shopenlaces.com.es\/alumno08wp\/wp-content\/uploads\/2026\/02\/lapiz-grafito-hb-triangular-183-noris-staedtler_600x600-300x300.webp 300w, http:\/\/alumno08.shopenlaces.com.es\/alumno08wp\/wp-content\/uploads\/2026\/02\/lapiz-grafito-hb-triangular-183-noris-staedtler_600x600-150x150.webp 150w\" sizes=\"auto, (max-width: 600px) 100vw, 600px\" \/><\/figure>\n<\/div><\/div><\/div>\n\n\n\n<div class=\"wp-block-stackable-column stk-block-column stk-column stk-block stk-327fa51\" data-v=\"4\" data-block-id=\"327fa51\"><div class=\"stk-column-wrapper stk-block-column__content stk-container stk-327fa51-container stk--no-background stk--no-padding\"><div class=\"stk-block-content stk-inner-blocks stk-327fa51-inner-blocks\">\n<figure class=\"wp-block-image aligncenter size-full is-resized\"><img loading=\"lazy\" decoding=\"async\" width=\"1000\" height=\"762\" src=\"http:\/\/alumno08.shopenlaces.com.es\/alumno08wp\/wp-content\/uploads\/2026\/02\/73093g.webp\" alt=\"\" class=\"wp-image-869\" style=\"aspect-ratio:1.3123183075899267;width:550px;height:auto\" srcset=\"http:\/\/alumno08.shopenlaces.com.es\/alumno08wp\/wp-content\/uploads\/2026\/02\/73093g.webp 1000w, http:\/\/alumno08.shopenlaces.com.es\/alumno08wp\/wp-content\/uploads\/2026\/02\/73093g-300x229.webp 300w, http:\/\/alumno08.shopenlaces.com.es\/alumno08wp\/wp-content\/uploads\/2026\/02\/73093g-768x585.webp 768w\" sizes=\"auto, (max-width: 1000px) 100vw, 1000px\" \/><\/figure>\n<\/div><\/div><\/div>\n<\/div><div class=\"stk-block-carousel__buttons\"><button class=\"stk-block-carousel__button stk-block-carousel__button__prev\" aria-label=\"Previous slide\"><svg aria-hidden=\"true\" focusable=\"false\" data-prefix=\"fas\" data-icon=\"chevron-left\" class=\"svg-inline--fa fa-chevron-left\" xmlns=\"http:\/\/www.w3.org\/2000\/svg\" viewBox=\"0 0 320 512\" width=\"32\" height=\"32\"><path d=\"M34.52 239.03L228.87 44.69c9.37-9.37 24.57-9.37 33.94 0l22.67 22.67c9.36 9.36 9.37 24.52.04 33.9L131.49 256l154.02 154.75c9.34 9.38 9.32 24.54-.04 33.9l-22.67 22.67c-9.37 9.37-24.57 9.37-33.94 0L34.52 272.97c-9.37-9.37-9.37-24.57 0-33.94z\"><\/path><\/svg><\/button><button class=\"stk-block-carousel__button stk-block-carousel__button__next\" aria-label=\"Next slide\"><svg aria-hidden=\"true\" focusable=\"false\" data-prefix=\"fas\" data-icon=\"chevron-right\" class=\"svg-inline--fa fa-chevron-right\" xmlns=\"http:\/\/www.w3.org\/2000\/svg\" viewBox=\"0 0 320 512\" width=\"32\" height=\"32\"><path d=\"M285.476 272.971L91.132 467.314c-9.373 9.373-24.569 9.373-33.941 0l-22.667-22.667c-9.357-9.357-9.375-24.522-.04-33.901L188.505 256 34.484 101.255c-9.335-9.379-9.317-24.544.04-33.901l22.667-22.667c9.373-9.373 24.569-9.373 33.941 0L285.475 239.03c9.373 9.372 9.373 24.568.001 33.941z\"><\/path><\/svg><\/button><\/div><\/div><div class=\"stk-block-carousel__dots\" role=\"list\" data-label=\"Slide %%d\"><\/div><\/div><\/div>\n<\/div><\/div><\/div>\n\n\n\n<div class=\"wp-block-stackable-column stk-block-column stk-column stk-block stk-ad73b3e\" data-v=\"4\" data-block-id=\"ad73b3e\"><div class=\"stk-column-wrapper stk-block-column__content stk-container stk-ad73b3e-container stk--no-background stk--no-padding\"><div class=\"stk-block-content stk-inner-blocks stk-ad73b3e-inner-blocks\">\n<p>L\u00e1piz Grafito HB Triangular 183 Noris Staedtler<\/p>\n\n\n\n<div class=\"wp-block-stackable-tabs stk-block-tabs stk-block stk-182aee4\" data-initial-tab=\"1\" data-block-id=\"182aee4\"><style>.stk-182aee4 .stk-block-tab-content .stk-block-content .stk-block-column[hidden]{display:none !important;}<\/style><div class=\"stk-row stk-inner-blocks stk-block-content stk-block-tabs--horizontal stk-block-tabs--fade stk-content-align stk-182aee4-column\">\n<div class=\"wp-block-stackable-tab-labels stk-block-tab-labels stk-block stk-e4ceb01\" data-block-id=\"e4ceb01\"><style>.stk-e4ceb01 .stk-block-tabs__tab{color:#999999 !important;background:transparent !important;border-style:solid !important;border-color:transparent !important;border-top-width:0px !important;border-right-width:0px !important;border-bottom-width:2px !important;border-left-width:0px !important;}.stk-e4ceb01 .stk-block-tabs__tab.stk-block-tabs__tab--active .stk-block-tab-labels__text{color:#000000 !important;}.stk-e4ceb01 {box-shadow:inset 0px -1px 0px 0px #0000001a !important;}.stk-e4ceb01 .stk-block-tab-labels__text{color:#999999 !important;}.stk-e4ceb01 .stk-block-tabs__tab .stk--inner-svg svg:last-child, .stk-e4ceb01 .stk-block-tabs__tab .stk--inner-svg svg:last-child :is(g, path, rect, polygon, ellipse){fill:#909090 !important;}.stk-e4ceb01 .stk-block-tabs__tab:not(.stk-block-tabs__tab--active):hover .stk--inner-svg svg:last-child, .stk-e4ceb01 .stk-block-tabs__tab:not(.stk-block-tabs__tab--active):hover .stk--inner-svg svg:last-child :is(g, path, rect, polygon, ellipse){fill:#909090 !important;}.stk-e4ceb01 .stk-block-tabs__tab.stk-block-tabs__tab--active{border-color:#000000 !important;}.stk-e4ceb01 .stk-block-tabs__tab.stk-block-tabs__tab--active .stk--inner-svg svg:last-child, .stk-e4ceb01 .stk-block-tabs__tab.stk-block-tabs__tab--active .stk--inner-svg svg:last-child :is(g, path, rect, polygon, ellipse){fill:#000000 !important;}.stk-e4ceb01 .stk-block-tabs__tab.stk-block-tabs__tab--active:hover .stk--inner-svg svg:last-child, .stk-e4ceb01 .stk-block-tabs__tab.stk-block-tabs__tab--active:hover .stk--inner-svg svg:last-child :is(g, path, rect, polygon, ellipse){fill:#000000 !important;}<\/style><div class=\"stk-block-tab-labels__wrapper\" role=\"tablist\"><button class=\"stk-block-tabs__tab\" role=\"tab\"><div class=\"stk-block-tab-labels__text\"><span>Descripci\u00f3n<\/span><\/div><\/button><button class=\"stk-block-tabs__tab\" role=\"tab\"><div class=\"stk-block-tab-labels__text\"><span>Caracter\u00edsticas<\/span><\/div><\/button><\/div><\/div>\n\n\n\n<div class=\"wp-block-stackable-tab-content stk-block-tab-content stk-block stk-bed0e23\" data-block-id=\"bed0e23\"><div class=\"stk-row stk-inner-blocks stk-block-content stk-content-align stk-bed0e23-column\">\n<div class=\"wp-block-stackable-column stk-block-column stk-column stk-block stk-6a7128a\" data-v=\"4\" role=\"tabpanel\" data-block-id=\"6a7128a\"><div class=\"stk-column-wrapper stk-block-column__content stk-container stk-6a7128a-container stk--no-background stk--no-padding\"><div class=\"stk-block-content stk-inner-blocks stk-6a7128a-inner-blocks\">\n<p>L\u00e1piz de grafito HB triangular 183 Noris Staedtler, dise\u00f1ado con una estructura c\u00f3moda y precisa. Cuerpo triangular ergon\u00f3mico que facilita el agarre correcto, ideal para uso escolar y prolongado. Fabricado con madera de alta calidad y grafito resistente, proporciona trazos suaves y uniformes para escribir, dibujar o realizar bocetos.<\/p>\n<\/div><\/div><\/div>\n\n\n\n<div class=\"wp-block-stackable-column stk-block-column stk-column stk-block stk-aaf8a9a\" data-v=\"4\" role=\"tabpanel\" data-block-id=\"aaf8a9a\"><div class=\"stk-column-wrapper stk-block-column__content stk-container stk-aaf8a9a-container stk--no-background stk--no-padding\"><div class=\"stk-block-content stk-inner-blocks stk-aaf8a9a-inner-blocks\">\n<ul class=\"wp-block-list\">\n<li>Marca Staedtler.<\/li>\n\n\n\n<li>Modelo Noris 183.<\/li>\n\n\n\n<li>Tipo de grafito HB.<\/li>\n\n\n\n<li>Forma triangular ergon\u00f3mica.<\/li>\n\n\n\n<li>Escritura suave y homog\u00e9nea.<\/li>\n\n\n\n<li>Alta resistencia a la rotura.<\/li>\n\n\n\n<li>Ideal para uso escolar, dibujo y diario.<\/li>\n<\/ul>\n<\/div><\/div><\/div>\n<\/div><\/div>\n<\/div><\/div>\n<\/div><\/div><\/div>\n<\/div><\/div>\n","protected":false},"excerpt":{"rendered":"<p>L\u00e1piz Grafito HB Triangular 183 Noris Staedtler Descripci\u00f3n Caracter\u00edsticas L\u00e1piz de grafito HB triangular 183 Noris Staedtler, dise\u00f1ado con una estructura c\u00f3moda y precisa. Cuerpo triangular ergon\u00f3mico que facilita el agarre correcto, ideal para uso escolar y prolongado. Fabricado con madera de alta calidad y grafito resistente, proporciona trazos suaves y uniformes para escribir, dibujar [&hellip;]<\/p>\n","protected":false},"author":1,"featured_media":0,"parent":0,"menu_order":0,"comment_status":"closed","ping_status":"closed","template":"","meta":{"footnotes":""},"class_list":["post-866","page","type-page","status-publish","hentry"],"blocksy_meta":[],"_links":{"self":[{"href":"http:\/\/alumno08.shopenlaces.com.es\/alumno08wp\/index.php?rest_route=\/wp\/v2\/pages\/866","targetHints":{"allow":["GET"]}}],"collection":[{"href":"http:\/\/alumno08.shopenlaces.com.es\/alumno08wp\/index.php?rest_route=\/wp\/v2\/pages"}],"about":[{"href":"http:\/\/alumno08.shopenlaces.com.es\/alumno08wp\/index.php?rest_route=\/wp\/v2\/types\/page"}],"author":[{"embeddable":true,"href":"http:\/\/alumno08.shopenlaces.com.es\/alumno08wp\/index.php?rest_route=\/wp\/v2\/users\/1"}],"replies":[{"embeddable":true,"href":"http:\/\/alumno08.shopenlaces.com.es\/alumno08wp\/index.php?rest_route=%2Fwp%2Fv2%2Fcomments&post=866"}],"version-history":[{"count":2,"href":"http:\/\/alumno08.shopenlaces.com.es\/alumno08wp\/index.php?rest_route=\/wp\/v2\/pages\/866\/revisions"}],"predecessor-version":[{"id":876,"href":"http:\/\/alumno08.shopenlaces.com.es\/alumno08wp\/index.php?rest_route=\/wp\/v2\/pages\/866\/revisions\/876"}],"wp:attachment":[{"href":"http:\/\/alumno08.shopenlaces.com.es\/alumno08wp\/index.php?rest_route=%2Fwp%2Fv2%2Fmedia&parent=866"}],"curies":[{"name":"wp","href":"https:\/\/api.w.org\/{rel}","templated":true}]}}