{"id":872,"date":"2026-02-02T17:24:00","date_gmt":"2026-02-02T16:24:00","guid":{"rendered":"http:\/\/alumno08.shopenlaces.com.es\/alumno08wp\/?page_id=872"},"modified":"2026-02-02T17:24:00","modified_gmt":"2026-02-02T16:24:00","slug":"blister-portaminas-milan","status":"publish","type":"page","link":"http:\/\/alumno08.shopenlaces.com.es\/alumno08wp\/?page_id=872","title":{"rendered":"Blister Portaminas Milan"},"content":{"rendered":"\n<div class=\"wp-block-stackable-columns stk-block-columns stk-block stk-547c051\" data-block-id=\"547c051\"><div class=\"stk-row stk-inner-blocks stk-block-content stk-content-align stk-547c051-column\">\n<div class=\"wp-block-stackable-column stk-block-column stk-column stk-block stk-c108950\" data-v=\"4\" data-block-id=\"c108950\"><div class=\"stk-column-wrapper stk-block-column__content stk-container stk-c108950-container stk--no-background stk--no-padding\"><div class=\"stk-block-content stk-inner-blocks stk-c108950-inner-blocks\">\n<div class=\"wp-block-stackable-carousel stk-block-carousel stk--is-slide stk--arrows-justify-space-between stk--arrows-align-center stk-block stk-a5df1fc\" data-slides-to-show=\"\" data-block-id=\"a5df1fc\"><div class=\"stk-block-carousel__content-wrapper\"><div class=\"stk-row stk-inner-blocks stk-block-content stk-block-carousel__slider-wrapper stk-content-align stk-a5df1fc-column\"><div class=\"stk-block-carousel__slider\" role=\"list\" data-autoplay=\"4000\" data-label-slide-of=\"Slide %%d of %%d\" tabindex=\"0\">\n<div class=\"wp-block-stackable-column stk-block-column stk-column stk-block stk-41b510b\" data-v=\"4\" data-block-id=\"41b510b\"><div class=\"stk-column-wrapper stk-block-column__content stk-container stk-41b510b-container stk--no-background stk--no-padding\"><div class=\"stk-block-content stk-inner-blocks stk-41b510b-inner-blocks\">\n<figure class=\"wp-block-image aligncenter size-full\"><img loading=\"lazy\" decoding=\"async\" width=\"197\" height=\"460\" src=\"http:\/\/alumno08.shopenlaces.com.es\/alumno08wp\/wp-content\/uploads\/2026\/02\/Captura-2.png\" alt=\"\" class=\"wp-image-873\" srcset=\"http:\/\/alumno08.shopenlaces.com.es\/alumno08wp\/wp-content\/uploads\/2026\/02\/Captura-2.png 197w, http:\/\/alumno08.shopenlaces.com.es\/alumno08wp\/wp-content\/uploads\/2026\/02\/Captura-2-128x300.png 128w\" sizes=\"auto, (max-width: 197px) 100vw, 197px\" \/><\/figure>\n<\/div><\/div><\/div>\n\n\n\n<div class=\"wp-block-stackable-column stk-block-column stk-column stk-block stk-bccedcb\" data-v=\"4\" data-block-id=\"bccedcb\"><div class=\"stk-column-wrapper stk-block-column__content stk-container stk-bccedcb-container stk--no-background stk--no-padding\"><div class=\"stk-block-content stk-inner-blocks stk-bccedcb-inner-blocks\">\n<figure class=\"wp-block-image aligncenter size-large is-resized\"><img loading=\"lazy\" decoding=\"async\" width=\"1024\" height=\"1024\" src=\"http:\/\/alumno08.shopenlaces.com.es\/alumno08wp\/wp-content\/uploads\/2026\/02\/acb3ee920ebd9ffa49e1a187edb4a10706b9852b_bwm10353_01_adl-1024x1024.webp\" alt=\"\" class=\"wp-image-874\" style=\"width:470px;height:auto\" srcset=\"http:\/\/alumno08.shopenlaces.com.es\/alumno08wp\/wp-content\/uploads\/2026\/02\/acb3ee920ebd9ffa49e1a187edb4a10706b9852b_bwm10353_01_adl-1024x1024.webp 1024w, http:\/\/alumno08.shopenlaces.com.es\/alumno08wp\/wp-content\/uploads\/2026\/02\/acb3ee920ebd9ffa49e1a187edb4a10706b9852b_bwm10353_01_adl-300x300.webp 300w, http:\/\/alumno08.shopenlaces.com.es\/alumno08wp\/wp-content\/uploads\/2026\/02\/acb3ee920ebd9ffa49e1a187edb4a10706b9852b_bwm10353_01_adl-150x150.webp 150w, http:\/\/alumno08.shopenlaces.com.es\/alumno08wp\/wp-content\/uploads\/2026\/02\/acb3ee920ebd9ffa49e1a187edb4a10706b9852b_bwm10353_01_adl-768x768.webp 768w, http:\/\/alumno08.shopenlaces.com.es\/alumno08wp\/wp-content\/uploads\/2026\/02\/acb3ee920ebd9ffa49e1a187edb4a10706b9852b_bwm10353_01_adl.webp 1200w\" sizes=\"auto, (max-width: 1024px) 100vw, 1024px\" \/><\/figure>\n<\/div><\/div><\/div>\n\n\n\n<div class=\"wp-block-stackable-column stk-block-column stk-column stk-block stk-c06997b\" data-v=\"4\" data-block-id=\"c06997b\"><div class=\"stk-column-wrapper stk-block-column__content stk-container stk-c06997b-container stk--no-background stk--no-padding\"><div class=\"stk-block-content stk-inner-blocks stk-c06997b-inner-blocks\">\n<figure class=\"wp-block-image aligncenter size-large is-resized\"><img loading=\"lazy\" decoding=\"async\" width=\"1024\" height=\"1024\" src=\"http:\/\/alumno08.shopenlaces.com.es\/alumno08wp\/wp-content\/uploads\/2026\/02\/fdfea7bc350aea49954adeeacb9f34edd792545b_bwm10353_04_adl-1024x1024.webp\" alt=\"\" class=\"wp-image-875\" style=\"width:513px;height:auto\" srcset=\"http:\/\/alumno08.shopenlaces.com.es\/alumno08wp\/wp-content\/uploads\/2026\/02\/fdfea7bc350aea49954adeeacb9f34edd792545b_bwm10353_04_adl-1024x1024.webp 1024w, http:\/\/alumno08.shopenlaces.com.es\/alumno08wp\/wp-content\/uploads\/2026\/02\/fdfea7bc350aea49954adeeacb9f34edd792545b_bwm10353_04_adl-300x300.webp 300w, http:\/\/alumno08.shopenlaces.com.es\/alumno08wp\/wp-content\/uploads\/2026\/02\/fdfea7bc350aea49954adeeacb9f34edd792545b_bwm10353_04_adl-150x150.webp 150w, http:\/\/alumno08.shopenlaces.com.es\/alumno08wp\/wp-content\/uploads\/2026\/02\/fdfea7bc350aea49954adeeacb9f34edd792545b_bwm10353_04_adl-768x768.webp 768w, http:\/\/alumno08.shopenlaces.com.es\/alumno08wp\/wp-content\/uploads\/2026\/02\/fdfea7bc350aea49954adeeacb9f34edd792545b_bwm10353_04_adl.webp 1200w\" sizes=\"auto, (max-width: 1024px) 100vw, 1024px\" \/><\/figure>\n<\/div><\/div><\/div>\n<\/div><div class=\"stk-block-carousel__buttons\"><button class=\"stk-block-carousel__button stk-block-carousel__button__prev\" aria-label=\"Previous slide\"><svg aria-hidden=\"true\" focusable=\"false\" data-prefix=\"fas\" data-icon=\"chevron-left\" class=\"svg-inline--fa fa-chevron-left\" xmlns=\"http:\/\/www.w3.org\/2000\/svg\" viewBox=\"0 0 320 512\" width=\"32\" height=\"32\"><path d=\"M34.52 239.03L228.87 44.69c9.37-9.37 24.57-9.37 33.94 0l22.67 22.67c9.36 9.36 9.37 24.52.04 33.9L131.49 256l154.02 154.75c9.34 9.38 9.32 24.54-.04 33.9l-22.67 22.67c-9.37 9.37-24.57 9.37-33.94 0L34.52 272.97c-9.37-9.37-9.37-24.57 0-33.94z\"><\/path><\/svg><\/button><button class=\"stk-block-carousel__button stk-block-carousel__button__next\" aria-label=\"Next slide\"><svg aria-hidden=\"true\" focusable=\"false\" data-prefix=\"fas\" data-icon=\"chevron-right\" class=\"svg-inline--fa fa-chevron-right\" xmlns=\"http:\/\/www.w3.org\/2000\/svg\" viewBox=\"0 0 320 512\" width=\"32\" height=\"32\"><path d=\"M285.476 272.971L91.132 467.314c-9.373 9.373-24.569 9.373-33.941 0l-22.667-22.667c-9.357-9.357-9.375-24.522-.04-33.901L188.505 256 34.484 101.255c-9.335-9.379-9.317-24.544.04-33.901l22.667-22.667c9.373-9.373 24.569-9.373 33.941 0L285.475 239.03c9.373 9.372 9.373 24.568.001 33.941z\"><\/path><\/svg><\/button><\/div><\/div><div class=\"stk-block-carousel__dots\" role=\"list\" data-label=\"Slide %%d\"><\/div><\/div><\/div>\n<\/div><\/div><\/div>\n\n\n\n<div class=\"wp-block-stackable-column stk-block-column stk-column stk-block stk-e43a454\" data-v=\"4\" data-block-id=\"e43a454\"><div class=\"stk-column-wrapper stk-block-column__content stk-container stk-e43a454-container stk--no-background stk--no-padding\"><div class=\"stk-block-content stk-inner-blocks stk-e43a454-inner-blocks\">\n<p>Blister Portaminas Milan 5,2mm + 6 minas recambio<\/p>\n\n\n\n<div class=\"wp-block-stackable-tabs stk-block-tabs stk-block stk-f06252f\" data-initial-tab=\"1\" data-block-id=\"f06252f\"><style>.stk-f06252f .stk-block-tab-content .stk-block-content .stk-block-column[hidden]{display:none !important;}<\/style><div class=\"stk-row stk-inner-blocks stk-block-content stk-block-tabs--horizontal stk-block-tabs--fade stk-content-align stk-f06252f-column\">\n<div class=\"wp-block-stackable-tab-labels stk-block-tab-labels stk-block stk-614f02c\" data-block-id=\"614f02c\"><style>.stk-614f02c .stk-block-tabs__tab{color:#999999 !important;background:transparent !important;border-style:solid !important;border-color:transparent !important;border-top-width:0px !important;border-right-width:0px !important;border-bottom-width:2px !important;border-left-width:0px !important;}.stk-614f02c .stk-block-tabs__tab.stk-block-tabs__tab--active .stk-block-tab-labels__text{color:#000000 !important;}.stk-614f02c {box-shadow:inset 0px -1px 0px 0px rgba(0,0,0, 0.1) !important;}.stk-614f02c .stk-block-tab-labels__text{color:#999999 !important;}.stk-614f02c .stk-block-tabs__tab .stk--inner-svg svg:last-child, .stk-614f02c .stk-block-tabs__tab .stk--inner-svg svg:last-child :is(g, path, rect, polygon, ellipse){fill:#909090 !important;}.stk-614f02c .stk-block-tabs__tab:not(.stk-block-tabs__tab--active):hover .stk--inner-svg svg:last-child, .stk-614f02c .stk-block-tabs__tab:not(.stk-block-tabs__tab--active):hover .stk--inner-svg svg:last-child :is(g, path, rect, polygon, ellipse){fill:#909090 !important;}.stk-614f02c .stk-block-tabs__tab.stk-block-tabs__tab--active{border-color:#000000 !important;}.stk-614f02c .stk-block-tabs__tab.stk-block-tabs__tab--active .stk--inner-svg svg:last-child, .stk-614f02c .stk-block-tabs__tab.stk-block-tabs__tab--active .stk--inner-svg svg:last-child :is(g, path, rect, polygon, ellipse){fill:#000000 !important;}.stk-614f02c .stk-block-tabs__tab.stk-block-tabs__tab--active:hover .stk--inner-svg svg:last-child, .stk-614f02c .stk-block-tabs__tab.stk-block-tabs__tab--active:hover .stk--inner-svg svg:last-child :is(g, path, rect, polygon, ellipse){fill:#000000 !important;}<\/style><div class=\"stk-block-tab-labels__wrapper\" role=\"tablist\"><button class=\"stk-block-tabs__tab\" role=\"tab\"><div class=\"stk-block-tab-labels__text\"><span>Descripci\u00f3n<\/span><\/div><\/button><button class=\"stk-block-tabs__tab\" role=\"tab\"><div class=\"stk-block-tab-labels__text\"><span>Caracter\u00edsticas<\/span><\/div><\/button><\/div><\/div>\n\n\n\n<div class=\"wp-block-stackable-tab-content stk-block-tab-content stk-block stk-d62213a\" data-block-id=\"d62213a\"><div class=\"stk-row stk-inner-blocks stk-block-content stk-content-align stk-d62213a-column\">\n<div class=\"wp-block-stackable-column stk-block-column stk-column stk-block stk-c83986f\" data-v=\"4\" role=\"tabpanel\" data-block-id=\"c83986f\"><div class=\"stk-column-wrapper stk-block-column__content stk-container stk-c83986f-container stk--no-background stk--no-padding\"><div class=\"stk-block-content stk-inner-blocks stk-c83986f-inner-blocks\">\n<p>Bl\u00edster Portaminas Milan de 5.2 mm con 6 minas de recambio, ideal para dibujo, boceto y escritura. Fabricado con cuerpo resistente y dise\u00f1o ergon\u00f3mico que ofrece un manejo c\u00f3modo y preciso. Su grosor de mina permite trazos definidos y uniformes.<br><\/p>\n<\/div><\/div><\/div>\n\n\n\n<div class=\"wp-block-stackable-column stk-block-column stk-column stk-block stk-cf57c19\" data-v=\"4\" role=\"tabpanel\" data-block-id=\"cf57c19\"><div class=\"stk-column-wrapper stk-block-column__content stk-container stk-cf57c19-container stk--no-background stk--no-padding\"><div class=\"stk-block-content stk-inner-blocks stk-cf57c19-inner-blocks\">\n<ul class=\"wp-block-list\">\n<li>Marca Milan.<\/li>\n\n\n\n<li>Grosor de mina de 5.2 mm.<\/li>\n\n\n\n<li>Incluye 6 minas de recambio.<\/li>\n\n\n\n<li>Dise\u00f1o ergon\u00f3mico.<\/li>\n\n\n\n<li>Trazos precisos y continuos.<\/li>\n\n\n\n<li>Ideal para dibujo y uso escolar o art\u00edstico.<\/li>\n<\/ul>\n<\/div><\/div><\/div>\n<\/div><\/div>\n<\/div><\/div>\n<\/div><\/div><\/div>\n<\/div><\/div>\n\n\n\n<p><\/p>\n","protected":false},"excerpt":{"rendered":"<p>Blister Portaminas Milan 5,2mm + 6 minas recambio Descripci\u00f3n Caracter\u00edsticas Bl\u00edster Portaminas Milan de 5.2 mm con 6 minas de recambio, ideal para dibujo, boceto y escritura. Fabricado con cuerpo resistente y dise\u00f1o ergon\u00f3mico que ofrece un manejo c\u00f3modo y preciso. Su grosor de mina permite trazos definidos y uniformes.<\/p>\n","protected":false},"author":1,"featured_media":0,"parent":0,"menu_order":0,"comment_status":"closed","ping_status":"closed","template":"","meta":{"footnotes":""},"class_list":["post-872","page","type-page","status-publish","hentry"],"blocksy_meta":[],"_links":{"self":[{"href":"http:\/\/alumno08.shopenlaces.com.es\/alumno08wp\/index.php?rest_route=\/wp\/v2\/pages\/872","targetHints":{"allow":["GET"]}}],"collection":[{"href":"http:\/\/alumno08.shopenlaces.com.es\/alumno08wp\/index.php?rest_route=\/wp\/v2\/pages"}],"about":[{"href":"http:\/\/alumno08.shopenlaces.com.es\/alumno08wp\/index.php?rest_route=\/wp\/v2\/types\/page"}],"author":[{"embeddable":true,"href":"http:\/\/alumno08.shopenlaces.com.es\/alumno08wp\/index.php?rest_route=\/wp\/v2\/users\/1"}],"replies":[{"embeddable":true,"href":"http:\/\/alumno08.shopenlaces.com.es\/alumno08wp\/index.php?rest_route=%2Fwp%2Fv2%2Fcomments&post=872"}],"version-history":[{"count":1,"href":"http:\/\/alumno08.shopenlaces.com.es\/alumno08wp\/index.php?rest_route=\/wp\/v2\/pages\/872\/revisions"}],"predecessor-version":[{"id":877,"href":"http:\/\/alumno08.shopenlaces.com.es\/alumno08wp\/index.php?rest_route=\/wp\/v2\/pages\/872\/revisions\/877"}],"wp:attachment":[{"href":"http:\/\/alumno08.shopenlaces.com.es\/alumno08wp\/index.php?rest_route=%2Fwp%2Fv2%2Fmedia&parent=872"}],"curies":[{"name":"wp","href":"https:\/\/api.w.org\/{rel}","templated":true}]}}