{"id":879,"date":"2026-02-02T17:28:32","date_gmt":"2026-02-02T16:28:32","guid":{"rendered":"http:\/\/alumno08.shopenlaces.com.es\/alumno08wp\/?page_id=879"},"modified":"2026-02-02T17:28:32","modified_gmt":"2026-02-02T16:28:32","slug":"estuche-totto-triple","status":"publish","type":"page","link":"http:\/\/alumno08.shopenlaces.com.es\/alumno08wp\/?page_id=879","title":{"rendered":"Estuche Totto triple"},"content":{"rendered":"\n<div class=\"wp-block-stackable-columns stk-block-columns stk-block stk-7884393\" data-block-id=\"7884393\"><div class=\"stk-row stk-inner-blocks stk-block-content stk-content-align stk-7884393-column\">\n<div class=\"wp-block-stackable-column stk-block-column stk-column stk-block stk-03ce62b\" data-v=\"4\" data-block-id=\"03ce62b\"><div class=\"stk-column-wrapper stk-block-column__content stk-container stk-03ce62b-container stk--no-background stk--no-padding\"><div class=\"stk-block-content stk-inner-blocks stk-03ce62b-inner-blocks\">\n<div class=\"wp-block-stackable-carousel stk-block-carousel stk--is-slide stk--arrows-justify-space-between stk--arrows-align-center stk-block stk-f3fa193\" data-slides-to-show=\"\" data-block-id=\"f3fa193\"><div class=\"stk-block-carousel__content-wrapper\"><div class=\"stk-row stk-inner-blocks stk-block-content stk-block-carousel__slider-wrapper stk-content-align stk-f3fa193-column\"><div class=\"stk-block-carousel__slider\" role=\"list\" data-autoplay=\"4000\" data-label-slide-of=\"Slide %%d of %%d\" tabindex=\"0\">\n<div class=\"wp-block-stackable-column stk-block-column stk-column stk-block stk-d16a551\" data-v=\"4\" data-block-id=\"d16a551\"><div class=\"stk-column-wrapper stk-block-column__content stk-container stk-d16a551-container stk--no-background stk--no-padding\"><div class=\"stk-block-content stk-inner-blocks stk-d16a551-inner-blocks\">\n<figure class=\"wp-block-image aligncenter size-full is-resized\"><img loading=\"lazy\" decoding=\"async\" width=\"225\" height=\"225\" src=\"http:\/\/alumno08.shopenlaces.com.es\/alumno08wp\/wp-content\/uploads\/2026\/02\/images-1.jpg\" alt=\"\" class=\"wp-image-880\" style=\"width:387px;height:auto\" srcset=\"http:\/\/alumno08.shopenlaces.com.es\/alumno08wp\/wp-content\/uploads\/2026\/02\/images-1.jpg 225w, http:\/\/alumno08.shopenlaces.com.es\/alumno08wp\/wp-content\/uploads\/2026\/02\/images-1-150x150.jpg 150w\" sizes=\"auto, (max-width: 225px) 100vw, 225px\" \/><\/figure>\n<\/div><\/div><\/div>\n\n\n\n<div class=\"wp-block-stackable-column stk-block-column stk-column stk-block stk-48333b8\" data-v=\"4\" data-block-id=\"48333b8\"><div class=\"stk-column-wrapper stk-block-column__content stk-container stk-48333b8-container stk--no-background stk--no-padding\"><div class=\"stk-block-content stk-inner-blocks stk-48333b8-inner-blocks\">\n<figure class=\"wp-block-image aligncenter size-large is-resized\"><img loading=\"lazy\" decoding=\"async\" width=\"1024\" height=\"1024\" src=\"http:\/\/alumno08.shopenlaces.com.es\/alumno08wp\/wp-content\/uploads\/2026\/02\/AC52ECO009-2411Z-0KD_3-1024x1024.jpg\" alt=\"\" class=\"wp-image-881\" style=\"width:453px;height:auto\" srcset=\"http:\/\/alumno08.shopenlaces.com.es\/alumno08wp\/wp-content\/uploads\/2026\/02\/AC52ECO009-2411Z-0KD_3-1024x1024.jpg 1024w, http:\/\/alumno08.shopenlaces.com.es\/alumno08wp\/wp-content\/uploads\/2026\/02\/AC52ECO009-2411Z-0KD_3-300x300.jpg 300w, http:\/\/alumno08.shopenlaces.com.es\/alumno08wp\/wp-content\/uploads\/2026\/02\/AC52ECO009-2411Z-0KD_3-150x150.jpg 150w, http:\/\/alumno08.shopenlaces.com.es\/alumno08wp\/wp-content\/uploads\/2026\/02\/AC52ECO009-2411Z-0KD_3-768x768.jpg 768w, http:\/\/alumno08.shopenlaces.com.es\/alumno08wp\/wp-content\/uploads\/2026\/02\/AC52ECO009-2411Z-0KD_3.jpg 1500w\" sizes=\"auto, (max-width: 1024px) 100vw, 1024px\" \/><\/figure>\n<\/div><\/div><\/div>\n\n\n\n<div class=\"wp-block-stackable-column stk-block-column stk-column stk-block stk-23d238d\" data-v=\"4\" data-block-id=\"23d238d\"><div class=\"stk-column-wrapper stk-block-column__content stk-container stk-23d238d-container stk--no-background stk--no-padding\"><div class=\"stk-block-content stk-inner-blocks stk-23d238d-inner-blocks\">\n<figure class=\"wp-block-image aligncenter size-full is-resized\"><img loading=\"lazy\" decoding=\"async\" width=\"679\" height=\"606\" src=\"http:\/\/alumno08.shopenlaces.com.es\/alumno08wp\/wp-content\/uploads\/2026\/02\/71x95WlOlL._AC_SX679_.jpg\" alt=\"\" class=\"wp-image-882\" style=\"aspect-ratio:1.1204545454545454;width:429px;height:auto\" srcset=\"http:\/\/alumno08.shopenlaces.com.es\/alumno08wp\/wp-content\/uploads\/2026\/02\/71x95WlOlL._AC_SX679_.jpg 679w, http:\/\/alumno08.shopenlaces.com.es\/alumno08wp\/wp-content\/uploads\/2026\/02\/71x95WlOlL._AC_SX679_-300x268.jpg 300w\" sizes=\"auto, (max-width: 679px) 100vw, 679px\" \/><\/figure>\n<\/div><\/div><\/div>\n<\/div><div class=\"stk-block-carousel__buttons\"><button class=\"stk-block-carousel__button stk-block-carousel__button__prev\" aria-label=\"Previous slide\"><svg aria-hidden=\"true\" focusable=\"false\" data-prefix=\"fas\" data-icon=\"chevron-left\" class=\"svg-inline--fa fa-chevron-left\" xmlns=\"http:\/\/www.w3.org\/2000\/svg\" viewBox=\"0 0 320 512\" width=\"32\" height=\"32\"><path d=\"M34.52 239.03L228.87 44.69c9.37-9.37 24.57-9.37 33.94 0l22.67 22.67c9.36 9.36 9.37 24.52.04 33.9L131.49 256l154.02 154.75c9.34 9.38 9.32 24.54-.04 33.9l-22.67 22.67c-9.37 9.37-24.57 9.37-33.94 0L34.52 272.97c-9.37-9.37-9.37-24.57 0-33.94z\"><\/path><\/svg><\/button><button class=\"stk-block-carousel__button stk-block-carousel__button__next\" aria-label=\"Next slide\"><svg aria-hidden=\"true\" focusable=\"false\" data-prefix=\"fas\" data-icon=\"chevron-right\" class=\"svg-inline--fa fa-chevron-right\" xmlns=\"http:\/\/www.w3.org\/2000\/svg\" viewBox=\"0 0 320 512\" width=\"32\" height=\"32\"><path d=\"M285.476 272.971L91.132 467.314c-9.373 9.373-24.569 9.373-33.941 0l-22.667-22.667c-9.357-9.357-9.375-24.522-.04-33.901L188.505 256 34.484 101.255c-9.335-9.379-9.317-24.544.04-33.901l22.667-22.667c9.373-9.373 24.569-9.373 33.941 0L285.475 239.03c9.373 9.372 9.373 24.568.001 33.941z\"><\/path><\/svg><\/button><\/div><\/div><div class=\"stk-block-carousel__dots\" role=\"list\" data-label=\"Slide %%d\"><\/div><\/div><\/div>\n<\/div><\/div><\/div>\n\n\n\n<div class=\"wp-block-stackable-column stk-block-column stk-column stk-block stk-278ad1d\" data-v=\"4\" data-block-id=\"278ad1d\"><div class=\"stk-column-wrapper stk-block-column__content stk-container stk-278ad1d-container stk--no-background stk--no-padding\"><div class=\"stk-block-content stk-inner-blocks stk-278ad1d-inner-blocks\">\n<p>Estuche Totto triple 24 0KD<\/p>\n\n\n\n<div class=\"wp-block-stackable-tabs stk-block-tabs stk-block stk-f76b9ab\" data-initial-tab=\"1\" data-block-id=\"f76b9ab\"><style>.stk-f76b9ab .stk-block-tab-content .stk-block-content .stk-block-column[hidden]{display:none !important;}<\/style><div class=\"stk-row stk-inner-blocks stk-block-content stk-block-tabs--horizontal stk-block-tabs--fade stk-content-align stk-f76b9ab-column\">\n<div class=\"wp-block-stackable-tab-labels stk-block-tab-labels stk-block stk-86f286f\" data-block-id=\"86f286f\"><style>.stk-86f286f .stk-block-tabs__tab{color:#999999 !important;background:transparent !important;border-style:solid !important;border-color:transparent !important;border-top-width:0px !important;border-right-width:0px !important;border-bottom-width:2px !important;border-left-width:0px !important;}.stk-86f286f .stk-block-tabs__tab.stk-block-tabs__tab--active .stk-block-tab-labels__text{color:#000000 !important;}.stk-86f286f {box-shadow:inset 0px -1px 0px 0px rgba(0,0,0, 0.1) !important;}.stk-86f286f .stk-block-tab-labels__text{color:#999999 !important;}.stk-86f286f .stk-block-tabs__tab .stk--inner-svg svg:last-child, .stk-86f286f .stk-block-tabs__tab .stk--inner-svg svg:last-child :is(g, path, rect, polygon, ellipse){fill:#909090 !important;}.stk-86f286f .stk-block-tabs__tab:not(.stk-block-tabs__tab--active):hover .stk--inner-svg svg:last-child, .stk-86f286f .stk-block-tabs__tab:not(.stk-block-tabs__tab--active):hover .stk--inner-svg svg:last-child :is(g, path, rect, polygon, ellipse){fill:#909090 !important;}.stk-86f286f .stk-block-tabs__tab.stk-block-tabs__tab--active{border-color:#000000 !important;}.stk-86f286f .stk-block-tabs__tab.stk-block-tabs__tab--active .stk--inner-svg svg:last-child, .stk-86f286f .stk-block-tabs__tab.stk-block-tabs__tab--active .stk--inner-svg svg:last-child :is(g, path, rect, polygon, ellipse){fill:#000000 !important;}.stk-86f286f .stk-block-tabs__tab.stk-block-tabs__tab--active:hover .stk--inner-svg svg:last-child, .stk-86f286f .stk-block-tabs__tab.stk-block-tabs__tab--active:hover .stk--inner-svg svg:last-child :is(g, path, rect, polygon, ellipse){fill:#000000 !important;}<\/style><div class=\"stk-block-tab-labels__wrapper\" role=\"tablist\"><button class=\"stk-block-tabs__tab\" role=\"tab\"><div class=\"stk-block-tab-labels__text\"><span>Descripci\u00f3n<\/span><\/div><\/button><button class=\"stk-block-tabs__tab\" role=\"tab\"><div class=\"stk-block-tab-labels__text\"><span>Caracter\u00edsticas<\/span><\/div><\/button><\/div><\/div>\n\n\n\n<div class=\"wp-block-stackable-tab-content stk-block-tab-content stk-block stk-8821bcc\" data-block-id=\"8821bcc\"><div class=\"stk-row stk-inner-blocks stk-block-content stk-content-align stk-8821bcc-column\">\n<div class=\"wp-block-stackable-column stk-block-column stk-column stk-block stk-7ad82da\" data-v=\"4\" role=\"tabpanel\" data-block-id=\"7ad82da\"><div class=\"stk-column-wrapper stk-block-column__content stk-container stk-7ad82da-container stk--no-background stk--no-padding\"><div class=\"stk-block-content stk-inner-blocks stk-7ad82da-inner-blocks\">\n<p>Estuche Totto triple 24 0KD, dise\u00f1ado para ofrecer gran capacidad y organizaci\u00f3n. Cuenta con tres compartimentos con cierre, ideales para mantener l\u00e1pices, bol\u00edgrafos y accesorios escolares ordenados y protegidos. Fabricado con materiales resistentes y un dise\u00f1o moderno, es perfecto para el uso escolar diario.<\/p>\n<\/div><\/div><\/div>\n\n\n\n<div class=\"wp-block-stackable-column stk-block-column stk-column stk-block stk-61af4f5\" data-v=\"4\" role=\"tabpanel\" data-block-id=\"61af4f5\"><div class=\"stk-column-wrapper stk-block-column__content stk-container stk-61af4f5-container stk--no-background stk--no-padding\"><div class=\"stk-block-content stk-inner-blocks stk-61af4f5-inner-blocks\">\n<ul class=\"wp-block-list\">\n<li>Marca Totto.<\/li>\n\n\n\n<li>Modelo triple 24 0KD.<\/li>\n\n\n\n<li>Tres compartimentos con cierre.<\/li>\n\n\n\n<li>Alta capacidad de almacenamiento.<\/li>\n\n\n\n<li>Material resistente y duradero.<\/li>\n\n\n\n<li>Dise\u00f1o pr\u00e1ctico y moderno.<\/li>\n\n\n\n<li>Ideal para uso escolar.<\/li>\n<\/ul>\n<\/div><\/div><\/div>\n<\/div><\/div>\n<\/div><\/div>\n<\/div><\/div><\/div>\n<\/div><\/div>\n","protected":false},"excerpt":{"rendered":"<p>Estuche Totto triple 24 0KD Descripci\u00f3n Caracter\u00edsticas Estuche Totto triple 24 0KD, dise\u00f1ado para ofrecer gran capacidad y organizaci\u00f3n. Cuenta con tres compartimentos con cierre, ideales para mantener l\u00e1pices, bol\u00edgrafos y accesorios escolares ordenados y protegidos. Fabricado con materiales resistentes y un dise\u00f1o moderno, es perfecto para el uso escolar diario.<\/p>\n","protected":false},"author":1,"featured_media":0,"parent":0,"menu_order":0,"comment_status":"closed","ping_status":"closed","template":"","meta":{"footnotes":""},"class_list":["post-879","page","type-page","status-publish","hentry"],"blocksy_meta":[],"_links":{"self":[{"href":"http:\/\/alumno08.shopenlaces.com.es\/alumno08wp\/index.php?rest_route=\/wp\/v2\/pages\/879","targetHints":{"allow":["GET"]}}],"collection":[{"href":"http:\/\/alumno08.shopenlaces.com.es\/alumno08wp\/index.php?rest_route=\/wp\/v2\/pages"}],"about":[{"href":"http:\/\/alumno08.shopenlaces.com.es\/alumno08wp\/index.php?rest_route=\/wp\/v2\/types\/page"}],"author":[{"embeddable":true,"href":"http:\/\/alumno08.shopenlaces.com.es\/alumno08wp\/index.php?rest_route=\/wp\/v2\/users\/1"}],"replies":[{"embeddable":true,"href":"http:\/\/alumno08.shopenlaces.com.es\/alumno08wp\/index.php?rest_route=%2Fwp%2Fv2%2Fcomments&post=879"}],"version-history":[{"count":1,"href":"http:\/\/alumno08.shopenlaces.com.es\/alumno08wp\/index.php?rest_route=\/wp\/v2\/pages\/879\/revisions"}],"predecessor-version":[{"id":883,"href":"http:\/\/alumno08.shopenlaces.com.es\/alumno08wp\/index.php?rest_route=\/wp\/v2\/pages\/879\/revisions\/883"}],"wp:attachment":[{"href":"http:\/\/alumno08.shopenlaces.com.es\/alumno08wp\/index.php?rest_route=%2Fwp%2Fv2%2Fmedia&parent=879"}],"curies":[{"name":"wp","href":"https:\/\/api.w.org\/{rel}","templated":true}]}}