{"id":885,"date":"2026-02-02T17:35:18","date_gmt":"2026-02-02T16:35:18","guid":{"rendered":"http:\/\/alumno08.shopenlaces.com.es\/alumno08wp\/?page_id=885"},"modified":"2026-02-02T17:39:31","modified_gmt":"2026-02-02T16:39:31","slug":"calculadora-cientifica-casio","status":"publish","type":"page","link":"http:\/\/alumno08.shopenlaces.com.es\/alumno08wp\/?page_id=885","title":{"rendered":"Calculadora Cient\u00edfica Casio"},"content":{"rendered":"\n<div class=\"wp-block-stackable-columns stk-block-columns stk-block stk-8084a3a\" data-block-id=\"8084a3a\"><div class=\"stk-row stk-inner-blocks stk-block-content stk-content-align stk-8084a3a-column\">\n<div class=\"wp-block-stackable-column stk-block-column stk-column stk-block stk-908fcba\" data-v=\"4\" data-block-id=\"908fcba\"><div class=\"stk-column-wrapper stk-block-column__content stk-container stk-908fcba-container stk--no-background stk--no-padding\"><div class=\"stk-block-content stk-inner-blocks stk-908fcba-inner-blocks\">\n<div class=\"wp-block-stackable-carousel stk-block-carousel stk--is-slide stk--arrows-justify-space-between stk--arrows-align-center stk-block stk-94d5af0\" data-slides-to-show=\"\" data-block-id=\"94d5af0\"><div class=\"stk-block-carousel__content-wrapper\"><div class=\"stk-row stk-inner-blocks stk-block-content stk-block-carousel__slider-wrapper stk-content-align stk-94d5af0-column\"><div class=\"stk-block-carousel__slider\" role=\"list\" data-autoplay=\"4000\" data-label-slide-of=\"Slide %%d of %%d\" tabindex=\"0\">\n<div class=\"wp-block-stackable-column stk-block-column stk-column stk-block stk-36aaa49\" data-v=\"4\" data-block-id=\"36aaa49\"><div class=\"stk-column-wrapper stk-block-column__content stk-container stk-36aaa49-container stk--no-background stk--no-padding\"><div class=\"stk-block-content stk-inner-blocks stk-36aaa49-inner-blocks\">\n<figure class=\"wp-block-image aligncenter size-large is-resized\"><img loading=\"lazy\" decoding=\"async\" width=\"569\" height=\"1024\" src=\"http:\/\/alumno08.shopenlaces.com.es\/alumno08wp\/wp-content\/uploads\/2026\/02\/61uodOrgoJL._AC_SL1500_-1-569x1024.jpg\" alt=\"\" class=\"wp-image-886\" style=\"aspect-ratio:0.5556572823682002;width:271px;height:auto\" srcset=\"http:\/\/alumno08.shopenlaces.com.es\/alumno08wp\/wp-content\/uploads\/2026\/02\/61uodOrgoJL._AC_SL1500_-1-569x1024.jpg 569w, http:\/\/alumno08.shopenlaces.com.es\/alumno08wp\/wp-content\/uploads\/2026\/02\/61uodOrgoJL._AC_SL1500_-1-167x300.jpg 167w, http:\/\/alumno08.shopenlaces.com.es\/alumno08wp\/wp-content\/uploads\/2026\/02\/61uodOrgoJL._AC_SL1500_-1-768x1381.jpg 768w, http:\/\/alumno08.shopenlaces.com.es\/alumno08wp\/wp-content\/uploads\/2026\/02\/61uodOrgoJL._AC_SL1500_-1.jpg 815w\" sizes=\"auto, (max-width: 569px) 100vw, 569px\" \/><\/figure>\n<\/div><\/div><\/div>\n\n\n\n<div class=\"wp-block-stackable-column stk-block-column stk-column stk-block stk-d0bd65f\" data-v=\"4\" data-block-id=\"d0bd65f\"><div class=\"stk-column-wrapper stk-block-column__content stk-container stk-d0bd65f-container stk--no-background stk--no-padding\"><div class=\"stk-block-content stk-inner-blocks stk-d0bd65f-inner-blocks\">\n<figure class=\"wp-block-image aligncenter size-full is-resized\"><img loading=\"lazy\" decoding=\"async\" width=\"800\" height=\"800\" src=\"http:\/\/alumno08.shopenlaces.com.es\/alumno08wp\/wp-content\/uploads\/2026\/02\/casio-fx-82ms-calculadora-cientifica-2-lineas-4.webp\" alt=\"\" class=\"wp-image-887\" style=\"width:503px;height:auto\" srcset=\"http:\/\/alumno08.shopenlaces.com.es\/alumno08wp\/wp-content\/uploads\/2026\/02\/casio-fx-82ms-calculadora-cientifica-2-lineas-4.webp 800w, http:\/\/alumno08.shopenlaces.com.es\/alumno08wp\/wp-content\/uploads\/2026\/02\/casio-fx-82ms-calculadora-cientifica-2-lineas-4-300x300.webp 300w, http:\/\/alumno08.shopenlaces.com.es\/alumno08wp\/wp-content\/uploads\/2026\/02\/casio-fx-82ms-calculadora-cientifica-2-lineas-4-150x150.webp 150w, http:\/\/alumno08.shopenlaces.com.es\/alumno08wp\/wp-content\/uploads\/2026\/02\/casio-fx-82ms-calculadora-cientifica-2-lineas-4-768x768.webp 768w\" sizes=\"auto, (max-width: 800px) 100vw, 800px\" \/><\/figure>\n<\/div><\/div><\/div>\n\n\n\n<div class=\"wp-block-stackable-column stk-block-column stk-column stk-block stk-31295dc\" data-v=\"4\" data-block-id=\"31295dc\"><div class=\"stk-column-wrapper stk-block-column__content stk-container stk-31295dc-container stk--no-background stk--no-padding\"><div class=\"stk-block-content stk-inner-blocks stk-31295dc-inner-blocks\">\n<figure class=\"wp-block-image aligncenter size-full is-resized\"><img loading=\"lazy\" decoding=\"async\" width=\"949\" height=\"949\" src=\"http:\/\/alumno08.shopenlaces.com.es\/alumno08wp\/wp-content\/uploads\/2026\/02\/8-8-74305-calculadora-cientifica-casio-fx-82ms.jpg\" alt=\"\" class=\"wp-image-889\" style=\"width:506px;height:auto\" srcset=\"http:\/\/alumno08.shopenlaces.com.es\/alumno08wp\/wp-content\/uploads\/2026\/02\/8-8-74305-calculadora-cientifica-casio-fx-82ms.jpg 949w, http:\/\/alumno08.shopenlaces.com.es\/alumno08wp\/wp-content\/uploads\/2026\/02\/8-8-74305-calculadora-cientifica-casio-fx-82ms-300x300.jpg 300w, http:\/\/alumno08.shopenlaces.com.es\/alumno08wp\/wp-content\/uploads\/2026\/02\/8-8-74305-calculadora-cientifica-casio-fx-82ms-150x150.jpg 150w, http:\/\/alumno08.shopenlaces.com.es\/alumno08wp\/wp-content\/uploads\/2026\/02\/8-8-74305-calculadora-cientifica-casio-fx-82ms-768x768.jpg 768w\" sizes=\"auto, (max-width: 949px) 100vw, 949px\" \/><\/figure>\n<\/div><\/div><\/div>\n<\/div><div class=\"stk-block-carousel__buttons\"><button class=\"stk-block-carousel__button stk-block-carousel__button__prev\" aria-label=\"Previous slide\"><svg aria-hidden=\"true\" focusable=\"false\" data-prefix=\"fas\" data-icon=\"chevron-left\" class=\"svg-inline--fa fa-chevron-left\" xmlns=\"http:\/\/www.w3.org\/2000\/svg\" viewBox=\"0 0 320 512\" width=\"32\" height=\"32\"><path d=\"M34.52 239.03L228.87 44.69c9.37-9.37 24.57-9.37 33.94 0l22.67 22.67c9.36 9.36 9.37 24.52.04 33.9L131.49 256l154.02 154.75c9.34 9.38 9.32 24.54-.04 33.9l-22.67 22.67c-9.37 9.37-24.57 9.37-33.94 0L34.52 272.97c-9.37-9.37-9.37-24.57 0-33.94z\"><\/path><\/svg><\/button><button class=\"stk-block-carousel__button stk-block-carousel__button__next\" aria-label=\"Next slide\"><svg aria-hidden=\"true\" focusable=\"false\" data-prefix=\"fas\" data-icon=\"chevron-right\" class=\"svg-inline--fa fa-chevron-right\" xmlns=\"http:\/\/www.w3.org\/2000\/svg\" viewBox=\"0 0 320 512\" width=\"32\" height=\"32\"><path d=\"M285.476 272.971L91.132 467.314c-9.373 9.373-24.569 9.373-33.941 0l-22.667-22.667c-9.357-9.357-9.375-24.522-.04-33.901L188.505 256 34.484 101.255c-9.335-9.379-9.317-24.544.04-33.901l22.667-22.667c9.373-9.373 24.569-9.373 33.941 0L285.475 239.03c9.373 9.372 9.373 24.568.001 33.941z\"><\/path><\/svg><\/button><\/div><\/div><div class=\"stk-block-carousel__dots\" role=\"list\" data-label=\"Slide %%d\"><\/div><\/div><\/div>\n<\/div><\/div><\/div>\n\n\n\n<div class=\"wp-block-stackable-column stk-block-column stk-column stk-block stk-2088410\" data-v=\"4\" data-block-id=\"2088410\"><div class=\"stk-column-wrapper stk-block-column__content stk-container stk-2088410-container stk--no-background stk--no-padding\"><div class=\"stk-block-content stk-inner-blocks stk-2088410-inner-blocks\">\n<p>Calculadora Cient\u00edfica FX-82MS Casio<\/p>\n\n\n\n<div class=\"wp-block-stackable-tabs stk-block-tabs stk-block stk-366e64c\" data-initial-tab=\"1\" data-block-id=\"366e64c\"><style>.stk-366e64c .stk-block-tab-content .stk-block-content .stk-block-column[hidden]{display:none !important;}<\/style><div class=\"stk-row stk-inner-blocks stk-block-content stk-block-tabs--horizontal stk-block-tabs--fade stk-content-align stk-366e64c-column\">\n<div class=\"wp-block-stackable-tab-labels stk-block-tab-labels stk-block stk-4be8b53\" data-block-id=\"4be8b53\"><style>.stk-4be8b53 .stk-block-tabs__tab{color:#999999 !important;background:transparent !important;border-style:solid !important;border-color:transparent !important;border-top-width:0px !important;border-right-width:0px !important;border-bottom-width:2px !important;border-left-width:0px !important;}.stk-4be8b53 .stk-block-tabs__tab.stk-block-tabs__tab--active .stk-block-tab-labels__text{color:#000000 !important;}.stk-4be8b53 {box-shadow:inset 0px -1px 0px 0px #0000001a !important;}.stk-4be8b53 .stk-block-tab-labels__text{color:#999999 !important;}.stk-4be8b53 .stk-block-tabs__tab .stk--inner-svg svg:last-child, .stk-4be8b53 .stk-block-tabs__tab .stk--inner-svg svg:last-child :is(g, path, rect, polygon, ellipse){fill:#909090 !important;}.stk-4be8b53 .stk-block-tabs__tab:not(.stk-block-tabs__tab--active):hover .stk--inner-svg svg:last-child, .stk-4be8b53 .stk-block-tabs__tab:not(.stk-block-tabs__tab--active):hover .stk--inner-svg svg:last-child :is(g, path, rect, polygon, ellipse){fill:#909090 !important;}.stk-4be8b53 .stk-block-tabs__tab.stk-block-tabs__tab--active{border-color:#000000 !important;}.stk-4be8b53 .stk-block-tabs__tab.stk-block-tabs__tab--active .stk--inner-svg svg:last-child, .stk-4be8b53 .stk-block-tabs__tab.stk-block-tabs__tab--active .stk--inner-svg svg:last-child :is(g, path, rect, polygon, ellipse){fill:#000000 !important;}.stk-4be8b53 .stk-block-tabs__tab.stk-block-tabs__tab--active:hover .stk--inner-svg svg:last-child, .stk-4be8b53 .stk-block-tabs__tab.stk-block-tabs__tab--active:hover .stk--inner-svg svg:last-child :is(g, path, rect, polygon, ellipse){fill:#000000 !important;}<\/style><div class=\"stk-block-tab-labels__wrapper\" role=\"tablist\"><button class=\"stk-block-tabs__tab\" role=\"tab\"><div class=\"stk-block-tab-labels__text\"><span>Descripci\u00f3n<\/span><\/div><\/button><button class=\"stk-block-tabs__tab\" role=\"tab\"><div class=\"stk-block-tab-labels__text\"><span>Caracter\u00edsticas<\/span><\/div><\/button><\/div><\/div>\n\n\n\n<div class=\"wp-block-stackable-tab-content stk-block-tab-content stk-block stk-6557f55\" data-block-id=\"6557f55\"><div class=\"stk-row stk-inner-blocks stk-block-content stk-content-align stk-6557f55-column\">\n<div class=\"wp-block-stackable-column stk-block-column stk-column stk-block stk-ff19696\" data-v=\"4\" role=\"tabpanel\" data-block-id=\"ff19696\"><div class=\"stk-column-wrapper stk-block-column__content stk-container stk-ff19696-container stk--no-background stk--no-padding\"><div class=\"stk-block-content stk-inner-blocks stk-ff19696-inner-blocks\">\n<p>Calculadora cient\u00edfica Casio FX-82MS, dise\u00f1ada para resolver c\u00e1lculos matem\u00e1ticos y cient\u00edficos con rapidez y precisi\u00f3n. Cuenta con m\u00faltiples funciones integradas que facilitan operaciones como fracciones, trigonometr\u00eda y estad\u00edsticas. Su dise\u00f1o compacto y resistente la hace ideal para estudiantes de secundaria, bachillerato y universidad.<br><\/p>\n<\/div><\/div><\/div>\n\n\n\n<div class=\"wp-block-stackable-column stk-block-column stk-column stk-block stk-0f1ef14\" data-v=\"4\" role=\"tabpanel\" data-block-id=\"0f1ef14\"><div class=\"stk-column-wrapper stk-block-column__content stk-container stk-0f1ef14-container stk--no-background stk--no-padding\"><div class=\"stk-block-content stk-inner-blocks stk-0f1ef14-inner-blocks\">\n<ul class=\"wp-block-list\">\n<li>Marca Casio.<\/li>\n\n\n\n<li>Modelo FX-82MS.<\/li>\n\n\n\n<li>Calculadora cient\u00edfica.<\/li>\n\n\n\n<li>M\u00faltiples funciones matem\u00e1ticas y cient\u00edficas.<\/li>\n\n\n\n<li>Pantalla de f\u00e1cil lectura.<\/li>\n\n\n\n<li>Teclas resistentes y duraderas.<\/li>\n\n\n\n<li>Ideal para uso escolar y acad\u00e9mico.<\/li>\n<\/ul>\n<\/div><\/div><\/div>\n<\/div><\/div>\n<\/div><\/div>\n<\/div><\/div><\/div>\n<\/div><\/div>\n\n\n\n<p><\/p>\n","protected":false},"excerpt":{"rendered":"<p>Calculadora Cient\u00edfica FX-82MS Casio Descripci\u00f3n Caracter\u00edsticas Calculadora cient\u00edfica Casio FX-82MS, dise\u00f1ada para resolver c\u00e1lculos matem\u00e1ticos y cient\u00edficos con rapidez y precisi\u00f3n. Cuenta con m\u00faltiples funciones integradas que facilitan operaciones como fracciones, trigonometr\u00eda y estad\u00edsticas. Su dise\u00f1o compacto y resistente la hace ideal para estudiantes de secundaria, bachillerato y universidad.<\/p>\n","protected":false},"author":1,"featured_media":0,"parent":0,"menu_order":0,"comment_status":"closed","ping_status":"closed","template":"","meta":{"footnotes":""},"class_list":["post-885","page","type-page","status-publish","hentry"],"blocksy_meta":[],"_links":{"self":[{"href":"http:\/\/alumno08.shopenlaces.com.es\/alumno08wp\/index.php?rest_route=\/wp\/v2\/pages\/885","targetHints":{"allow":["GET"]}}],"collection":[{"href":"http:\/\/alumno08.shopenlaces.com.es\/alumno08wp\/index.php?rest_route=\/wp\/v2\/pages"}],"about":[{"href":"http:\/\/alumno08.shopenlaces.com.es\/alumno08wp\/index.php?rest_route=\/wp\/v2\/types\/page"}],"author":[{"embeddable":true,"href":"http:\/\/alumno08.shopenlaces.com.es\/alumno08wp\/index.php?rest_route=\/wp\/v2\/users\/1"}],"replies":[{"embeddable":true,"href":"http:\/\/alumno08.shopenlaces.com.es\/alumno08wp\/index.php?rest_route=%2Fwp%2Fv2%2Fcomments&post=885"}],"version-history":[{"count":2,"href":"http:\/\/alumno08.shopenlaces.com.es\/alumno08wp\/index.php?rest_route=\/wp\/v2\/pages\/885\/revisions"}],"predecessor-version":[{"id":894,"href":"http:\/\/alumno08.shopenlaces.com.es\/alumno08wp\/index.php?rest_route=\/wp\/v2\/pages\/885\/revisions\/894"}],"wp:attachment":[{"href":"http:\/\/alumno08.shopenlaces.com.es\/alumno08wp\/index.php?rest_route=%2Fwp%2Fv2%2Fmedia&parent=885"}],"curies":[{"name":"wp","href":"https:\/\/api.w.org\/{rel}","templated":true}]}}