{"id":899,"date":"2026-02-02T17:48:09","date_gmt":"2026-02-02T16:48:09","guid":{"rendered":"http:\/\/alumno08.shopenlaces.com.es\/alumno08wp\/?page_id=899"},"modified":"2026-02-02T17:48:09","modified_gmt":"2026-02-02T16:48:09","slug":"tijera-maped-titanium-de-17-cm","status":"publish","type":"page","link":"http:\/\/alumno08.shopenlaces.com.es\/alumno08wp\/?page_id=899","title":{"rendered":"Tijera Maped titanium de 17 cm"},"content":{"rendered":"\n<div class=\"wp-block-stackable-columns stk-block-columns stk-block stk-c8717e7\" data-block-id=\"c8717e7\"><div class=\"stk-row stk-inner-blocks stk-block-content stk-content-align stk-c8717e7-column\">\n<div class=\"wp-block-stackable-column stk-block-column stk-column stk-block stk-d5638b9\" data-v=\"4\" data-block-id=\"d5638b9\"><div class=\"stk-column-wrapper stk-block-column__content stk-container stk-d5638b9-container stk--no-background stk--no-padding\"><div class=\"stk-block-content stk-inner-blocks stk-d5638b9-inner-blocks\">\n<div class=\"wp-block-stackable-carousel stk-block-carousel stk--is-slide stk--arrows-justify-space-between stk--arrows-align-center stk-block stk-9cae2e4\" data-slides-to-show=\"\" data-block-id=\"9cae2e4\"><div class=\"stk-block-carousel__content-wrapper\"><div class=\"stk-row stk-inner-blocks stk-block-content stk-block-carousel__slider-wrapper stk-content-align stk-9cae2e4-column\"><div class=\"stk-block-carousel__slider\" role=\"list\" data-autoplay=\"4000\" data-label-slide-of=\"Slide %%d of %%d\" tabindex=\"0\">\n<div class=\"wp-block-stackable-column stk-block-column stk-column stk-block stk-535091d\" data-v=\"4\" data-block-id=\"535091d\"><div class=\"stk-column-wrapper stk-block-column__content stk-container stk-535091d-container stk--no-background stk--no-padding\"><div class=\"stk-block-content stk-inner-blocks stk-535091d-inner-blocks\">\n<figure class=\"wp-block-image aligncenter size-large is-resized\"><img loading=\"lazy\" decoding=\"async\" width=\"355\" height=\"1024\" src=\"http:\/\/alumno08.shopenlaces.com.es\/alumno08wp\/wp-content\/uploads\/2026\/02\/810700WMOXL._AC_SL1500_-1-355x1024.jpg\" alt=\"\" class=\"wp-image-900\" style=\"aspect-ratio:0.3466849774929427;width:166px;height:auto\" srcset=\"http:\/\/alumno08.shopenlaces.com.es\/alumno08wp\/wp-content\/uploads\/2026\/02\/810700WMOXL._AC_SL1500_-1-355x1024.jpg 355w, http:\/\/alumno08.shopenlaces.com.es\/alumno08wp\/wp-content\/uploads\/2026\/02\/810700WMOXL._AC_SL1500_-1-104x300.jpg 104w, http:\/\/alumno08.shopenlaces.com.es\/alumno08wp\/wp-content\/uploads\/2026\/02\/810700WMOXL._AC_SL1500_-1.jpg 520w\" sizes=\"auto, (max-width: 355px) 100vw, 355px\" \/><\/figure>\n<\/div><\/div><\/div>\n\n\n\n<div class=\"wp-block-stackable-column stk-block-column stk-column stk-block stk-8c5e916\" data-v=\"4\" data-block-id=\"8c5e916\"><div class=\"stk-column-wrapper stk-block-column__content stk-container stk-8c5e916-container stk--no-background stk--no-padding\"><div class=\"stk-block-content stk-inner-blocks stk-8c5e916-inner-blocks\">\n<figure class=\"wp-block-image aligncenter size-large\"><img loading=\"lazy\" decoding=\"async\" width=\"1024\" height=\"407\" src=\"http:\/\/alumno08.shopenlaces.com.es\/alumno08wp\/wp-content\/uploads\/2026\/02\/617V5tFtxLL._AC_SL1500_-1024x407.jpg\" alt=\"\" class=\"wp-image-901\" srcset=\"http:\/\/alumno08.shopenlaces.com.es\/alumno08wp\/wp-content\/uploads\/2026\/02\/617V5tFtxLL._AC_SL1500_-1024x407.jpg 1024w, http:\/\/alumno08.shopenlaces.com.es\/alumno08wp\/wp-content\/uploads\/2026\/02\/617V5tFtxLL._AC_SL1500_-300x119.jpg 300w, http:\/\/alumno08.shopenlaces.com.es\/alumno08wp\/wp-content\/uploads\/2026\/02\/617V5tFtxLL._AC_SL1500_-768x305.jpg 768w, http:\/\/alumno08.shopenlaces.com.es\/alumno08wp\/wp-content\/uploads\/2026\/02\/617V5tFtxLL._AC_SL1500_.jpg 1500w\" sizes=\"auto, (max-width: 1024px) 100vw, 1024px\" \/><\/figure>\n<\/div><\/div><\/div>\n\n\n\n<div class=\"wp-block-stackable-column stk-block-column stk-column stk-block stk-66a7835\" data-v=\"4\" data-block-id=\"66a7835\"><div class=\"stk-column-wrapper stk-block-column__content stk-container stk-66a7835-container stk--no-background stk--no-padding\"><div class=\"stk-block-content stk-inner-blocks stk-66a7835-inner-blocks\">\n<figure class=\"wp-block-image aligncenter size-large\"><img loading=\"lazy\" decoding=\"async\" width=\"1024\" height=\"546\" src=\"http:\/\/alumno08.shopenlaces.com.es\/alumno08wp\/wp-content\/uploads\/2026\/02\/61LDuHcwCL._AC_SL1500_-1024x546.jpg\" alt=\"\" class=\"wp-image-902\" srcset=\"http:\/\/alumno08.shopenlaces.com.es\/alumno08wp\/wp-content\/uploads\/2026\/02\/61LDuHcwCL._AC_SL1500_-1024x546.jpg 1024w, http:\/\/alumno08.shopenlaces.com.es\/alumno08wp\/wp-content\/uploads\/2026\/02\/61LDuHcwCL._AC_SL1500_-300x160.jpg 300w, http:\/\/alumno08.shopenlaces.com.es\/alumno08wp\/wp-content\/uploads\/2026\/02\/61LDuHcwCL._AC_SL1500_-768x410.jpg 768w, http:\/\/alumno08.shopenlaces.com.es\/alumno08wp\/wp-content\/uploads\/2026\/02\/61LDuHcwCL._AC_SL1500_.jpg 1500w\" sizes=\"auto, (max-width: 1024px) 100vw, 1024px\" \/><\/figure>\n<\/div><\/div><\/div>\n<\/div><div class=\"stk-block-carousel__buttons\"><button class=\"stk-block-carousel__button stk-block-carousel__button__prev\" aria-label=\"Previous slide\"><svg aria-hidden=\"true\" focusable=\"false\" data-prefix=\"fas\" data-icon=\"chevron-left\" class=\"svg-inline--fa fa-chevron-left\" xmlns=\"http:\/\/www.w3.org\/2000\/svg\" viewBox=\"0 0 320 512\" width=\"32\" height=\"32\"><path d=\"M34.52 239.03L228.87 44.69c9.37-9.37 24.57-9.37 33.94 0l22.67 22.67c9.36 9.36 9.37 24.52.04 33.9L131.49 256l154.02 154.75c9.34 9.38 9.32 24.54-.04 33.9l-22.67 22.67c-9.37 9.37-24.57 9.37-33.94 0L34.52 272.97c-9.37-9.37-9.37-24.57 0-33.94z\"><\/path><\/svg><\/button><button class=\"stk-block-carousel__button stk-block-carousel__button__next\" aria-label=\"Next slide\"><svg aria-hidden=\"true\" focusable=\"false\" data-prefix=\"fas\" data-icon=\"chevron-right\" class=\"svg-inline--fa fa-chevron-right\" xmlns=\"http:\/\/www.w3.org\/2000\/svg\" viewBox=\"0 0 320 512\" width=\"32\" height=\"32\"><path d=\"M285.476 272.971L91.132 467.314c-9.373 9.373-24.569 9.373-33.941 0l-22.667-22.667c-9.357-9.357-9.375-24.522-.04-33.901L188.505 256 34.484 101.255c-9.335-9.379-9.317-24.544.04-33.901l22.667-22.667c9.373-9.373 24.569-9.373 33.941 0L285.475 239.03c9.373 9.372 9.373 24.568.001 33.941z\"><\/path><\/svg><\/button><\/div><\/div><div class=\"stk-block-carousel__dots\" role=\"list\" data-label=\"Slide %%d\"><\/div><\/div><\/div>\n<\/div><\/div><\/div>\n\n\n\n<div class=\"wp-block-stackable-column stk-block-column stk-column stk-block stk-992ca75\" data-v=\"4\" data-block-id=\"992ca75\"><div class=\"stk-column-wrapper stk-block-column__content stk-container stk-992ca75-container stk--no-background stk--no-padding\"><div class=\"stk-block-content stk-inner-blocks stk-992ca75-inner-blocks\">\n<p>Tijera Maped titanium de 17 cm<\/p>\n\n\n\n<div class=\"wp-block-stackable-tabs stk-block-tabs stk-block stk-ef475c6\" data-initial-tab=\"1\" data-block-id=\"ef475c6\"><style>.stk-ef475c6 .stk-block-tab-content .stk-block-content .stk-block-column[hidden]{display:none !important;}<\/style><div class=\"stk-row stk-inner-blocks stk-block-content stk-block-tabs--horizontal stk-block-tabs--fade stk-content-align stk-ef475c6-column\">\n<div class=\"wp-block-stackable-tab-labels stk-block-tab-labels stk-block stk-9bf8975\" data-block-id=\"9bf8975\"><style>.stk-9bf8975 .stk-block-tabs__tab{color:#999999 !important;background:transparent !important;border-style:solid !important;border-color:transparent !important;border-top-width:0px !important;border-right-width:0px !important;border-bottom-width:2px !important;border-left-width:0px !important;}.stk-9bf8975 .stk-block-tabs__tab.stk-block-tabs__tab--active .stk-block-tab-labels__text{color:#000000 !important;}.stk-9bf8975 {box-shadow:inset 0px -1px 0px 0px rgba(0,0,0, 0.1) !important;}.stk-9bf8975 .stk-block-tab-labels__text{color:#999999 !important;}.stk-9bf8975 .stk-block-tabs__tab .stk--inner-svg svg:last-child, .stk-9bf8975 .stk-block-tabs__tab .stk--inner-svg svg:last-child :is(g, path, rect, polygon, ellipse){fill:#909090 !important;}.stk-9bf8975 .stk-block-tabs__tab:not(.stk-block-tabs__tab--active):hover .stk--inner-svg svg:last-child, .stk-9bf8975 .stk-block-tabs__tab:not(.stk-block-tabs__tab--active):hover .stk--inner-svg svg:last-child :is(g, path, rect, polygon, ellipse){fill:#909090 !important;}.stk-9bf8975 .stk-block-tabs__tab.stk-block-tabs__tab--active{border-color:#000000 !important;}.stk-9bf8975 .stk-block-tabs__tab.stk-block-tabs__tab--active .stk--inner-svg svg:last-child, .stk-9bf8975 .stk-block-tabs__tab.stk-block-tabs__tab--active .stk--inner-svg svg:last-child :is(g, path, rect, polygon, ellipse){fill:#000000 !important;}.stk-9bf8975 .stk-block-tabs__tab.stk-block-tabs__tab--active:hover .stk--inner-svg svg:last-child, .stk-9bf8975 .stk-block-tabs__tab.stk-block-tabs__tab--active:hover .stk--inner-svg svg:last-child :is(g, path, rect, polygon, ellipse){fill:#000000 !important;}<\/style><div class=\"stk-block-tab-labels__wrapper\" role=\"tablist\"><button class=\"stk-block-tabs__tab\" role=\"tab\"><div class=\"stk-block-tab-labels__text\"><span>Descripci\u00f3n<\/span><\/div><\/button><button class=\"stk-block-tabs__tab\" role=\"tab\"><div class=\"stk-block-tab-labels__text\"><span>Caracter\u00edticas<\/span><\/div><\/button><\/div><\/div>\n\n\n\n<div class=\"wp-block-stackable-tab-content stk-block-tab-content stk-block stk-3756ad8\" data-block-id=\"3756ad8\"><div class=\"stk-row stk-inner-blocks stk-block-content stk-content-align stk-3756ad8-column\">\n<div class=\"wp-block-stackable-column stk-block-column stk-column stk-block stk-bfe1817\" data-v=\"4\" role=\"tabpanel\" data-block-id=\"bfe1817\"><div class=\"stk-column-wrapper stk-block-column__content stk-container stk-bfe1817-container stk--no-background stk--no-padding\"><div class=\"stk-block-content stk-inner-blocks stk-bfe1817-inner-blocks\">\n<p>Tijeras Maped Titanium de 17 cm en color negro con detalles en azul. Fabricadas con hojas de acero inoxidable revestidas de titanio, ofrecen una resistencia y durabilidad superiores para un corte preciso en diversos materiales. Cuentan con mangos ergon\u00f3micos 3D bi-material que garantizan el m\u00e1ximo confort durante su uso prolongado. Con ellas, tendr\u00e1s una herramienta fiable y de alto rendimiento que mantiene su afilado por mucho m\u00e1s tiempo que una tijera convencional.<\/p>\n<\/div><\/div><\/div>\n\n\n\n<div class=\"wp-block-stackable-column stk-block-column stk-column stk-block stk-050dd3b\" data-v=\"4\" role=\"tabpanel\" data-block-id=\"050dd3b\"><div class=\"stk-column-wrapper stk-block-column__content stk-container stk-050dd3b-container stk--no-background stk--no-padding\"><div class=\"stk-block-content stk-inner-blocks stk-050dd3b-inner-blocks\">\n<ul class=\"wp-block-list\">\n<li>Hojas de acero inoxidable con recubrimiento de titanio.<\/li>\n\n\n\n<li>Mangos ergon\u00f3micos 3D con tacto suave (bi-material).<\/li>\n\n\n\n<li>Corte de alta precisi\u00f3n y ultra resistente.<\/li>\n\n\n\n<li>Durabilidad: Revestimiento de titanio que prolonga la vida del filo.<\/li>\n\n\n\n<li>Longitud de 17 cm (7 pulgadas).<\/li>\n\n\n\n<li>Ideal para oficina, hogar o manualidades.<\/li>\n<\/ul>\n<\/div><\/div><\/div>\n<\/div><\/div>\n<\/div><\/div>\n<\/div><\/div><\/div>\n<\/div><\/div>\n","protected":false},"excerpt":{"rendered":"<p>Tijera Maped titanium de 17 cm Descripci\u00f3n Caracter\u00edticas Tijeras Maped Titanium de 17 cm en color negro con detalles en azul. Fabricadas con hojas de acero inoxidable revestidas de titanio, ofrecen una resistencia y durabilidad superiores para un corte preciso en diversos materiales. Cuentan con mangos ergon\u00f3micos 3D bi-material que garantizan el m\u00e1ximo confort durante [&hellip;]<\/p>\n","protected":false},"author":1,"featured_media":0,"parent":0,"menu_order":0,"comment_status":"closed","ping_status":"closed","template":"","meta":{"footnotes":""},"class_list":["post-899","page","type-page","status-publish","hentry"],"blocksy_meta":[],"_links":{"self":[{"href":"http:\/\/alumno08.shopenlaces.com.es\/alumno08wp\/index.php?rest_route=\/wp\/v2\/pages\/899","targetHints":{"allow":["GET"]}}],"collection":[{"href":"http:\/\/alumno08.shopenlaces.com.es\/alumno08wp\/index.php?rest_route=\/wp\/v2\/pages"}],"about":[{"href":"http:\/\/alumno08.shopenlaces.com.es\/alumno08wp\/index.php?rest_route=\/wp\/v2\/types\/page"}],"author":[{"embeddable":true,"href":"http:\/\/alumno08.shopenlaces.com.es\/alumno08wp\/index.php?rest_route=\/wp\/v2\/users\/1"}],"replies":[{"embeddable":true,"href":"http:\/\/alumno08.shopenlaces.com.es\/alumno08wp\/index.php?rest_route=%2Fwp%2Fv2%2Fcomments&post=899"}],"version-history":[{"count":1,"href":"http:\/\/alumno08.shopenlaces.com.es\/alumno08wp\/index.php?rest_route=\/wp\/v2\/pages\/899\/revisions"}],"predecessor-version":[{"id":903,"href":"http:\/\/alumno08.shopenlaces.com.es\/alumno08wp\/index.php?rest_route=\/wp\/v2\/pages\/899\/revisions\/903"}],"wp:attachment":[{"href":"http:\/\/alumno08.shopenlaces.com.es\/alumno08wp\/index.php?rest_route=%2Fwp%2Fv2%2Fmedia&parent=899"}],"curies":[{"name":"wp","href":"https:\/\/api.w.org\/{rel}","templated":true}]}}