{"id":905,"date":"2026-02-02T17:53:17","date_gmt":"2026-02-02T16:53:17","guid":{"rendered":"http:\/\/alumno08.shopenlaces.com.es\/alumno08wp\/?page_id=905"},"modified":"2026-02-02T17:53:17","modified_gmt":"2026-02-02T16:53:17","slug":"pegamento-con-purpurina-efecto-3d-5-tubos-apli-kids","status":"publish","type":"page","link":"http:\/\/alumno08.shopenlaces.com.es\/alumno08wp\/?page_id=905","title":{"rendered":"Pegamento con purpurina efecto 3D 5 tubos Apli Kids"},"content":{"rendered":"\n<div class=\"wp-block-stackable-columns stk-block-columns stk-block stk-b4ff5a0\" data-block-id=\"b4ff5a0\"><div class=\"stk-row stk-inner-blocks stk-block-content stk-content-align stk-b4ff5a0-column\">\n<div class=\"wp-block-stackable-column stk-block-column stk-column stk-block stk-d3676c0\" data-v=\"4\" data-block-id=\"d3676c0\"><div class=\"stk-column-wrapper stk-block-column__content stk-container stk-d3676c0-container stk--no-background stk--no-padding\"><div class=\"stk-block-content stk-inner-blocks stk-d3676c0-inner-blocks\">\n<div class=\"wp-block-stackable-carousel stk-block-carousel stk--is-slide stk--arrows-justify-space-between stk--arrows-align-center stk-block stk-4174732\" data-slides-to-show=\"\" data-block-id=\"4174732\"><div class=\"stk-block-carousel__content-wrapper\"><div class=\"stk-row stk-inner-blocks stk-block-content stk-block-carousel__slider-wrapper stk-content-align stk-4174732-column\"><div class=\"stk-block-carousel__slider\" role=\"list\" data-autoplay=\"4000\" data-label-slide-of=\"Slide %%d of %%d\" tabindex=\"0\">\n<div class=\"wp-block-stackable-column stk-block-column stk-column stk-block stk-ca3f388\" data-v=\"4\" data-block-id=\"ca3f388\"><div class=\"stk-column-wrapper stk-block-column__content stk-container stk-ca3f388-container stk--no-background stk--no-padding\"><div class=\"stk-block-content stk-inner-blocks stk-ca3f388-inner-blocks\">\n<figure class=\"wp-block-image aligncenter size-full is-resized\"><img loading=\"lazy\" decoding=\"async\" width=\"278\" height=\"500\" src=\"http:\/\/alumno08.shopenlaces.com.es\/alumno08wp\/wp-content\/uploads\/2026\/02\/841078213223-1.jpg\" alt=\"\" class=\"wp-image-906\" style=\"aspect-ratio:0.55596875;width:239px;height:auto\" srcset=\"http:\/\/alumno08.shopenlaces.com.es\/alumno08wp\/wp-content\/uploads\/2026\/02\/841078213223-1.jpg 278w, http:\/\/alumno08.shopenlaces.com.es\/alumno08wp\/wp-content\/uploads\/2026\/02\/841078213223-1-167x300.jpg 167w\" sizes=\"auto, (max-width: 278px) 100vw, 278px\" \/><\/figure>\n<\/div><\/div><\/div>\n\n\n\n<div class=\"wp-block-stackable-column stk-block-column stk-column stk-block stk-f45bcb6\" data-v=\"4\" data-block-id=\"f45bcb6\"><div class=\"stk-column-wrapper stk-block-column__content stk-container stk-f45bcb6-container stk--no-background stk--no-padding\"><div class=\"stk-block-content stk-inner-blocks stk-f45bcb6-inner-blocks\">\n<figure class=\"wp-block-image aligncenter size-large\"><img loading=\"lazy\" decoding=\"async\" width=\"1024\" height=\"683\" src=\"http:\/\/alumno08.shopenlaces.com.es\/alumno08wp\/wp-content\/uploads\/2026\/02\/71k7kvdh5L._AC_SL1500_-1024x683.jpg\" alt=\"\" class=\"wp-image-908\" srcset=\"http:\/\/alumno08.shopenlaces.com.es\/alumno08wp\/wp-content\/uploads\/2026\/02\/71k7kvdh5L._AC_SL1500_-1024x683.jpg 1024w, http:\/\/alumno08.shopenlaces.com.es\/alumno08wp\/wp-content\/uploads\/2026\/02\/71k7kvdh5L._AC_SL1500_-300x200.jpg 300w, http:\/\/alumno08.shopenlaces.com.es\/alumno08wp\/wp-content\/uploads\/2026\/02\/71k7kvdh5L._AC_SL1500_-768x512.jpg 768w, http:\/\/alumno08.shopenlaces.com.es\/alumno08wp\/wp-content\/uploads\/2026\/02\/71k7kvdh5L._AC_SL1500_.jpg 1500w\" sizes=\"auto, (max-width: 1024px) 100vw, 1024px\" \/><\/figure>\n<\/div><\/div><\/div>\n\n\n\n<div class=\"wp-block-stackable-column stk-block-column stk-column stk-block stk-bf3bca1\" data-v=\"4\" data-block-id=\"bf3bca1\"><div class=\"stk-column-wrapper stk-block-column__content stk-container stk-bf3bca1-container stk--no-background stk--no-padding\"><div class=\"stk-block-content stk-inner-blocks stk-bf3bca1-inner-blocks\">\n<figure class=\"wp-block-image aligncenter size-full is-resized\"><img loading=\"lazy\" decoding=\"async\" width=\"800\" height=\"800\" src=\"http:\/\/alumno08.shopenlaces.com.es\/alumno08wp\/wp-content\/uploads\/2026\/02\/DE000030_05.jpg\" alt=\"\" class=\"wp-image-910\" style=\"width:408px;height:auto\" srcset=\"http:\/\/alumno08.shopenlaces.com.es\/alumno08wp\/wp-content\/uploads\/2026\/02\/DE000030_05.jpg 800w, http:\/\/alumno08.shopenlaces.com.es\/alumno08wp\/wp-content\/uploads\/2026\/02\/DE000030_05-300x300.jpg 300w, http:\/\/alumno08.shopenlaces.com.es\/alumno08wp\/wp-content\/uploads\/2026\/02\/DE000030_05-150x150.jpg 150w, http:\/\/alumno08.shopenlaces.com.es\/alumno08wp\/wp-content\/uploads\/2026\/02\/DE000030_05-768x768.jpg 768w\" sizes=\"auto, (max-width: 800px) 100vw, 800px\" \/><\/figure>\n<\/div><\/div><\/div>\n<\/div><div class=\"stk-block-carousel__buttons\"><button class=\"stk-block-carousel__button stk-block-carousel__button__prev\" aria-label=\"Previous slide\"><svg aria-hidden=\"true\" focusable=\"false\" data-prefix=\"fas\" data-icon=\"chevron-left\" class=\"svg-inline--fa fa-chevron-left\" xmlns=\"http:\/\/www.w3.org\/2000\/svg\" viewBox=\"0 0 320 512\" width=\"32\" height=\"32\"><path d=\"M34.52 239.03L228.87 44.69c9.37-9.37 24.57-9.37 33.94 0l22.67 22.67c9.36 9.36 9.37 24.52.04 33.9L131.49 256l154.02 154.75c9.34 9.38 9.32 24.54-.04 33.9l-22.67 22.67c-9.37 9.37-24.57 9.37-33.94 0L34.52 272.97c-9.37-9.37-9.37-24.57 0-33.94z\"><\/path><\/svg><\/button><button class=\"stk-block-carousel__button stk-block-carousel__button__next\" aria-label=\"Next slide\"><svg aria-hidden=\"true\" focusable=\"false\" data-prefix=\"fas\" data-icon=\"chevron-right\" class=\"svg-inline--fa fa-chevron-right\" xmlns=\"http:\/\/www.w3.org\/2000\/svg\" viewBox=\"0 0 320 512\" width=\"32\" height=\"32\"><path d=\"M285.476 272.971L91.132 467.314c-9.373 9.373-24.569 9.373-33.941 0l-22.667-22.667c-9.357-9.357-9.375-24.522-.04-33.901L188.505 256 34.484 101.255c-9.335-9.379-9.317-24.544.04-33.901l22.667-22.667c9.373-9.373 24.569-9.373 33.941 0L285.475 239.03c9.373 9.372 9.373 24.568.001 33.941z\"><\/path><\/svg><\/button><\/div><\/div><div class=\"stk-block-carousel__dots\" role=\"list\" data-label=\"Slide %%d\"><\/div><\/div><\/div>\n<\/div><\/div><\/div>\n\n\n\n<div class=\"wp-block-stackable-column stk-block-column stk-column stk-block stk-cb3a507\" data-v=\"4\" data-block-id=\"cb3a507\"><div class=\"stk-column-wrapper stk-block-column__content stk-container stk-cb3a507-container stk--no-background stk--no-padding\"><div class=\"stk-block-content stk-inner-blocks stk-cb3a507-inner-blocks\">\n<p>Pegamento con purpurina efecto 3D 5 tubos Apli Kids<\/p>\n\n\n\n<div class=\"wp-block-stackable-tabs stk-block-tabs stk-block stk-9c2b0ee\" data-initial-tab=\"1\" data-block-id=\"9c2b0ee\"><style>.stk-9c2b0ee .stk-block-tab-content .stk-block-content .stk-block-column[hidden]{display:none !important;}<\/style><div class=\"stk-row stk-inner-blocks stk-block-content stk-block-tabs--horizontal stk-block-tabs--fade stk-content-align stk-9c2b0ee-column\">\n<div class=\"wp-block-stackable-tab-labels stk-block-tab-labels stk-block stk-c48ee71\" data-block-id=\"c48ee71\"><style>.stk-c48ee71 .stk-block-tabs__tab{color:#999999 !important;background:transparent !important;border-style:solid !important;border-color:transparent !important;border-top-width:0px !important;border-right-width:0px !important;border-bottom-width:2px !important;border-left-width:0px !important;}.stk-c48ee71 .stk-block-tabs__tab.stk-block-tabs__tab--active .stk-block-tab-labels__text{color:#000000 !important;}.stk-c48ee71 {box-shadow:inset 0px -1px 0px 0px rgba(0,0,0, 0.1) !important;}.stk-c48ee71 .stk-block-tab-labels__text{color:#999999 !important;}.stk-c48ee71 .stk-block-tabs__tab .stk--inner-svg svg:last-child, .stk-c48ee71 .stk-block-tabs__tab .stk--inner-svg svg:last-child :is(g, path, rect, polygon, ellipse){fill:#909090 !important;}.stk-c48ee71 .stk-block-tabs__tab:not(.stk-block-tabs__tab--active):hover .stk--inner-svg svg:last-child, .stk-c48ee71 .stk-block-tabs__tab:not(.stk-block-tabs__tab--active):hover .stk--inner-svg svg:last-child :is(g, path, rect, polygon, ellipse){fill:#909090 !important;}.stk-c48ee71 .stk-block-tabs__tab.stk-block-tabs__tab--active{border-color:#000000 !important;}.stk-c48ee71 .stk-block-tabs__tab.stk-block-tabs__tab--active .stk--inner-svg svg:last-child, .stk-c48ee71 .stk-block-tabs__tab.stk-block-tabs__tab--active .stk--inner-svg svg:last-child :is(g, path, rect, polygon, ellipse){fill:#000000 !important;}.stk-c48ee71 .stk-block-tabs__tab.stk-block-tabs__tab--active:hover .stk--inner-svg svg:last-child, .stk-c48ee71 .stk-block-tabs__tab.stk-block-tabs__tab--active:hover .stk--inner-svg svg:last-child :is(g, path, rect, polygon, ellipse){fill:#000000 !important;}<\/style><div class=\"stk-block-tab-labels__wrapper\" role=\"tablist\"><button class=\"stk-block-tabs__tab\" role=\"tab\"><div class=\"stk-block-tab-labels__text\"><span>Descripci\u00f3n<\/span><\/div><\/button><button class=\"stk-block-tabs__tab\" role=\"tab\"><div class=\"stk-block-tab-labels__text\"><span>Caracter\u00edsticas<\/span><\/div><\/button><\/div><\/div>\n\n\n\n<div class=\"wp-block-stackable-tab-content stk-block-tab-content stk-block stk-9ce69c2\" data-block-id=\"9ce69c2\"><div class=\"stk-row stk-inner-blocks stk-block-content stk-content-align stk-9ce69c2-column\">\n<div class=\"wp-block-stackable-column stk-block-column stk-column stk-block stk-7fde685\" data-v=\"4\" role=\"tabpanel\" data-block-id=\"7fde685\"><div class=\"stk-column-wrapper stk-block-column__content stk-container stk-7fde685-container stk--no-background stk--no-padding\"><div class=\"stk-block-content stk-inner-blocks stk-7fde685-inner-blocks\">\n<p>Pegamento con purpurina efecto 3D de Apli Kids en un pack de 5 tubos de colores vibrantes. Dise\u00f1ados para dar relieve y brillo a cualquier manualidad, estos tubos cuentan con una boquilla dosificadora que permite una aplicaci\u00f3n limpia y precisa. Su f\u00f3rmula es ideal para decorar papel, cartulina o cart\u00f3n, aportando un acabado espectacular con volumen.<\/p>\n<\/div><\/div><\/div>\n\n\n\n<div class=\"wp-block-stackable-column stk-block-column stk-column stk-block stk-b19497f\" data-v=\"4\" role=\"tabpanel\" data-block-id=\"b19497f\"><div class=\"stk-column-wrapper stk-block-column__content stk-container stk-b19497f-container stk--no-background stk--no-padding\"><div class=\"stk-block-content stk-inner-blocks stk-b19497f-inner-blocks\">\n<ul class=\"wp-block-list\">\n<li>Efecto relieve 3D con acabado brillante (glitter).<\/li>\n\n\n\n<li>Pack de 5 tubos de colores surtidos.<\/li>\n\n\n\n<li>Aplicador boquilla de precisi\u00f3n para trazos detallados.<\/li>\n\n\n\n<li>Seguridad: Lavable y apto para uso escolar.<\/li>\n\n\n\n<li>Secado al aire para fijar el volumen y el brillo.<\/li>\n\n\n\n<li>Decoraci\u00f3n creativa y manualidades infantiles.<\/li>\n<\/ul>\n<\/div><\/div><\/div>\n<\/div><\/div>\n<\/div><\/div>\n<\/div><\/div><\/div>\n<\/div><\/div>\n\n\n\n<p><\/p>\n","protected":false},"excerpt":{"rendered":"<p>Pegamento con purpurina efecto 3D 5 tubos Apli Kids Descripci\u00f3n Caracter\u00edsticas Pegamento con purpurina efecto 3D de Apli Kids en un pack de 5 tubos de colores vibrantes. Dise\u00f1ados para dar relieve y brillo a cualquier manualidad, estos tubos cuentan con una boquilla dosificadora que permite una aplicaci\u00f3n limpia y precisa. Su f\u00f3rmula es ideal [&hellip;]<\/p>\n","protected":false},"author":1,"featured_media":0,"parent":0,"menu_order":0,"comment_status":"closed","ping_status":"closed","template":"","meta":{"footnotes":""},"class_list":["post-905","page","type-page","status-publish","hentry"],"blocksy_meta":[],"_links":{"self":[{"href":"http:\/\/alumno08.shopenlaces.com.es\/alumno08wp\/index.php?rest_route=\/wp\/v2\/pages\/905","targetHints":{"allow":["GET"]}}],"collection":[{"href":"http:\/\/alumno08.shopenlaces.com.es\/alumno08wp\/index.php?rest_route=\/wp\/v2\/pages"}],"about":[{"href":"http:\/\/alumno08.shopenlaces.com.es\/alumno08wp\/index.php?rest_route=\/wp\/v2\/types\/page"}],"author":[{"embeddable":true,"href":"http:\/\/alumno08.shopenlaces.com.es\/alumno08wp\/index.php?rest_route=\/wp\/v2\/users\/1"}],"replies":[{"embeddable":true,"href":"http:\/\/alumno08.shopenlaces.com.es\/alumno08wp\/index.php?rest_route=%2Fwp%2Fv2%2Fcomments&post=905"}],"version-history":[{"count":1,"href":"http:\/\/alumno08.shopenlaces.com.es\/alumno08wp\/index.php?rest_route=\/wp\/v2\/pages\/905\/revisions"}],"predecessor-version":[{"id":911,"href":"http:\/\/alumno08.shopenlaces.com.es\/alumno08wp\/index.php?rest_route=\/wp\/v2\/pages\/905\/revisions\/911"}],"wp:attachment":[{"href":"http:\/\/alumno08.shopenlaces.com.es\/alumno08wp\/index.php?rest_route=%2Fwp%2Fv2%2Fmedia&parent=905"}],"curies":[{"name":"wp","href":"https:\/\/api.w.org\/{rel}","templated":true}]}}