{"id":932,"date":"2026-02-04T16:47:28","date_gmt":"2026-02-04T15:47:28","guid":{"rendered":"http:\/\/alumno08.shopenlaces.com.es\/alumno08wp\/?page_id=932"},"modified":"2026-02-04T16:47:28","modified_gmt":"2026-02-04T15:47:28","slug":"aviso-legal","status":"publish","type":"page","link":"http:\/\/alumno08.shopenlaces.com.es\/alumno08wp\/?page_id=932","title":{"rendered":"Aviso legal"},"content":{"rendered":"\n<h3 class=\"wp-block-heading\">1. Informaci\u00f3n general<\/h3>\n\n\n\n<p>En cumplimiento con el deber de informaci\u00f3n establecido en la Ley 34\/2002, de Servicios de la Sociedad de la Informaci\u00f3n y del Comercio Electr\u00f3nico (LSSI-CE), se facilitan a continuaci\u00f3n los datos identificativos del titular del sitio web:<\/p>\n\n\n\n<ul class=\"wp-block-list\">\n<li><strong>Titular:<\/strong> Click &amp; Papel<\/li>\n\n\n\n<li><strong>CIF\/NIF:<\/strong> B12345678<\/li>\n\n\n\n<li><strong>Domicilio social:<\/strong> Avenida de Madrid, Zaragoza, 50017<\/li>\n\n\n\n<li><strong>Correo electr\u00f3nico:<\/strong> clickypapel@gmail.com<\/li>\n\n\n\n<li><strong>Tel\u00e9fono:<\/strong> (+34) 678 12 34 56<\/li>\n<\/ul>\n\n\n\n<h3 class=\"wp-block-heading\">2. Objeto<\/h3>\n\n\n\n<p>El presente sitio web tiene como objeto ofrecer informaci\u00f3n sobre los productos y servicios de la papeler\u00eda, as\u00ed como permitir la compra online de material de papeler\u00eda, material escolar, de oficina y servicios relacionados.<\/p>\n\n\n\n<h3 class=\"wp-block-heading\">3. Condiciones de uso<\/h3>\n\n\n\n<p>El acceso y uso de este sitio web atribuye la condici\u00f3n de usuario e implica la aceptaci\u00f3n de las condiciones aqu\u00ed reflejadas. El usuario se compromete a utilizar el sitio web de forma l\u00edcita, responsable y conforme a la normativa vigente, la buena fe y el orden p\u00fablico.<\/p>\n\n\n\n<h3 class=\"wp-block-heading\">4. Propiedad intelectual e industrial<\/h3>\n\n\n\n<p>Todos los contenidos del sitio web, incluyendo textos, im\u00e1genes, dise\u00f1os, logotipos, marcas y dem\u00e1s elementos, son titularidad del responsable del sitio web o de terceros autorizados, y est\u00e1n protegidos por la normativa de propiedad intelectual e industrial. Queda prohibida su reproducci\u00f3n, distribuci\u00f3n o modificaci\u00f3n sin autorizaci\u00f3n expresa.<\/p>\n\n\n\n<h3 class=\"wp-block-heading\">5. Responsabilidad<\/h3>\n\n\n\n<p>El titular del sitio web no se hace responsable del mal uso que se realice de los contenidos del sitio web ni de los da\u00f1os derivados del acceso o uso del mismo. Tampoco garantiza la inexistencia de errores t\u00e9cnicos, interrupciones del servicio o virus inform\u00e1ticos, aunque se compromete a adoptar las medidas necesarias para evitarlos.<\/p>\n\n\n\n<h3 class=\"wp-block-heading\">6. Enlaces a terceros<\/h3>\n\n\n\n<p>Este sitio web puede contener enlaces a p\u00e1ginas web de terceros. El titular no se responsabiliza del contenido, pol\u00edticas o pr\u00e1cticas de dichos sitios, siendo el usuario quien accede bajo su propia responsabilidad.<\/p>\n\n\n\n<h3 class=\"wp-block-heading\">7. Protecci\u00f3n de datos<\/h3>\n\n\n\n<p>El tratamiento de los datos personales del usuario se realizar\u00e1 conforme a lo dispuesto en la normativa vigente en materia de protecci\u00f3n de datos. Para m\u00e1s informaci\u00f3n, el usuario puede consultar la <strong>Pol\u00edtica de Privacidad<\/strong> disponible en este sitio web.<\/p>\n\n\n\n<h3 class=\"wp-block-heading\">8. Uso de cookies<\/h3>\n\n\n\n<p>Este sitio web utiliza cookies propias y de terceros. Para m\u00e1s informaci\u00f3n sobre su uso, el usuario puede consultar la <strong>Pol\u00edtica de Cookies<\/strong> disponible en el sitio web.<\/p>\n\n\n\n<h3 class=\"wp-block-heading\">9. Legislaci\u00f3n aplicable y jurisdicci\u00f3n<\/h3>\n\n\n\n<p>El presente Aviso Legal se rige por la legislaci\u00f3n espa\u00f1ola. Para la resoluci\u00f3n de cualquier conflicto que pudiera derivarse del acceso o uso del sitio web, las partes se someten a los juzgados y tribunales que correspondan conforme a la normativa vigente.<\/p>\n","protected":false},"excerpt":{"rendered":"<p>1. Informaci\u00f3n general En cumplimiento con el deber de informaci\u00f3n establecido en la Ley 34\/2002, de Servicios de la Sociedad de la Informaci\u00f3n y del Comercio Electr\u00f3nico (LSSI-CE), se facilitan a continuaci\u00f3n los datos identificativos del titular del sitio web: 2. Objeto El presente sitio web tiene como objeto ofrecer informaci\u00f3n sobre los productos y [&hellip;]<\/p>\n","protected":false},"author":1,"featured_media":0,"parent":0,"menu_order":0,"comment_status":"closed","ping_status":"closed","template":"","meta":{"footnotes":""},"class_list":["post-932","page","type-page","status-publish","hentry"],"blocksy_meta":[],"_links":{"self":[{"href":"http:\/\/alumno08.shopenlaces.com.es\/alumno08wp\/index.php?rest_route=\/wp\/v2\/pages\/932","targetHints":{"allow":["GET"]}}],"collection":[{"href":"http:\/\/alumno08.shopenlaces.com.es\/alumno08wp\/index.php?rest_route=\/wp\/v2\/pages"}],"about":[{"href":"http:\/\/alumno08.shopenlaces.com.es\/alumno08wp\/index.php?rest_route=\/wp\/v2\/types\/page"}],"author":[{"embeddable":true,"href":"http:\/\/alumno08.shopenlaces.com.es\/alumno08wp\/index.php?rest_route=\/wp\/v2\/users\/1"}],"replies":[{"embeddable":true,"href":"http:\/\/alumno08.shopenlaces.com.es\/alumno08wp\/index.php?rest_route=%2Fwp%2Fv2%2Fcomments&post=932"}],"version-history":[{"count":1,"href":"http:\/\/alumno08.shopenlaces.com.es\/alumno08wp\/index.php?rest_route=\/wp\/v2\/pages\/932\/revisions"}],"predecessor-version":[{"id":933,"href":"http:\/\/alumno08.shopenlaces.com.es\/alumno08wp\/index.php?rest_route=\/wp\/v2\/pages\/932\/revisions\/933"}],"wp:attachment":[{"href":"http:\/\/alumno08.shopenlaces.com.es\/alumno08wp\/index.php?rest_route=%2Fwp%2Fv2%2Fmedia&parent=932"}],"curies":[{"name":"wp","href":"https:\/\/api.w.org\/{rel}","templated":true}]}}